{"id":1395,"date":"2024-05-10T01:06:50","date_gmt":"2024-05-10T01:06:50","guid":{"rendered":"https:\/\/sculptureshome.com\/product\/modern-interior-living-room-wall-decoration-stone-relief-angel-statues-hand-carved-marble-angel-wall-sculpture\/"},"modified":"2024-05-10T01:36:31","modified_gmt":"2024-05-10T01:36:31","slug":"decoration-murale-interieur-moderne-decoration-murale-interieur-moderne-decoration-murale-interieur-moderne-decoration-murale-interieur-moderne-decoration-murale-interieur-moderne-decoration-murale-in","status":"publish","type":"product","link":"https:\/\/sculptureshome.com\/fr\/product\/modern-interior-living-room-wall-decoration-stone-relief-angel-statues-hand-carved-marble-angel-wall-sculpture\/","title":{"rendered":"D\u00e9coration int\u00e9rieure moderne d'un salon D\u00e9coration murale en pierre Relief"},"content":{"rendered":"<ul>\n<li><strong>Garantie : <\/strong> Plus de 5 ans<\/li>\n<li><strong>Service apr\u00e8s-vente : <\/strong> Assistance technique en ligne, pi\u00e8ces de rechange gratuites<\/li>\n<li><strong>Capacit\u00e9 de solution de projet : <\/strong> conception graphique, conception de mod\u00e8les 3D, solution globale pour les projets<\/li>\n<li><strong>Application : <\/strong> Hotel, Home Resturant Hotel Bar Villa<\/li>\n<li><strong>Style de conception : <\/strong> Moderne<\/li>\n<li><strong>Nom de marque : Sculptureshome<\/strong><\/li>\n<li><strong>Num\u00e9ro de mod\u00e8le : <\/strong> CN20-81204<\/li>\n<li><strong>Nom du produit : <\/strong> sculpture murale en relief en marbre<\/li>\n<li><strong>Mat\u00e9riau : <\/strong> Granit\/Marbre\/Pierre<\/li>\n<li><strong>Couleur : <\/strong> blanc\/beige\/noir<\/li>\n<li><strong>Utilisation : <\/strong> Ext\u00e9rieur\/famille\/jardin\/parc...<\/li>\n<li><strong>Taille : <\/strong> Taille personnalis\u00e9e<\/li>\n<li><strong>Style : <\/strong> Europ\u00e9en<\/li>\n<li><strong>Emballage : <\/strong> Caisse en bois solide<\/li>\n<li><strong>technique : <\/strong> sculpt\u00e9 \u00e0 la main<\/li>\n<li><strong>MOQ : <\/strong> 1 pi\u00e8ce<\/li>\n<\/ul>","protected":false},"excerpt":{"rendered":"<p>Warranty : More than 5 years After-sale Service : Online technical support, Free spare parts Project Solution Capability : graphic design, 3D model design, total solution for projects Application : Hotel, Home Resturant Hotel Bar Villa Design Style : Modern Brand Name : Sculptureshome Model Number : CN20-81204 Product Name : marble wall relief sculpture [&hellip;]<\/p>\n","protected":false},"featured_media":1394,"comment_status":"open","ping_status":"closed","template":"","meta":[],"product_brand":[],"product_cat":[43],"product_tag":[44,45,47],"class_list":{"0":"post-1395","1":"product","2":"type-product","3":"status-publish","4":"has-post-thumbnail","6":"product_cat-custom-stone-sculpture-maker","7":"product_tag-stone","8":"product_tag-stone-carvings-and-sculptures","9":"product_tag-stone-reliefs","11":"first","12":"instock","13":"shipping-taxable","14":"product-type-simple"},"_links":{"self":[{"href":"https:\/\/sculptureshome.com\/fr\/wp-json\/wp\/v2\/product\/1395","targetHints":{"allow":["GET"]}}],"collection":[{"href":"https:\/\/sculptureshome.com\/fr\/wp-json\/wp\/v2\/product"}],"about":[{"href":"https:\/\/sculptureshome.com\/fr\/wp-json\/wp\/v2\/types\/product"}],"replies":[{"embeddable":true,"href":"https:\/\/sculptureshome.com\/fr\/wp-json\/wp\/v2\/comments?post=1395"}],"version-history":[{"count":0,"href":"https:\/\/sculptureshome.com\/fr\/wp-json\/wp\/v2\/product\/1395\/revisions"}],"wp:featuredmedia":[{"embeddable":true,"href":"https:\/\/sculptureshome.com\/fr\/wp-json\/wp\/v2\/media\/1394"}],"wp:attachment":[{"href":"https:\/\/sculptureshome.com\/fr\/wp-json\/wp\/v2\/media?parent=1395"}],"wp:term":[{"taxonomy":"product_brand","embeddable":true,"href":"https:\/\/sculptureshome.com\/fr\/wp-json\/wp\/v2\/product_brand?post=1395"},{"taxonomy":"product_cat","embeddable":true,"href":"https:\/\/sculptureshome.com\/fr\/wp-json\/wp\/v2\/product_cat?post=1395"},{"taxonomy":"product_tag","embeddable":true,"href":"https:\/\/sculptureshome.com\/fr\/wp-json\/wp\/v2\/product_tag?post=1395"}],"curies":[{"name":"wp","href":"https:\/\/api.w.org\/{rel}","templated":true}]}}