{"id":1364,"date":"2024-05-10T01:01:29","date_gmt":"2024-05-10T01:01:29","guid":{"rendered":"https:\/\/sculptureshome.com\/product\/outdoor-life-size-natural-stone-white-marble-naked-thinking-man-statue-sculpture\/"},"modified":"2024-05-10T01:48:20","modified_gmt":"2024-05-10T01:48:20","slug":"statue-de-lhomme-pensant-en-marbre-blanc-grandeur-nature-a-lexterieur-en-pierre-naturelle","status":"publish","type":"product","link":"https:\/\/sculptureshome.com\/fr\/product\/outdoor-life-size-natural-stone-white-marble-naked-thinking-man-statue-sculpture\/","title":{"rendered":"Sculpture d'ext\u00e9rieur grandeur nature en pierre naturelle marbre blanc homme nu qui r\u00e9fl\u00e9chit"},"content":{"rendered":"<ul>\n<li><strong>Garantie : <\/strong> 1 an<\/li>\n<li><strong>Service apr\u00e8s-vente : <\/strong> Retour et remplacement<\/li>\n<li><strong>Capacit\u00e9 de solution de projet : <\/strong> conception graphique<\/li>\n<li><strong>Application : <\/strong> Parc<\/li>\n<li><strong>Style de conception : <\/strong> Moderne<\/li>\n<li><strong>Nom de marque : Sculptureshome<\/strong><\/li>\n<li><strong>Num\u00e9ro de mod\u00e8le : <\/strong> MS5115 Grandes sculptures<\/li>\n<li><strong>Style : <\/strong> Naturel<\/li>\n<li><strong>Type : <\/strong> Statues<\/li>\n<li><strong>Mat\u00e9riau : <\/strong> Marbre blanc<\/li>\n<li><strong>Surface : <\/strong> Sculpture \u00e0 la main<\/li>\n<li><strong>Styles : <\/strong> Occidentale<\/li>\n<li><strong>Service : <\/strong> Peut fournir une conception individualis\u00e9e<\/li>\n<li><strong>Couleur : <\/strong> blanc<\/li>\n<li><strong>Transport : <\/strong> Par mer<\/li>\n<li><strong>D\u00e9lai de livraison : <\/strong> 15 jours<\/li>\n<li><strong>MOQ : <\/strong> 1 ensemble<\/li>\n<li><strong>Mod\u00e8le d'argile : <\/strong> Disponible sur demande<\/li>\n<\/ul>","protected":false},"excerpt":{"rendered":"<p>Warranty : 1 Year After-sale Service : Return and Replacement Project Solution Capability : graphic design Application : Park Design Style : Modern Brand Name : Sculptureshome Model Number : MS5115 Large sculptures Style : Natural Type : Statues Material : White Marble Surface : Hand-carving Styles : Western Service : Can provide individualized design [&hellip;]<\/p>\n","protected":false},"featured_media":1363,"comment_status":"open","ping_status":"closed","template":"","meta":[],"product_brand":[],"product_cat":[24,43],"product_tag":[46,44,45],"class_list":{"0":"post-1364","1":"product","2":"type-product","3":"status-publish","4":"has-post-thumbnail","6":"product_cat-human-statue","7":"product_cat-custom-stone-sculpture-maker","8":"product_tag-statues","9":"product_tag-stone","10":"product_tag-stone-carvings-and-sculptures","12":"first","13":"instock","14":"shipping-taxable","15":"product-type-simple"},"_links":{"self":[{"href":"https:\/\/sculptureshome.com\/fr\/wp-json\/wp\/v2\/product\/1364","targetHints":{"allow":["GET"]}}],"collection":[{"href":"https:\/\/sculptureshome.com\/fr\/wp-json\/wp\/v2\/product"}],"about":[{"href":"https:\/\/sculptureshome.com\/fr\/wp-json\/wp\/v2\/types\/product"}],"replies":[{"embeddable":true,"href":"https:\/\/sculptureshome.com\/fr\/wp-json\/wp\/v2\/comments?post=1364"}],"version-history":[{"count":0,"href":"https:\/\/sculptureshome.com\/fr\/wp-json\/wp\/v2\/product\/1364\/revisions"}],"wp:featuredmedia":[{"embeddable":true,"href":"https:\/\/sculptureshome.com\/fr\/wp-json\/wp\/v2\/media\/1363"}],"wp:attachment":[{"href":"https:\/\/sculptureshome.com\/fr\/wp-json\/wp\/v2\/media?parent=1364"}],"wp:term":[{"taxonomy":"product_brand","embeddable":true,"href":"https:\/\/sculptureshome.com\/fr\/wp-json\/wp\/v2\/product_brand?post=1364"},{"taxonomy":"product_cat","embeddable":true,"href":"https:\/\/sculptureshome.com\/fr\/wp-json\/wp\/v2\/product_cat?post=1364"},{"taxonomy":"product_tag","embeddable":true,"href":"https:\/\/sculptureshome.com\/fr\/wp-json\/wp\/v2\/product_tag?post=1364"}],"curies":[{"name":"wp","href":"https:\/\/api.w.org\/{rel}","templated":true}]}}