{"id":134,"date":"2024-01-15T06:53:08","date_gmt":"2024-01-15T06:53:08","guid":{"rendered":"https:\/\/sculptureshome.com\/?post_type=product&#038;p=134"},"modified":"2024-02-10T06:29:07","modified_gmt":"2024-02-10T06:29:07","slug":"couleur-personnalisee-brillant-3d-pop-art-resine-chien","status":"publish","type":"product","link":"https:\/\/sculptureshome.com\/fr\/product\/custom-color-shinny-glossy-3d-pop-art-resin-dog\/","title":{"rendered":"Chien en r\u00e9sine pop art 3D brillante de couleur personnalis\u00e9e"},"content":{"rendered":"<h4>Attributs sp\u00e9cifiques \u00e0 l'industrie<\/h4>\n<div class=\"attribute-list\">\n<div class=\"attribute-item\">\n<div class=\"left\">Type de produit : SCULPTURE<\/div>\n<\/div>\n<div class=\"attribute-item\">\n<div class=\"left\">Th\u00e8me : Autres<\/div>\n<div class=\"right\">\n<h4>Autres caract\u00e9ristiques<\/h4>\n<\/div>\n<\/div>\n<\/div>\n<div class=\"attribute-list\">\n<div class=\"attribute-item\">\n<div class=\"left\">Lieu d'origine : Shenzhen, Chine<\/div>\n<\/div>\n<div class=\"attribute-item\">\n<div class=\"left\">Mat\u00e9riau : R\u00e9sine<\/div>\n<div class=\"right\">Style : Art populaire<\/div>\n<div>Utilisation : D\u00e9coration int\u00e9rieure<\/div>\n<\/div>\n<div class=\"attribute-item\">\n<div class=\"left\">Nom de marque : sculptureshome<\/div>\n<\/div>\n<div class=\"attribute-item\">\n<div class=\"left\">Article : POP art chien Sculpture en r\u00e9sine<\/div>\n<div>Taille\uff1a23\u00d79.5x22cm<\/div>\n<\/div>\n<div class=\"attribute-item\">\n<div class=\"left\">Artisanat\uff1aHaute brillance<\/div>\n<\/div>\n<div class=\"attribute-item\">\n<div class=\"left\">Mati\u00e8re\uff1aR\u00e9sine<\/div>\n<div class=\"right\" data-spm-anchor-id=\"a2700.details.0.i84.793419fcsQLuKQ\"><\/div>\n<\/div>\n<\/div>","protected":false},"excerpt":{"rendered":"<p>Attributs sp\u00e9cifiques \u00e0 l'industrie Type de produit : SCULPTURE Th\u00e8me : Autres Autres attributs Lieu d'origine : Shenzhen, Chine Mat\u00e9riau : R\u00e9sine R\u00e9sine Style : Art populaire Utilisation : D\u00e9coration de la maison Nom de marque : sculptureshome Article : POP art dog Resin sculpture Size\uff1a23\u00d79.5x22cm Craft\uff1aHigh Glossy Material\uff1aResin<\/p>","protected":false},"featured_media":141,"comment_status":"open","ping_status":"closed","template":"","meta":[],"product_brand":[],"product_cat":[20,28],"product_tag":[],"class_list":{"0":"post-134","1":"product","2":"type-product","3":"status-publish","4":"has-post-thumbnail","6":"product_cat-art-sculpture","7":"product_cat-resin-sculpture","9":"first","10":"instock","11":"shipping-taxable","12":"product-type-simple"},"_links":{"self":[{"href":"https:\/\/sculptureshome.com\/fr\/wp-json\/wp\/v2\/product\/134","targetHints":{"allow":["GET"]}}],"collection":[{"href":"https:\/\/sculptureshome.com\/fr\/wp-json\/wp\/v2\/product"}],"about":[{"href":"https:\/\/sculptureshome.com\/fr\/wp-json\/wp\/v2\/types\/product"}],"replies":[{"embeddable":true,"href":"https:\/\/sculptureshome.com\/fr\/wp-json\/wp\/v2\/comments?post=134"}],"version-history":[{"count":0,"href":"https:\/\/sculptureshome.com\/fr\/wp-json\/wp\/v2\/product\/134\/revisions"}],"wp:featuredmedia":[{"embeddable":true,"href":"https:\/\/sculptureshome.com\/fr\/wp-json\/wp\/v2\/media\/141"}],"wp:attachment":[{"href":"https:\/\/sculptureshome.com\/fr\/wp-json\/wp\/v2\/media?parent=134"}],"wp:term":[{"taxonomy":"product_brand","embeddable":true,"href":"https:\/\/sculptureshome.com\/fr\/wp-json\/wp\/v2\/product_brand?post=134"},{"taxonomy":"product_cat","embeddable":true,"href":"https:\/\/sculptureshome.com\/fr\/wp-json\/wp\/v2\/product_cat?post=134"},{"taxonomy":"product_tag","embeddable":true,"href":"https:\/\/sculptureshome.com\/fr\/wp-json\/wp\/v2\/product_tag?post=134"}],"curies":[{"name":"wp","href":"https:\/\/api.w.org\/{rel}","templated":true}]}}