{"id":1306,"date":"2024-05-09T07:14:15","date_gmt":"2024-05-09T07:14:15","guid":{"rendered":"https:\/\/sculptureshome.com\/product\/famous-outdoor-decoration-bronze-wall-street-bull-sculpture-bronze-bull-statue\/"},"modified":"2025-05-25T02:44:30","modified_gmt":"2025-05-25T02:44:30","slug":"celebre-decoration-exterieure-murale-en-bronze-sculpture-de-taureau-de-rue-statue-de-taureau-en-bronze","status":"publish","type":"product","link":"https:\/\/sculptureshome.com\/fr\/product\/famous-outdoor-decoration-bronze-wall-street-bull-sculpture-bronze-bull-statue\/","title":{"rendered":"Sculpture de taureau de rue en bronze pour d\u00e9coration ext\u00e9rieure Statue de taureau en bronze"},"content":{"rendered":"<ul>\n<li><strong>Mati\u00e8re : Bronze<\/strong><\/li>\n<li><strong>Type de produit : <\/strong> SCULPTURE<\/li>\n<li><strong>Style : <\/strong> Artificiel, Luxe<\/li>\n<li><strong>Utiliser : <\/strong> Art et objets de collection<\/li>\n<li><strong>Th\u00e8me : <\/strong> Animaux<\/li>\n<li><strong>Caract\u00e9ristiques r\u00e9gionales : <\/strong> L'Europe<\/li>\n<li><strong>Lieu d'origine : <\/strong> Hebei, Chine<\/li>\n<li><strong>Nom de marque : <\/strong>sculptureshome<\/li>\n<li><strong>Num\u00e9ro de mod\u00e8le : <\/strong> Sculpture de taureau de Wall Street<\/li>\n<\/ul>","protected":false},"excerpt":{"rendered":"<p>Mati\u00e8re : Bronze Type de produit : SCULPTURE Style : Artificiel, Luxe Utilisation : Art et collection Th\u00e8me : Animal Caract\u00e9ristique r\u00e9gionale : Europe Lieu d'origine : Hebei, Chine Nom de marque : sculptureshome Num\u00e9ro de mod\u00e8le : Wall Street Bull Sculpture<\/p>","protected":false},"featured_media":1305,"comment_status":"open","ping_status":"closed","template":"","meta":[],"product_brand":[],"product_cat":[28],"product_tag":[40,42],"class_list":{"0":"post-1306","1":"product","2":"type-product","3":"status-publish","4":"has-post-thumbnail","6":"product_cat-resin-sculpture","7":"product_tag-crafts","8":"product_tag-resin-crafts","10":"first","11":"instock","12":"shipping-taxable","13":"product-type-simple"},"_links":{"self":[{"href":"https:\/\/sculptureshome.com\/fr\/wp-json\/wp\/v2\/product\/1306","targetHints":{"allow":["GET"]}}],"collection":[{"href":"https:\/\/sculptureshome.com\/fr\/wp-json\/wp\/v2\/product"}],"about":[{"href":"https:\/\/sculptureshome.com\/fr\/wp-json\/wp\/v2\/types\/product"}],"replies":[{"embeddable":true,"href":"https:\/\/sculptureshome.com\/fr\/wp-json\/wp\/v2\/comments?post=1306"}],"version-history":[{"count":0,"href":"https:\/\/sculptureshome.com\/fr\/wp-json\/wp\/v2\/product\/1306\/revisions"}],"wp:featuredmedia":[{"embeddable":true,"href":"https:\/\/sculptureshome.com\/fr\/wp-json\/wp\/v2\/media\/1305"}],"wp:attachment":[{"href":"https:\/\/sculptureshome.com\/fr\/wp-json\/wp\/v2\/media?parent=1306"}],"wp:term":[{"taxonomy":"product_brand","embeddable":true,"href":"https:\/\/sculptureshome.com\/fr\/wp-json\/wp\/v2\/product_brand?post=1306"},{"taxonomy":"product_cat","embeddable":true,"href":"https:\/\/sculptureshome.com\/fr\/wp-json\/wp\/v2\/product_cat?post=1306"},{"taxonomy":"product_tag","embeddable":true,"href":"https:\/\/sculptureshome.com\/fr\/wp-json\/wp\/v2\/product_tag?post=1306"}],"curies":[{"name":"wp","href":"https:\/\/api.w.org\/{rel}","templated":true}]}}