{"id":1271,"date":"2024-05-09T07:02:10","date_gmt":"2024-05-09T07:02:10","guid":{"rendered":"https:\/\/sculptureshome.com\/product\/the-famous-catholic-religious-sculpture-in-the-church-is-a-life-size-bronze-statue-of-the-homeless-jesus-christ\/"},"modified":"2024-05-09T08:17:18","modified_gmt":"2024-05-09T08:17:18","slug":"la-celebre-sculpture-religieuse-catholique-de-leglise-est-une-statue-de-bronze-grandeur-nature-de-jesus-christ-sans-domicile-fixe","status":"publish","type":"product","link":"https:\/\/sculptureshome.com\/fr\/product\/the-famous-catholic-religious-sculpture-in-the-church-is-a-life-size-bronze-statue-of-the-homeless-jesus-christ\/","title":{"rendered":"La c\u00e9l\u00e8bre sculpture religieuse catholique de l'\u00e9glise est une statue de bronze grandeur nature de J\u00e9sus-Christ sans domicile fixe."},"content":{"rendered":"<ul>\n<li><strong>Mat\u00e9riau : <\/strong> M\u00e9tal<\/li>\n<li><strong>Impression : <\/strong> Impression typographique, h\u00e9liogravure, s\u00e9rigraphie, impression num\u00e9rique, impression offset, gaufrage<\/li>\n<li><strong>M\u00e9thode d'impression : <\/strong> 1 couleur, 2 couleurs, 4 couleurs, 5 couleurs, 6 couleurs<\/li>\n<li><strong>Type : <\/strong> Bronze<\/li>\n<li><strong>Type de produit : <\/strong> Animaux<\/li>\n<li><strong>Technique : <\/strong> Casting<\/li>\n<li><strong>Style : <\/strong> Simulation, Luxe<\/li>\n<li><strong>Utiliser : <\/strong> Art et objets de collection<\/li>\n<li><strong>Th\u00e8me : <\/strong> Art Sculpture d'animaux<\/li>\n<li><strong>Caract\u00e9ristiques r\u00e9gionales : <\/strong> L'Europe<\/li>\n<li><strong>Num\u00e9ro de mod\u00e8le : <\/strong> Statue de J\u00e9sus en bronze<\/li>\n<\/ul>","protected":false},"excerpt":{"rendered":"<p>Material : Metal Printing : Letterpress printing, Gravure printing, Silk screen printing, Digital printing, Offset printing, Embossing printing Print Method : 1 color, 2 color, 4 color, 5 color, 6 color Type : Bronze Product Type : Animal Technique : Casting Style : Simulation, Luxury Use : Art &amp; Collectible Theme : Art Animal Sculpture [&hellip;]<\/p>\n","protected":false},"featured_media":1270,"comment_status":"open","ping_status":"closed","template":"","meta":[],"product_brand":[],"product_cat":[39],"product_tag":[40,41],"class_list":{"0":"post-1271","1":"product","2":"type-product","3":"status-publish","4":"has-post-thumbnail","6":"product_cat-custom-bronze-sculpture-maker","7":"product_tag-crafts","8":"product_tag-metal-crafts","10":"first","11":"instock","12":"shipping-taxable","13":"product-type-simple"},"_links":{"self":[{"href":"https:\/\/sculptureshome.com\/fr\/wp-json\/wp\/v2\/product\/1271","targetHints":{"allow":["GET"]}}],"collection":[{"href":"https:\/\/sculptureshome.com\/fr\/wp-json\/wp\/v2\/product"}],"about":[{"href":"https:\/\/sculptureshome.com\/fr\/wp-json\/wp\/v2\/types\/product"}],"replies":[{"embeddable":true,"href":"https:\/\/sculptureshome.com\/fr\/wp-json\/wp\/v2\/comments?post=1271"}],"version-history":[{"count":0,"href":"https:\/\/sculptureshome.com\/fr\/wp-json\/wp\/v2\/product\/1271\/revisions"}],"wp:featuredmedia":[{"embeddable":true,"href":"https:\/\/sculptureshome.com\/fr\/wp-json\/wp\/v2\/media\/1270"}],"wp:attachment":[{"href":"https:\/\/sculptureshome.com\/fr\/wp-json\/wp\/v2\/media?parent=1271"}],"wp:term":[{"taxonomy":"product_brand","embeddable":true,"href":"https:\/\/sculptureshome.com\/fr\/wp-json\/wp\/v2\/product_brand?post=1271"},{"taxonomy":"product_cat","embeddable":true,"href":"https:\/\/sculptureshome.com\/fr\/wp-json\/wp\/v2\/product_cat?post=1271"},{"taxonomy":"product_tag","embeddable":true,"href":"https:\/\/sculptureshome.com\/fr\/wp-json\/wp\/v2\/product_tag?post=1271"}],"curies":[{"name":"wp","href":"https:\/\/api.w.org\/{rel}","templated":true}]}}