{"id":1262,"date":"2024-05-09T06:54:25","date_gmt":"2024-05-09T06:54:25","guid":{"rendered":"https:\/\/sculptureshome.com\/product\/customized-bronze-statue-renowned-medical-figure-bethune-bronze-statue-art-decoration-ornaments\/"},"modified":"2024-05-10T01:48:05","modified_gmt":"2024-05-10T01:48:05","slug":"statue-en-bronze-personnalisee-figure-medicale-renommee-bethune-statue-en-bronze-art-decoration-ornements","status":"publish","type":"product","link":"https:\/\/sculptureshome.com\/fr\/product\/customized-bronze-statue-renowned-medical-figure-bethune-bronze-statue-art-decoration-ornaments\/","title":{"rendered":"Statue en bronze personnalis\u00e9e Figure m\u00e9dicale renomm\u00e9e Bethune Statue en bronze D\u00e9coration artistique Ornements"},"content":{"rendered":"<ul>\n<li><strong>Mat\u00e9riau : <\/strong> M\u00e9tal<\/li>\n<li><strong>Impression : <\/strong> Impression typographique, h\u00e9liogravure, s\u00e9rigraphie, impression num\u00e9rique, gaufrage<\/li>\n<li><strong>M\u00e9thode d'impression : <\/strong> 1 couleur, 2 couleurs, 4 couleurs, 5 couleurs, 6 couleurs<\/li>\n<li><strong>Type : <\/strong> Bronze<\/li>\n<li><strong>Type de produit : <\/strong> SCULPTURE<\/li>\n<li><strong>Technique : <\/strong> Casting<\/li>\n<li><strong>Style : <\/strong> Statue en bronze, luxe<\/li>\n<li><strong>Utiliser : <\/strong> Art et objets de collection<\/li>\n<li><strong>Th\u00e8me : <\/strong> D\u00e9coration<\/li>\n<li><strong>Caract\u00e9ristiques r\u00e9gionales : <\/strong> L'Europe<\/li>\n<li data-spm-anchor-id=\"a2700.details.0.i80.89715990JZsPz9\"><strong>Nom de marque :<\/strong>\u00a0sculptureshome<\/li>\n<li><strong>Num\u00e9ro de mod\u00e8le : <\/strong> La statue de bronze de Bethune<\/li>\n<\/ul>","protected":false},"excerpt":{"rendered":"<p>Material : Metal Printing : Letterpress printing, Gravure printing, Silk screen printing, Digital printing, Embossing printing Print Method : 1 color, 2 color, 4 color, 5 color, 6 color Type : Bronze Product Type : SCULPTURE Technique : Casting Style : Bronze Statue, Luxury Use : Art &amp; Collectible Theme : Decoration Regional Feature : [&hellip;]<\/p>\n","protected":false},"featured_media":1261,"comment_status":"open","ping_status":"closed","template":"","meta":[],"product_brand":[],"product_cat":[39,24],"product_tag":[40,41],"class_list":{"0":"post-1262","1":"product","2":"type-product","3":"status-publish","4":"has-post-thumbnail","6":"product_cat-custom-bronze-sculpture-maker","7":"product_cat-human-statue","8":"product_tag-crafts","9":"product_tag-metal-crafts","11":"first","12":"instock","13":"shipping-taxable","14":"product-type-simple"},"_links":{"self":[{"href":"https:\/\/sculptureshome.com\/fr\/wp-json\/wp\/v2\/product\/1262","targetHints":{"allow":["GET"]}}],"collection":[{"href":"https:\/\/sculptureshome.com\/fr\/wp-json\/wp\/v2\/product"}],"about":[{"href":"https:\/\/sculptureshome.com\/fr\/wp-json\/wp\/v2\/types\/product"}],"replies":[{"embeddable":true,"href":"https:\/\/sculptureshome.com\/fr\/wp-json\/wp\/v2\/comments?post=1262"}],"version-history":[{"count":0,"href":"https:\/\/sculptureshome.com\/fr\/wp-json\/wp\/v2\/product\/1262\/revisions"}],"wp:featuredmedia":[{"embeddable":true,"href":"https:\/\/sculptureshome.com\/fr\/wp-json\/wp\/v2\/media\/1261"}],"wp:attachment":[{"href":"https:\/\/sculptureshome.com\/fr\/wp-json\/wp\/v2\/media?parent=1262"}],"wp:term":[{"taxonomy":"product_brand","embeddable":true,"href":"https:\/\/sculptureshome.com\/fr\/wp-json\/wp\/v2\/product_brand?post=1262"},{"taxonomy":"product_cat","embeddable":true,"href":"https:\/\/sculptureshome.com\/fr\/wp-json\/wp\/v2\/product_cat?post=1262"},{"taxonomy":"product_tag","embeddable":true,"href":"https:\/\/sculptureshome.com\/fr\/wp-json\/wp\/v2\/product_tag?post=1262"}],"curies":[{"name":"wp","href":"https:\/\/api.w.org\/{rel}","templated":true}]}}