{"id":125,"date":"2024-01-15T06:30:34","date_gmt":"2024-01-15T06:30:34","guid":{"rendered":"https:\/\/sculptureshome.com\/?post_type=product&#038;p=125"},"modified":"2024-01-15T06:30:34","modified_gmt":"2024-01-15T06:30:34","slug":"sculpture-dart-abstrait-decoration-or-statue-de-penseur-pour-decoration-dinterieur","status":"publish","type":"product","link":"https:\/\/sculptureshome.com\/fr\/product\/abstract-art-sculpture-gold-decor-thinker-statue-for-indoor-decorations\/","title":{"rendered":"Sculpture d'art abstrait D\u00e9cor dor\u00e9 Statue de penseur pour d\u00e9corations d'int\u00e9rieur"},"content":{"rendered":"<h3 id=\"key-attributes\" class=\"att-title\"><span style=\"font-size: 16px;\">Sp\u00e9cifique \u00e0 l'industrie<\/span><span style=\"font-size: 16px;\"> attributs<\/span><\/h3>\n<div class=\"attribute-info\" data-spm-anchor-id=\"a2700.details.0.i85.682d65adK3ZKgH\">\n<div class=\"attribute-list\">\n<div class=\"attribute-item\">\n<div class=\"left\">Type de produit : Figurine<\/div>\n<\/div>\n<div class=\"attribute-item\">\n<div class=\"left\">Th\u00e8me : L'amour<\/div>\n<\/div>\n<\/div>\n<h4>Autres caract\u00e9ristiques<\/h4>\n<div class=\"attribute-list\">\n<div class=\"attribute-item\">\n<div class=\"left\">Lieu d'origine : Shenzhen, Chine<\/div>\n<\/div>\n<div class=\"attribute-item\">\n<div class=\"left\">Mat\u00e9riau : R\u00e9sine<\/div>\n<\/div>\n<div class=\"attribute-item\">\n<div class=\"left\">Style : <span data-spm-anchor-id=\"a2700.details.0.i86.682d65adK3ZKgH\">Artificiel<\/span><\/div>\n<\/div>\n<div class=\"attribute-item\">\n<div class=\"left\">Utiliser : <span data-spm-anchor-id=\"a2700.details.0.i88.682d65adK3ZKgH\">D\u00e9coration int\u00e9rieure<\/span><\/div>\n<\/div>\n<div class=\"attribute-item\">\n<div class=\"right\">Nom de marque : sculptureshome<\/div>\n<\/div>\n<div class=\"attribute-item\">\n<div class=\"left\">Poids du produit : 0,2 KG<\/div>\n<\/div>\n<div class=\"attribute-item\">\n<div class=\"left\">Processus : Fait \u00e0 la main<\/div>\n<\/div>\n<div class=\"attribute-item\">\n<div class=\"left\">Utilisation : D\u00e9coration int\u00e9rieure, cadeaux, vases, etc.<\/div>\n<\/div>\n<div class=\"attribute-item\">\n<div class=\"left\">Certification : CA65, ISO9001, Sedex<\/div>\n<\/div>\n<div class=\"attribute-item\">\n<div class=\"left\">OEM et ODM : accept\u00e9s<\/div>\n<\/div>\n<div class=\"attribute-item\">\n<div class=\"left\">D\u00e9lai d'\u00e9chantillonnage : 7-15 jours<\/div>\n<\/div>\n<div class=\"attribute-item\"><\/div>\n<div class=\"attribute-item\">\n<div class=\"right\" data-spm-anchor-id=\"a2700.details.0.i93.682d65adK3ZKgH\"><\/div>\n<\/div>\n<\/div>\n<\/div>","protected":false},"excerpt":{"rendered":"<p>Attributs sp\u00e9cifiques \u00e0 l'industrie Type de produit : Figurine Th\u00e8me : Amour Autres attributs Lieu d'origine : Shenzhen, Chine Mat\u00e9riau : R\u00e9sine R\u00e9sine Style : Artificiel Utilisation : D\u00e9coration de la maison Marque : sculptureshome Poids du produit : 0.2 KG Proc\u00e9d\u00e9 : Fait \u00e0 la main Utilisation : D\u00e9coration int\u00e9rieure, cadeaux, vases, etc. Certification : CA65, ISO9001, Sedex OEM &amp; ODM : Acceptation de l'\u00e9chantillon D\u00e9lai : 7-15 jours<\/p>","protected":false},"featured_media":127,"comment_status":"open","ping_status":"closed","template":"","meta":[],"product_brand":[],"product_cat":[20],"product_tag":[],"class_list":{"0":"post-125","1":"product","2":"type-product","3":"status-publish","4":"has-post-thumbnail","6":"product_cat-art-sculpture","8":"first","9":"instock","10":"shipping-taxable","11":"product-type-simple"},"_links":{"self":[{"href":"https:\/\/sculptureshome.com\/fr\/wp-json\/wp\/v2\/product\/125","targetHints":{"allow":["GET"]}}],"collection":[{"href":"https:\/\/sculptureshome.com\/fr\/wp-json\/wp\/v2\/product"}],"about":[{"href":"https:\/\/sculptureshome.com\/fr\/wp-json\/wp\/v2\/types\/product"}],"replies":[{"embeddable":true,"href":"https:\/\/sculptureshome.com\/fr\/wp-json\/wp\/v2\/comments?post=125"}],"version-history":[{"count":0,"href":"https:\/\/sculptureshome.com\/fr\/wp-json\/wp\/v2\/product\/125\/revisions"}],"wp:featuredmedia":[{"embeddable":true,"href":"https:\/\/sculptureshome.com\/fr\/wp-json\/wp\/v2\/media\/127"}],"wp:attachment":[{"href":"https:\/\/sculptureshome.com\/fr\/wp-json\/wp\/v2\/media?parent=125"}],"wp:term":[{"taxonomy":"product_brand","embeddable":true,"href":"https:\/\/sculptureshome.com\/fr\/wp-json\/wp\/v2\/product_brand?post=125"},{"taxonomy":"product_cat","embeddable":true,"href":"https:\/\/sculptureshome.com\/fr\/wp-json\/wp\/v2\/product_cat?post=125"},{"taxonomy":"product_tag","embeddable":true,"href":"https:\/\/sculptureshome.com\/fr\/wp-json\/wp\/v2\/product_tag?post=125"}],"curies":[{"name":"wp","href":"https:\/\/api.w.org\/{rel}","templated":true}]}}