{"id":864,"date":"2024-01-30T12:53:04","date_gmt":"2024-01-30T12:53:04","guid":{"rendered":"https:\/\/sculptureshome.com\/?page_id=864"},"modified":"2024-06-25T10:03:51","modified_gmt":"2024-06-25T10:03:51","slug":"notre-histoire","status":"publish","type":"page","link":"https:\/\/sculptureshome.com\/fr\/our-story\/","title":{"rendered":"Notre histoire"},"content":{"rendered":"<div data-elementor-type=\"wp-page\" data-elementor-id=\"864\" class=\"elementor elementor-864\" data-elementor-post-type=\"page\">\n\t\t\t\t<div class=\"elementor-element elementor-element-cbbe34e e-flex e-con-boxed e-con e-parent\" data-id=\"cbbe34e\" data-element_type=\"container\" data-e-type=\"container\">\n\t\t\t\t\t<div class=\"e-con-inner\">\n\t\t\t\t<div class=\"elementor-element elementor-element-4804c53 elementor-widget elementor-widget-heading\" data-id=\"4804c53\" data-element_type=\"widget\" data-e-type=\"widget\" data-widget_type=\"heading.default\">\n\t\t\t\t\t<h2 class=\"elementor-heading-title elementor-size-default\">Notre histoire<\/h2>\t\t\t\t<\/div>\n\t\t\t\t\t<\/div>\n\t\t\t\t<\/div>\n\t\t<div class=\"elementor-element elementor-element-38d67a5 e-flex e-con-boxed e-con e-parent\" data-id=\"38d67a5\" data-element_type=\"container\" data-e-type=\"container\">\n\t\t\t\t\t<div class=\"e-con-inner\">\n\t\t<div class=\"elementor-element elementor-element-a52ffaa e-con-full e-flex e-con e-child\" data-id=\"a52ffaa\" data-element_type=\"container\" data-e-type=\"container\">\n\t\t\t\t<div class=\"elementor-element elementor-element-eda4c95 elementor-widget elementor-widget-text-editor\" data-id=\"eda4c95\" data-element_type=\"widget\" data-e-type=\"widget\" data-widget_type=\"text-editor.default\">\n\t\t\t\t\t\t\t\t\t<p>Dans une ville pleine de cr\u00e9ativit\u00e9 et de vitalit\u00e9, il y a une usine sp\u00e9cialis\u00e9e dans la sculpture, et au c\u0153ur de cet endroit se trouve Leo, un sculpteur dipl\u00f4m\u00e9 de l'Acad\u00e9mie des beaux-arts qui a non seulement une compr\u00e9hension approfondie des techniques de sculpture traditionnelles, mais qui a aussi une passion pour l'incorporation de la technologie de pointe dans la cr\u00e9ation de sculptures. Il s'agit d'une histoire sur la combinaison de l'art et de la technologie, et sur la symbiose entre le d\u00e9veloppement personnel et le d\u00e9veloppement de l'entreprise.<\/p><p>L'\u00e9ducation de Leo \u00e0 l'Acad\u00e9mie des beaux-arts lui a fourni une base solide pour sa carri\u00e8re artistique. Son travail t\u00e9moigne d'un sens aigu de la forme et de la texture, ce qui lui a valu d'\u00eatre remarqu\u00e9 par les \u00e9tudiants et le corps enseignant alors qu'il \u00e9tait encore \u00e0 l'\u00e9cole.<br \/>R\u00e9ussite pr\u00e9coce sur le lieu de travail<\/p>\t\t\t\t\t\t\t\t<\/div>\n\t\t\t\t<\/div>\n\t\t<div class=\"elementor-element elementor-element-1d57cf0 e-con-full e-flex e-con e-child\" data-id=\"1d57cf0\" data-element_type=\"container\" data-e-type=\"container\">\n\t\t\t\t<div class=\"elementor-element elementor-element-1fd8176 elementor-widget elementor-widget-image\" data-id=\"1fd8176\" data-element_type=\"widget\" data-e-type=\"widget\" data-widget_type=\"image.default\">\n\t\t\t\t\t\t\t\t\t\t\t\t\t\t\t<img fetchpriority=\"high\" decoding=\"async\" width=\"800\" height=\"776\" src=\"https:\/\/sculptureshome.com\/wp-content\/uploads\/2024\/02\/our-story.png\" class=\"attachment-large size-large wp-image-1053\" alt=\"\" srcset=\"https:\/\/sculptureshome.com\/wp-content\/uploads\/2024\/02\/our-story.png 1003w, https:\/\/sculptureshome.com\/wp-content\/uploads\/2024\/02\/our-story-300x291.png 300w, https:\/\/sculptureshome.com\/wp-content\/uploads\/2024\/02\/our-story-768x745.png 768w, https:\/\/sculptureshome.com\/wp-content\/uploads\/2024\/02\/our-story-600x582.png 600w\" sizes=\"(max-width: 800px) 100vw, 800px\" title=\"\">\t\t\t\t\t\t\t\t\t\t\t\t\t\t\t<\/div>\n\t\t\t\t<\/div>\n\t\t\t\t\t<\/div>\n\t\t\t\t<\/div>\n\t\t<div class=\"elementor-element elementor-element-4ad764d e-flex e-con-boxed e-con e-parent\" data-id=\"4ad764d\" data-element_type=\"container\" data-e-type=\"container\">\n\t\t\t\t\t<div class=\"e-con-inner\">\n\t\t\t\t<div class=\"elementor-element elementor-element-a9145e8 elementor-widget elementor-widget-heading\" data-id=\"a9145e8\" data-element_type=\"widget\" data-e-type=\"widget\" data-widget_type=\"heading.default\">\n\t\t\t\t\t<h2 class=\"elementor-heading-title elementor-size-default\">R\u00e9ussite pr\u00e9coce sur le lieu de travail<\/h2>\t\t\t\t<\/div>\n\t\t\t\t\t<\/div>\n\t\t\t\t<\/div>\n\t\t<div class=\"elementor-element elementor-element-b11fb31 e-flex e-con-boxed e-con e-parent\" data-id=\"b11fb31\" data-element_type=\"container\" data-e-type=\"container\">\n\t\t\t\t\t<div class=\"e-con-inner\">\n\t\t\t\t<div class=\"elementor-element elementor-element-5de6c21 elementor-widget elementor-widget-text-editor\" data-id=\"5de6c21\" data-element_type=\"widget\" data-e-type=\"widget\" data-widget_type=\"text-editor.default\">\n\t\t\t\t\t\t\t\t\t<p>Apr\u00e8s avoir obtenu son dipl\u00f4me, Leo a rejoint la famille de sculptureshome. Gr\u00e2ce aux comp\u00e9tences qu'il a acquises \u00e0 l'acad\u00e9mie et \u00e0 sa compr\u00e9hension unique des mat\u00e9riaux, ses sculptures ont rapidement \u00e9t\u00e9 accueillies favorablement par le march\u00e9. Ses sculptures font non seulement preuve d'une excellente technique, mais r\u00e9v\u00e8lent \u00e9galement des concepts de design innovants. C'est ainsi qu'il a rapidement acquis une certaine position sur le march\u00e9 national. Mais ce n'est pas tout.<\/p>\t\t\t\t\t\t\t\t<\/div>\n\t\t\t\t\t<\/div>\n\t\t\t\t<\/div>\n\t\t<div class=\"elementor-element elementor-element-28da600 e-flex e-con-boxed e-con e-parent\" data-id=\"28da600\" data-element_type=\"container\" data-e-type=\"container\">\n\t\t\t\t\t<div class=\"e-con-inner\">\n\t\t\t\t<div class=\"elementor-element elementor-element-cd4a7c4 elementor-widget elementor-widget-heading\" data-id=\"cd4a7c4\" data-element_type=\"widget\" data-e-type=\"widget\" data-widget_type=\"heading.default\">\n\t\t\t\t\t<h2 class=\"elementor-heading-title elementor-size-default\">Le tournant vers le partenariat<\/h2>\t\t\t\t<\/div>\n\t\t\t\t\t<\/div>\n\t\t\t\t<\/div>\n\t\t<div class=\"elementor-element elementor-element-dd438f0 e-flex e-con-boxed e-con e-parent\" data-id=\"dd438f0\" data-element_type=\"container\" data-e-type=\"container\">\n\t\t\t\t\t<div class=\"e-con-inner\">\n\t\t\t\t<div class=\"elementor-element elementor-element-90012a9 elementor-widget elementor-widget-text-editor\" data-id=\"90012a9\" data-element_type=\"widget\" data-e-type=\"widget\" data-widget_type=\"text-editor.default\">\n\t\t\t\t\t\t\t\t\t<p style=\"text-align: left;\">Le travail de Leo ayant permis \u00e0 l'usine d'attirer un grand nombre de clients et de g\u00e9n\u00e9rer des revenus consid\u00e9rables pour l'entreprise, il est rapidement devenu associ\u00e9. Ce changement de statut reconna\u00eet non seulement ses comp\u00e9tences personnelles, mais aussi sa contribution \u00e0 l'usine.<\/p>\t\t\t\t\t\t\t\t<\/div>\n\t\t\t\t\t<\/div>\n\t\t\t\t<\/div>\n\t\t<div class=\"elementor-element elementor-element-9bde3d2 e-flex e-con-boxed e-con e-parent\" data-id=\"9bde3d2\" data-element_type=\"container\" data-e-type=\"container\">\n\t\t\t\t\t<div class=\"e-con-inner\">\n\t\t\t\t<div class=\"elementor-element elementor-element-30b6d90 elementor-widget elementor-widget-heading\" data-id=\"30b6d90\" data-element_type=\"widget\" data-e-type=\"widget\" data-widget_type=\"heading.default\">\n\t\t\t\t\t<h2 class=\"elementor-heading-title elementor-size-default\">Moteur de l'innovation technologique<\/h2>\t\t\t\t<\/div>\n\t\t\t\t\t<\/div>\n\t\t\t\t<\/div>\n\t\t<div class=\"elementor-element elementor-element-47d73ab e-flex e-con-boxed e-con e-parent\" data-id=\"47d73ab\" data-element_type=\"container\" data-e-type=\"container\">\n\t\t\t\t\t<div class=\"e-con-inner\">\n\t\t\t\t<div class=\"elementor-element elementor-element-36f1152 elementor-widget elementor-widget-text-editor\" data-id=\"36f1152\" data-element_type=\"widget\" data-e-type=\"widget\" data-widget_type=\"text-editor.default\">\n\t\t\t\t\t\t\t\t\t<p>En tant que partenaire, Leo a commenc\u00e9 \u00e0 explorer activement les possibilit\u00e9s d'appliquer la technologie moderne \u00e0 la sculpture traditionnelle. Il a introduit la technologie de l'impression 3D, combinant ce moyen innovant avec les techniques de sculpture traditionnelles, apportant une nouvelle vie \u00e0 la ligne de produits de l'usine.<\/p><p>Sous l'impulsion de Leo, les sculptures de l'usine ont commenc\u00e9 \u00e0 prendre un style unique - la d\u00e9licatesse et la profondeur de la sculpture traditionnelle, mais aussi la nouveaut\u00e9 et l'efficacit\u00e9 apport\u00e9es par la technologie moderne. Cette fusion des styles a rendu les \u0153uvres de l'usine plus populaires sur le march\u00e9.<\/p>\t\t\t\t\t\t\t\t<\/div>\n\t\t\t\t\t<\/div>\n\t\t\t\t<\/div>\n\t\t<div class=\"elementor-element elementor-element-7a40235 e-flex e-con-boxed e-con e-parent\" data-id=\"7a40235\" data-element_type=\"container\" data-e-type=\"container\">\n\t\t\t\t\t<div class=\"e-con-inner\">\n\t\t<div class=\"elementor-element elementor-element-64cefa5 e-con-full e-flex e-con e-child\" data-id=\"64cefa5\" data-element_type=\"container\" data-e-type=\"container\">\n\t\t\t\t<div class=\"elementor-element elementor-element-fdf2688 elementor-widget elementor-widget-image\" data-id=\"fdf2688\" data-element_type=\"widget\" data-e-type=\"widget\" data-widget_type=\"image.default\">\n\t\t\t\t\t\t\t\t\t\t\t\t\t\t\t<img decoding=\"async\" width=\"800\" height=\"600\" src=\"https:\/\/sculptureshome.com\/wp-content\/uploads\/2024\/01\/mmexport1682444858808-1024x768.jpg\" class=\"attachment-large size-large wp-image-872\" alt=\"\" srcset=\"https:\/\/sculptureshome.com\/wp-content\/uploads\/2024\/01\/mmexport1682444858808-1024x768.jpg 1024w, https:\/\/sculptureshome.com\/wp-content\/uploads\/2024\/01\/mmexport1682444858808-300x225.jpg 300w, https:\/\/sculptureshome.com\/wp-content\/uploads\/2024\/01\/mmexport1682444858808-768x576.jpg 768w, https:\/\/sculptureshome.com\/wp-content\/uploads\/2024\/01\/mmexport1682444858808-600x450.jpg 600w, https:\/\/sculptureshome.com\/wp-content\/uploads\/2024\/01\/mmexport1682444858808.jpg 1440w\" sizes=\"(max-width: 800px) 100vw, 800px\" title=\"\">\t\t\t\t\t\t\t\t\t\t\t\t\t\t\t<\/div>\n\t\t\t\t<\/div>\n\t\t<div class=\"elementor-element elementor-element-4e4fc0a e-con-full e-flex e-con e-child\" data-id=\"4e4fc0a\" data-element_type=\"container\" data-e-type=\"container\">\n\t\t\t\t<div class=\"elementor-element elementor-element-61cc006 elementor-widget elementor-widget-image\" data-id=\"61cc006\" data-element_type=\"widget\" data-e-type=\"widget\" data-widget_type=\"image.default\">\n\t\t\t\t\t\t\t\t\t\t\t\t\t\t\t<img decoding=\"async\" width=\"768\" height=\"1024\" src=\"https:\/\/sculptureshome.com\/wp-content\/uploads\/2024\/03\/about-us-768x1024.jpg\" class=\"attachment-large size-large wp-image-1092\" alt=\"\" srcset=\"https:\/\/sculptureshome.com\/wp-content\/uploads\/2024\/03\/about-us-768x1024.jpg 768w, https:\/\/sculptureshome.com\/wp-content\/uploads\/2024\/03\/about-us-225x300.jpg 225w, https:\/\/sculptureshome.com\/wp-content\/uploads\/2024\/03\/about-us-600x800.jpg 600w, https:\/\/sculptureshome.com\/wp-content\/uploads\/2024\/03\/about-us.jpg 960w\" sizes=\"(max-width: 768px) 100vw, 768px\" title=\"\">\t\t\t\t\t\t\t\t\t\t\t\t\t\t\t<\/div>\n\t\t\t\t<\/div>\n\t\t\t\t\t<\/div>\n\t\t\t\t<\/div>\n\t\t\t\t<\/div>","protected":false},"excerpt":{"rendered":"<p>Our Story In a city full of creativity and vitality, there is a factory specializing in sculpture, and at the heart of this place is Leo, a sculptor who graduated from the Academy of Fine Arts and who not only has an in-depth understanding of traditional sculpting techniques, but also has a passion for incorporating [&hellip;]<\/p>\n","protected":false},"author":1,"featured_media":0,"parent":0,"menu_order":0,"comment_status":"closed","ping_status":"closed","template":"elementor_header_footer","meta":{"footnotes":""},"class_list":["post-864","page","type-page","status-publish","hentry"],"_links":{"self":[{"href":"https:\/\/sculptureshome.com\/fr\/wp-json\/wp\/v2\/pages\/864","targetHints":{"allow":["GET"]}}],"collection":[{"href":"https:\/\/sculptureshome.com\/fr\/wp-json\/wp\/v2\/pages"}],"about":[{"href":"https:\/\/sculptureshome.com\/fr\/wp-json\/wp\/v2\/types\/page"}],"author":[{"embeddable":true,"href":"https:\/\/sculptureshome.com\/fr\/wp-json\/wp\/v2\/users\/1"}],"replies":[{"embeddable":true,"href":"https:\/\/sculptureshome.com\/fr\/wp-json\/wp\/v2\/comments?post=864"}],"version-history":[{"count":0,"href":"https:\/\/sculptureshome.com\/fr\/wp-json\/wp\/v2\/pages\/864\/revisions"}],"wp:attachment":[{"href":"https:\/\/sculptureshome.com\/fr\/wp-json\/wp\/v2\/media?parent=864"}],"curies":[{"name":"wp","href":"https:\/\/api.w.org\/{rel}","templated":true}]}}