{"id":3,"date":"2024-01-09T08:02:39","date_gmt":"2024-01-09T08:02:39","guid":{"rendered":"https:\/\/sculptureshome.com\/?page_id=3"},"modified":"2024-05-01T07:59:05","modified_gmt":"2024-05-01T07:59:05","slug":"politique-de-confidentialite","status":"publish","type":"page","link":"https:\/\/sculptureshome.com\/fr\/privacy-policy\/","title":{"rendered":"Politique de confidentialit\u00e9"},"content":{"rendered":"<p>Le site sculptureshome.com est conforme au R\u00e8glement g\u00e9n\u00e9ral sur la protection des donn\u00e9es (RGPD) (UE) 2016\/679.<\/p>\n\n\n\n<p>Cela signifie que nous sommes ouverts sur nos m\u00e9thodes de suivi et d'utilisation des donn\u00e9es personnelles des visiteurs, et que vous pouvez librement v\u00e9rifier ce que nous en faisons exactement.<\/p>\n\n\n\n<p>Chez sculptureshome, nous collectons :<\/p>\n\n\n\n<ul class=\"wp-block-list\">\n<li>Vos nom et pr\u00e9nom<\/li>\n\n\n\n<li>Votre adresse \u00e9lectronique<\/li>\n\n\n\n<li>Votre adresse physique<\/li>\n\n\n\n<li>Votre num\u00e9ro de t\u00e9l\u00e9phone<\/li>\n\n\n\n<li>Les donn\u00e9es relatives au navigateur et \u00e0 l'appareil que vous utilisez pour visualiser le magasin<\/li>\n\n\n\n<li>La fa\u00e7on dont vous naviguez dans le magasin<\/li>\n<\/ul>\n\n\n\n<p>Nous recueillons vos coordonn\u00e9es parce qu'elles sont n\u00e9cessaires pour accepter et traiter vos commandes, et pour nous assurer que vous avez bien re\u00e7u vos colis.<\/p>\n\n\n\n<p>Nous recueillons les d\u00e9tails de votre \u00e9quipement technique et de votre comportement sur le site afin de rendre notre boutique plus conviviale et de personnaliser les services que nous vous proposons (par exemple, pour passer automatiquement \u00e0 la version mobile de la boutique).<\/p>\n\n\n\n<p>Notre magasin travaille avec des entreprises ext\u00e9rieures qui nous aident \u00e0 vous fournir le meilleur service possible, et ces tiers utilisent \u00e9galement certaines des donn\u00e9es personnelles que vous laissez. Nous limitons l'acc\u00e8s \u00e0 ces donn\u00e9es \u00e0 ce qui leur est n\u00e9cessaire pour remplir leurs obligations.<\/p>\n\n\n\n<ul class=\"wp-block-list\">\n<li>Les services de paiement utilisent votre num\u00e9ro de carte de cr\u00e9dit, votre nom et votre pr\u00e9nom pour v\u00e9rifier et traiter vos paiements pour nos produits.<\/li>\n\n\n\n<li>Nos fabricants et nos gestionnaires de stocks utilisent les donn\u00e9es de votre commande pour assembler le paquet n\u00e9cessaire pour vous.<\/li>\n\n\n\n<li>Les services postaux utilisent votre pr\u00e9nom, votre nom et votre adresse physique pour organiser la livraison du produit.<\/li>\n\n\n\n<li>Les services de publipostage utilisent votre adresse \u00e9lectronique pour vous envoyer des courriels (si vous vous y \u00eates inscrit).<\/li>\n<\/ul>\n\n\n\n<p>Si vous continuez \u00e0 naviguer sur notre boutique en ligne apr\u00e8s avoir lu la pr\u00e9sente politique de confidentialit\u00e9, vous nous donnez votre accord pour utiliser vos donn\u00e9es personnelles aux fins expliqu\u00e9es ci-dessus.<\/p>\n\n\n\n<p>Si vous n'acceptez pas ces conditions, veuillez quitter le site web.<\/p>\n\n\n\n<p>Vous pouvez nous envoyer un courriel \u00e0 manager@sculptureshome.com et demander :<\/p>\n\n\n\n<ul class=\"wp-block-list\">\n<li>Recevoir une copie des donn\u00e9es personnelles que nous avons recueillies<\/li>\n\n\n\n<li>Pour supprimer vos donn\u00e9es personnelles de notre syst\u00e8me<\/li>\n\n\n\n<li>Retirer votre consentement (si vous avez accept\u00e9 de nous fournir les donn\u00e9es, mais que vous avez chang\u00e9 d'avis par la suite)<\/li>\n<\/ul>\n\n\n\n<p>Nous faisons de notre mieux pour garantir la s\u00e9curit\u00e9 de vos donn\u00e9es personnelles lors de leur conservation et de leur utilisation.<\/p>\n\n\n\n<p>Merci de votre collaboration !<\/p>","protected":false},"excerpt":{"rendered":"<p>sculptureshome.com is compliant with The General Data Protection Regulation (GDPR) (EU) 2016\/679. It means that we are open about our methods of tracking and use of the visitors\u2019 personal data, and you can freely check what exactly we\u2019re doing to it. At sculptureshome, we collect: We gather your contact details because they are necessary to [&hellip;]<\/p>\n","protected":false},"author":1,"featured_media":0,"parent":0,"menu_order":0,"comment_status":"closed","ping_status":"open","template":"","meta":{"footnotes":""},"class_list":["post-3","page","type-page","status-publish","hentry"],"_links":{"self":[{"href":"https:\/\/sculptureshome.com\/fr\/wp-json\/wp\/v2\/pages\/3","targetHints":{"allow":["GET"]}}],"collection":[{"href":"https:\/\/sculptureshome.com\/fr\/wp-json\/wp\/v2\/pages"}],"about":[{"href":"https:\/\/sculptureshome.com\/fr\/wp-json\/wp\/v2\/types\/page"}],"author":[{"embeddable":true,"href":"https:\/\/sculptureshome.com\/fr\/wp-json\/wp\/v2\/users\/1"}],"replies":[{"embeddable":true,"href":"https:\/\/sculptureshome.com\/fr\/wp-json\/wp\/v2\/comments?post=3"}],"version-history":[{"count":0,"href":"https:\/\/sculptureshome.com\/fr\/wp-json\/wp\/v2\/pages\/3\/revisions"}],"wp:attachment":[{"href":"https:\/\/sculptureshome.com\/fr\/wp-json\/wp\/v2\/media?parent=3"}],"curies":[{"name":"wp","href":"https:\/\/api.w.org\/{rel}","templated":true}]}}