{"id":762,"date":"2024-01-29T15:16:35","date_gmt":"2024-01-29T15:16:35","guid":{"rendered":"https:\/\/sculptureshome.com\/?post_type=product&#038;p=762"},"modified":"2024-01-29T15:16:35","modified_gmt":"2024-01-29T15:16:35","slug":"silla-de-cafe-personalizada-sla-sls-resina-plastico-prototipo","status":"publish","type":"product","link":"https:\/\/sculptureshome.com\/es\/product\/custom-coffee-chair-sla-sls-resin-plastic-prototype\/","title":{"rendered":"Silla de caf\u00e9 personalizada Prototipo de pl\u00e1stico de resina SLA\/SLS"},"content":{"rendered":"<div class=\"attribute-item\">\n<div class=\"left\">Lugar de origen: Guangdong, China<\/div>\n<div class=\"right\">Tipo: Brochado, fresado, prototipado r\u00e1pido<\/div>\n<div>Micromecanizado o no: Micromecanizado<\/div>\n<\/div>\n<div class=\"attribute-item\">\n<div class=\"left\">Material: Pl\u00e1stico<\/div>\n<div class=\"right\">Proceso: Impresi\u00f3n 3D<\/div>\n<div>Servicios: OEM personalizado<\/div>\n<\/div>\n<div class=\"attribute-item\">\n<div class=\"left\">Aplicaci\u00f3n: Electrodom\u00e9sticos<\/div>\n<div class=\"right\">\n<div class=\"left\">Tratamiento de la superficie: A petici\u00f3n del cliente<\/div>\n<div class=\"right\" data-spm-anchor-id=\"a2700.details.0.i86.13267c08IC4GH5\"><\/div>\n<p>&nbsp;<\/p>\n<\/div>\n<\/div>\n<div class=\"attribute-item\">\n<div class=\"left\"><\/div>\n<div class=\"right\">\n&nbsp;<\/p>\n<\/div>\n<\/div>\n<div class=\"attribute-item\">\n<div class=\"left\"><\/div>\n<div class=\"right\">\n&nbsp;<\/p>\n<\/div>\n<\/div>\n<div class=\"attribute-item\">\n<div class=\"right\" data-spm-anchor-id=\"a2700.details.0.i86.13267c08IC4GH5\"><\/div>\n<\/div>","protected":false},"excerpt":{"rendered":"<p>Lugar de origen: Guangdong, China Tipo: Brochado, Fresado, Prototipado R\u00e1pido Micro Mecanizado o No: Micro Mecanizado Material: Pl\u00e1stico Proceso: Impresi\u00f3n 3D Servicio: OEM personalizado Aplicaci\u00f3n: Electrodom\u00e9sticos Tratamiento de superficie: A petici\u00f3n del cliente &nbsp; &nbsp; &nbsp;<\/p>","protected":false},"featured_media":763,"comment_status":"open","ping_status":"closed","template":"","meta":[],"product_brand":[],"product_cat":[29],"product_tag":[],"class_list":{"0":"post-762","1":"product","2":"type-product","3":"status-publish","4":"has-post-thumbnail","6":"product_cat-3d-printing-furniture","8":"first","9":"instock","10":"shipping-taxable","11":"product-type-simple"},"_links":{"self":[{"href":"https:\/\/sculptureshome.com\/es\/wp-json\/wp\/v2\/product\/762","targetHints":{"allow":["GET"]}}],"collection":[{"href":"https:\/\/sculptureshome.com\/es\/wp-json\/wp\/v2\/product"}],"about":[{"href":"https:\/\/sculptureshome.com\/es\/wp-json\/wp\/v2\/types\/product"}],"replies":[{"embeddable":true,"href":"https:\/\/sculptureshome.com\/es\/wp-json\/wp\/v2\/comments?post=762"}],"version-history":[{"count":0,"href":"https:\/\/sculptureshome.com\/es\/wp-json\/wp\/v2\/product\/762\/revisions"}],"wp:featuredmedia":[{"embeddable":true,"href":"https:\/\/sculptureshome.com\/es\/wp-json\/wp\/v2\/media\/763"}],"wp:attachment":[{"href":"https:\/\/sculptureshome.com\/es\/wp-json\/wp\/v2\/media?parent=762"}],"wp:term":[{"taxonomy":"product_brand","embeddable":true,"href":"https:\/\/sculptureshome.com\/es\/wp-json\/wp\/v2\/product_brand?post=762"},{"taxonomy":"product_cat","embeddable":true,"href":"https:\/\/sculptureshome.com\/es\/wp-json\/wp\/v2\/product_cat?post=762"},{"taxonomy":"product_tag","embeddable":true,"href":"https:\/\/sculptureshome.com\/es\/wp-json\/wp\/v2\/product_tag?post=762"}],"curies":[{"name":"wp","href":"https:\/\/api.w.org\/{rel}","templated":true}]}}