{"id":709,"date":"2024-01-29T14:27:43","date_gmt":"2024-01-29T14:27:43","guid":{"rendered":"https:\/\/sculptureshome.com\/?post_type=product&#038;p=709"},"modified":"2024-01-29T14:27:44","modified_gmt":"2024-01-29T14:27:44","slug":"globo-aerostatico-de-resina-tamano-real-escultura-de-fibra-de-vidrio","status":"publish","type":"product","link":"https:\/\/sculptureshome.com\/es\/product\/life-size-resin-hot-air-balloon-fiberglass-sculpture\/","title":{"rendered":"Globo aerost\u00e1tico de resina de tama\u00f1o natural Escultura de fibra de vidrio"},"content":{"rendered":"<div class=\"attribute-list\">\n<div class=\"attribute-item\">\n<div class=\"left\" data-spm-anchor-id=\"a2700.details.0.i92.dfb7758aV1x1EK\">Tema\uff1aEscultura de resina Globo<\/div>\n<\/div>\n<\/div>\n<div class=\"attribute-list\">\n<div class=\"attribute-item\">\n<div class=\"left\">Lugar de origen\uff1aGuangdong, China.<\/div>\n<\/div>\n<div class=\"attribute-item\">\n<div class=\"left\">Material: Resina<\/div>\n<div class=\"right\">Estilo: rosa beb\u00e9<\/div>\n<\/div>\n<div class=\"attribute-item\">\n<div class=\"left\">Material: Puntal de globo aerost\u00e1tico de resina<\/div>\n<div class=\"right\">Uso: Decoraci\u00f3n interior globo de aire caliente prop<\/div>\n<div>Talla: Tama\u00f1o personalizado<\/div>\n<\/div>\n<div class=\"attribute-item\">\n<div class=\"left\">Color: Color personalizado<\/div>\n<\/div>\n<div class=\"attribute-item\">\n<div class=\"left\">Tipo: Esculturas artificiales de fibra de vidrio<\/div>\n<div class=\"right\"><\/div>\n<\/div>\n<\/div>","protected":false},"excerpt":{"rendered":"<p>Tema\uff1aResina Escultura Globo Lugar de Origen\uff1aGuangdong, China Material: Resina Estilo: rosa beb\u00e9 Material: Resina globo de aire caliente prop Uso: Decoraci\u00f3n de interiores globo de aire caliente prop Tama\u00f1o: Tama\u00f1o personalizado Color: Color personalizado Tipo: Esculturas artificiales de fibra de vidrio<\/p>","protected":false},"featured_media":710,"comment_status":"open","ping_status":"closed","template":"","meta":[],"product_brand":[],"product_cat":[28],"product_tag":[],"class_list":{"0":"post-709","1":"product","2":"type-product","3":"status-publish","4":"has-post-thumbnail","6":"product_cat-resin-sculpture","8":"first","9":"instock","10":"shipping-taxable","11":"product-type-simple"},"_links":{"self":[{"href":"https:\/\/sculptureshome.com\/es\/wp-json\/wp\/v2\/product\/709","targetHints":{"allow":["GET"]}}],"collection":[{"href":"https:\/\/sculptureshome.com\/es\/wp-json\/wp\/v2\/product"}],"about":[{"href":"https:\/\/sculptureshome.com\/es\/wp-json\/wp\/v2\/types\/product"}],"replies":[{"embeddable":true,"href":"https:\/\/sculptureshome.com\/es\/wp-json\/wp\/v2\/comments?post=709"}],"version-history":[{"count":0,"href":"https:\/\/sculptureshome.com\/es\/wp-json\/wp\/v2\/product\/709\/revisions"}],"wp:featuredmedia":[{"embeddable":true,"href":"https:\/\/sculptureshome.com\/es\/wp-json\/wp\/v2\/media\/710"}],"wp:attachment":[{"href":"https:\/\/sculptureshome.com\/es\/wp-json\/wp\/v2\/media?parent=709"}],"wp:term":[{"taxonomy":"product_brand","embeddable":true,"href":"https:\/\/sculptureshome.com\/es\/wp-json\/wp\/v2\/product_brand?post=709"},{"taxonomy":"product_cat","embeddable":true,"href":"https:\/\/sculptureshome.com\/es\/wp-json\/wp\/v2\/product_cat?post=709"},{"taxonomy":"product_tag","embeddable":true,"href":"https:\/\/sculptureshome.com\/es\/wp-json\/wp\/v2\/product_tag?post=709"}],"curies":[{"name":"wp","href":"https:\/\/api.w.org\/{rel}","templated":true}]}}