{"id":695,"date":"2024-01-28T14:36:52","date_gmt":"2024-01-28T14:36:52","guid":{"rendered":"https:\/\/sculptureshome.com\/?post_type=product&#038;p=695"},"modified":"2024-01-28T14:36:52","modified_gmt":"2024-01-28T14:36:52","slug":"resina-souvenir-arte-decoracion-escultura-estatua-de-la-libertad","status":"publish","type":"product","link":"https:\/\/sculptureshome.com\/es\/product\/resin-souvenir-art-decoration-sculpture-statue-of-liberty\/","title":{"rendered":"Resina Souvenir Arte Decoraci\u00f3n Escultura Estatua De La Libertad"},"content":{"rendered":"<div class=\"attribute-item\">\n<div class=\"left\">Lugar de origen: Guangdong, China<\/div>\n<div class=\"right\">Material: Resina<\/div>\n<div>Estilo\uff1aArtificial<\/div>\n<\/div>\n<div class=\"attribute-item\">\n<div class=\"left\">Uso\uff1aDecoraci\u00f3n del hogar<\/div>\n<div class=\"right\">Reportaje regional\uff1aEuropa<\/div>\n<\/div>\n<div class=\"attribute-item\">\n<div class=\"left\">Theme\uff1aPatriotismo,Decoraci\u00f3n del hogar,Decoraci\u00f3n del jard\u00edn,Arte,Costumbres extranjeras.<\/div>\n<\/div>\n<div class=\"attribute-item\">\n<div class=\"right\">Color: Color personalizado<\/div>\n<div>Estilo de dise\u00f1o: Moderno,Art dec\u00f3,Cl\u00e1sico,Europeo,Lujo<\/div>\n<\/div>\n<div class=\"attribute-item\">\n<div class=\"left\">Funci\u00f3n: Decoraci\u00f3n<\/div>\n<div class=\"right\">Material: Resina, fibra de vidrio, materiales personalizables<\/div>\n<\/div>\n<div class=\"attribute-item\">\n<div class=\"left\">Forma: Forma personalizada<\/div>\n<div class=\"right\"><\/div>\n<\/div>","protected":false},"excerpt":{"rendered":"<p>Lugar de origen: Guangdong, China Material: Resina Estilo: Artificial Uso: Decoraci\u00f3n del hogar Caracter\u00edstica regional: Europa Tema: Patriotismo, decoraci\u00f3n del hogar, decoraci\u00f3n del jard\u00edn, arte, costumbres extranjeras Color: Color modificado para requisitos particulares Estilo de dise\u00f1o: Moderno,Art deco,Cl\u00e1sico,Europeo,Lujo Funci\u00f3n: Decoraciones Material: Resina, fibra de vidrio, materiales personalizables Forma: Forma personalizada<\/p>","protected":false},"featured_media":696,"comment_status":"open","ping_status":"closed","template":"","meta":[],"product_brand":[],"product_cat":[28],"product_tag":[],"class_list":{"0":"post-695","1":"product","2":"type-product","3":"status-publish","4":"has-post-thumbnail","6":"product_cat-resin-sculpture","8":"first","9":"instock","10":"shipping-taxable","11":"product-type-simple"},"_links":{"self":[{"href":"https:\/\/sculptureshome.com\/es\/wp-json\/wp\/v2\/product\/695","targetHints":{"allow":["GET"]}}],"collection":[{"href":"https:\/\/sculptureshome.com\/es\/wp-json\/wp\/v2\/product"}],"about":[{"href":"https:\/\/sculptureshome.com\/es\/wp-json\/wp\/v2\/types\/product"}],"replies":[{"embeddable":true,"href":"https:\/\/sculptureshome.com\/es\/wp-json\/wp\/v2\/comments?post=695"}],"version-history":[{"count":0,"href":"https:\/\/sculptureshome.com\/es\/wp-json\/wp\/v2\/product\/695\/revisions"}],"wp:featuredmedia":[{"embeddable":true,"href":"https:\/\/sculptureshome.com\/es\/wp-json\/wp\/v2\/media\/696"}],"wp:attachment":[{"href":"https:\/\/sculptureshome.com\/es\/wp-json\/wp\/v2\/media?parent=695"}],"wp:term":[{"taxonomy":"product_brand","embeddable":true,"href":"https:\/\/sculptureshome.com\/es\/wp-json\/wp\/v2\/product_brand?post=695"},{"taxonomy":"product_cat","embeddable":true,"href":"https:\/\/sculptureshome.com\/es\/wp-json\/wp\/v2\/product_cat?post=695"},{"taxonomy":"product_tag","embeddable":true,"href":"https:\/\/sculptureshome.com\/es\/wp-json\/wp\/v2\/product_tag?post=695"}],"curies":[{"name":"wp","href":"https:\/\/api.w.org\/{rel}","templated":true}]}}