{"id":687,"date":"2024-01-28T14:31:52","date_gmt":"2024-01-28T14:31:52","guid":{"rendered":"https:\/\/sculptureshome.com\/?post_type=product&#038;p=687"},"modified":"2024-01-28T14:31:52","modified_gmt":"2024-01-28T14:31:52","slug":"estatuilla-de-resina-3d-personalizada-poliresina-pequena-estatua","status":"publish","type":"product","link":"https:\/\/sculptureshome.com\/es\/product\/custom-3d-resin-figurine-polyresin-small-statue\/","title":{"rendered":"3D personalizada resina estatuilla poliresina peque\u00f1a estatua"},"content":{"rendered":"<div class=\"attribute-list\" data-spm-anchor-id=\"a2700.details.0.i54.6b622abb6bmvk3\">\n<div class=\"attribute-item\">\n<div class=\"left\">Tema\uff1asouvenir<\/div>\n<\/div>\n<\/div>\n<div class=\"attribute-list\">\n<div class=\"attribute-item\">\n<div class=\"left\">Lugar de origen\uff1a Guangdong, China.<\/div>\n<div class=\"right\">Material: Resina<\/div>\n<div>Estilo: Artificial<\/div>\n<\/div>\n<div class=\"attribute-item\">\n<div class=\"left\">Uso: Souvenir<\/div>\n<div class=\"right\">Reportaje regional: Europa<\/div>\n<\/div>\n<div class=\"attribute-item\">\n<div class=\"left\">N\u00famero de modelo: 3D Building model<\/div>\n<div class=\"right\">\n<div class=\"left\">Material\uff1aResina Poliresina Resina de poli\u00e9ster<\/div>\n<p>Tama\u00f1o de la producci\u00f3n: a medida<\/p><\/div>\n<\/div>\n<\/div>","protected":false},"excerpt":{"rendered":"<p>Theme\uff1asouvenir Lugar de Origen\uff1a Guangdong, China Material: Resina Estilo: Artificial Uso: Souvenir Caracter\u00edstica regional: Europa N\u00famero de modelo: 3D Modelo de construcci\u00f3n Material\uff1aResina Poliresina Resina de poli\u00e9ster Tama\u00f1o de producci\u00f3n: personalizado<\/p>","protected":false},"featured_media":688,"comment_status":"open","ping_status":"closed","template":"","meta":[],"product_brand":[],"product_cat":[28],"product_tag":[],"class_list":{"0":"post-687","1":"product","2":"type-product","3":"status-publish","4":"has-post-thumbnail","6":"product_cat-resin-sculpture","8":"first","9":"instock","10":"shipping-taxable","11":"product-type-simple"},"_links":{"self":[{"href":"https:\/\/sculptureshome.com\/es\/wp-json\/wp\/v2\/product\/687","targetHints":{"allow":["GET"]}}],"collection":[{"href":"https:\/\/sculptureshome.com\/es\/wp-json\/wp\/v2\/product"}],"about":[{"href":"https:\/\/sculptureshome.com\/es\/wp-json\/wp\/v2\/types\/product"}],"replies":[{"embeddable":true,"href":"https:\/\/sculptureshome.com\/es\/wp-json\/wp\/v2\/comments?post=687"}],"version-history":[{"count":0,"href":"https:\/\/sculptureshome.com\/es\/wp-json\/wp\/v2\/product\/687\/revisions"}],"wp:featuredmedia":[{"embeddable":true,"href":"https:\/\/sculptureshome.com\/es\/wp-json\/wp\/v2\/media\/688"}],"wp:attachment":[{"href":"https:\/\/sculptureshome.com\/es\/wp-json\/wp\/v2\/media?parent=687"}],"wp:term":[{"taxonomy":"product_brand","embeddable":true,"href":"https:\/\/sculptureshome.com\/es\/wp-json\/wp\/v2\/product_brand?post=687"},{"taxonomy":"product_cat","embeddable":true,"href":"https:\/\/sculptureshome.com\/es\/wp-json\/wp\/v2\/product_cat?post=687"},{"taxonomy":"product_tag","embeddable":true,"href":"https:\/\/sculptureshome.com\/es\/wp-json\/wp\/v2\/product_tag?post=687"}],"curies":[{"name":"wp","href":"https:\/\/api.w.org\/{rel}","templated":true}]}}