{"id":676,"date":"2024-01-28T13:38:22","date_gmt":"2024-01-28T13:38:22","guid":{"rendered":"https:\/\/sculptureshome.com\/?post_type=product&#038;p=676"},"modified":"2024-01-28T13:38:22","modified_gmt":"2024-01-28T13:38:22","slug":"diseno-moderno-piedra-de-marmol-pared-relieve-casa-villa-decoracion-escultura","status":"publish","type":"product","link":"https:\/\/sculptureshome.com\/es\/product\/modern-design-marble-stone-wall-relief-home-villa-decoration-sculpture\/","title":{"rendered":"Dise\u00f1o Moderno M\u00e1rmol Piedra Pared Relieve Casa Villa Decoraci\u00f3n Escultura"},"content":{"rendered":"<div class=\"attribute-list\">\n<div class=\"attribute-item\">\n<div class=\"left\" data-spm-anchor-id=\"a2700.details.0.i85.44a93e68uvqGJk\">Capacidad de soluci\u00f3n de proyectos: dise\u00f1o gr\u00e1fico, dise\u00f1o de modelos 3D, soluci\u00f3n total para proyectos, consolidaci\u00f3n de categor\u00edas cruzadas, otros<\/div>\n<div class=\"right\">Solicitud: Hotel<\/div>\n<div>Estilo de dise\u00f1o: Moderno<\/div>\n<\/div>\n<div class=\"attribute-item\">\n<div class=\"left\">Tipo: relieve de m\u00e1rmol<\/div>\n<\/div>\n<\/div>\n<div class=\"attribute-list\">\n<div class=\"attribute-item\">\n<div class=\"left\">Tipo: estatua en relieve de m\u00e1rmol<\/div>\n<div class=\"right\">Tama\u00f1o: 3-9 metros disponibles<\/div>\n<div>Color: plateado (tambi\u00e9n disponible en otros colores)<\/div>\n<\/div>\n<div class=\"attribute-item\">\n<div class=\"left\">Dise\u00f1o: Por nuestro equipo (el dise\u00f1o del cliente es bienvenido)<\/div>\n<div class=\"right\">T\u00e9cnica: Soldadura fina, biselado y pulido<\/div>\n<\/div>\n<\/div>","protected":false},"excerpt":{"rendered":"<p>Capacidad de soluci\u00f3n de proyectos: dise\u00f1o gr\u00e1fico, dise\u00f1o de modelos 3D, soluci\u00f3n total para proyectos, consolidaci\u00f3n de categor\u00edas cruzadas, otras aplicaciones: Hotel Estilo de dise\u00f1o: Moderno Tipo: relieve de m\u00e1rmol Tipo: estatua de m\u00e1rmol en relieve Tama\u00f1o: 3-9 Metros est\u00e1n disponibles Color: Plata (Otro color tambi\u00e9n est\u00e1 disponible) Dise\u00f1o: Por nuestro equipo (dise\u00f1o del cliente es bienvenida) T\u00e9cnica: Soldadura fina, Chasing y pulido<\/p>","protected":false},"featured_media":677,"comment_status":"open","ping_status":"closed","template":"","meta":[],"product_brand":[],"product_cat":[27],"product_tag":[],"class_list":{"0":"post-676","1":"product","2":"type-product","3":"status-publish","4":"has-post-thumbnail","6":"product_cat-relief-sculpture","8":"first","9":"instock","10":"shipping-taxable","11":"product-type-simple"},"_links":{"self":[{"href":"https:\/\/sculptureshome.com\/es\/wp-json\/wp\/v2\/product\/676","targetHints":{"allow":["GET"]}}],"collection":[{"href":"https:\/\/sculptureshome.com\/es\/wp-json\/wp\/v2\/product"}],"about":[{"href":"https:\/\/sculptureshome.com\/es\/wp-json\/wp\/v2\/types\/product"}],"replies":[{"embeddable":true,"href":"https:\/\/sculptureshome.com\/es\/wp-json\/wp\/v2\/comments?post=676"}],"version-history":[{"count":0,"href":"https:\/\/sculptureshome.com\/es\/wp-json\/wp\/v2\/product\/676\/revisions"}],"wp:featuredmedia":[{"embeddable":true,"href":"https:\/\/sculptureshome.com\/es\/wp-json\/wp\/v2\/media\/677"}],"wp:attachment":[{"href":"https:\/\/sculptureshome.com\/es\/wp-json\/wp\/v2\/media?parent=676"}],"wp:term":[{"taxonomy":"product_brand","embeddable":true,"href":"https:\/\/sculptureshome.com\/es\/wp-json\/wp\/v2\/product_brand?post=676"},{"taxonomy":"product_cat","embeddable":true,"href":"https:\/\/sculptureshome.com\/es\/wp-json\/wp\/v2\/product_cat?post=676"},{"taxonomy":"product_tag","embeddable":true,"href":"https:\/\/sculptureshome.com\/es\/wp-json\/wp\/v2\/product_tag?post=676"}],"curies":[{"name":"wp","href":"https:\/\/api.w.org\/{rel}","templated":true}]}}