{"id":671,"date":"2024-01-28T13:34:44","date_gmt":"2024-01-28T13:34:44","guid":{"rendered":"https:\/\/sculptureshome.com\/?post_type=product&#038;p=671"},"modified":"2024-01-28T13:34:44","modified_gmt":"2024-01-28T13:34:44","slug":"duradera-de-piedra-fundida-tallada-escultura-en-relieve-de-la-pared-para-el-hogar","status":"publish","type":"product","link":"https:\/\/sculptureshome.com\/es\/product\/durable-cast-stone-carved-wall-relief-sculpture-for-home\/","title":{"rendered":"Duradera escultura en relieve tallada en piedra para el hogar"},"content":{"rendered":"<div class=\"attribute-item\">\n<div class=\"left\" data-spm-anchor-id=\"a2700.details.0.i87.6a3548b8bzq6Mr\">Lugar de origen: Guangdong, China<\/div>\n<\/div>\n<div class=\"attribute-item\">\n<div class=\"left\">Tipo: Relieves en piedra<\/div>\n<\/div>\n<div class=\"attribute-item\">\n<div class=\"left\">Material: Arenisca<\/div>\n<div class=\"right\">Uso: Decoraci\u00f3n exterior<\/div>\n<div>Color: amarillo,beige,negro<\/div>\n<div>Nombre: Escultura en relieve mural tallada en piedra fundida<\/div>\n<\/div>\n<div class=\"attribute-item\">\n<div class=\"left\">Caracter\u00edstica: Resistencia a la corrosi\u00f3n<\/div>\n<\/div>","protected":false},"excerpt":{"rendered":"<p>Lugar de origen: Guangdong, China Tipo: Relieves de piedra Material: Arenisca Uso: Decoraci\u00f3n al aire libre Color: Amarillo,Beige,negro Nombre: Piedra fundida tallada pared relieve escultura Caracter\u00edstica: Resistencia a la corrosi\u00f3n<\/p>","protected":false},"featured_media":672,"comment_status":"open","ping_status":"closed","template":"","meta":[],"product_brand":[],"product_cat":[27],"product_tag":[],"class_list":{"0":"post-671","1":"product","2":"type-product","3":"status-publish","4":"has-post-thumbnail","6":"product_cat-relief-sculpture","8":"first","9":"instock","10":"shipping-taxable","11":"product-type-simple"},"_links":{"self":[{"href":"https:\/\/sculptureshome.com\/es\/wp-json\/wp\/v2\/product\/671","targetHints":{"allow":["GET"]}}],"collection":[{"href":"https:\/\/sculptureshome.com\/es\/wp-json\/wp\/v2\/product"}],"about":[{"href":"https:\/\/sculptureshome.com\/es\/wp-json\/wp\/v2\/types\/product"}],"replies":[{"embeddable":true,"href":"https:\/\/sculptureshome.com\/es\/wp-json\/wp\/v2\/comments?post=671"}],"version-history":[{"count":0,"href":"https:\/\/sculptureshome.com\/es\/wp-json\/wp\/v2\/product\/671\/revisions"}],"wp:featuredmedia":[{"embeddable":true,"href":"https:\/\/sculptureshome.com\/es\/wp-json\/wp\/v2\/media\/672"}],"wp:attachment":[{"href":"https:\/\/sculptureshome.com\/es\/wp-json\/wp\/v2\/media?parent=671"}],"wp:term":[{"taxonomy":"product_brand","embeddable":true,"href":"https:\/\/sculptureshome.com\/es\/wp-json\/wp\/v2\/product_brand?post=671"},{"taxonomy":"product_cat","embeddable":true,"href":"https:\/\/sculptureshome.com\/es\/wp-json\/wp\/v2\/product_cat?post=671"},{"taxonomy":"product_tag","embeddable":true,"href":"https:\/\/sculptureshome.com\/es\/wp-json\/wp\/v2\/product_tag?post=671"}],"curies":[{"name":"wp","href":"https:\/\/api.w.org\/{rel}","templated":true}]}}