{"id":663,"date":"2024-01-28T13:28:25","date_gmt":"2024-01-28T13:28:25","guid":{"rendered":"https:\/\/sculptureshome.com\/?post_type=product&#038;p=663"},"modified":"2024-01-28T13:28:41","modified_gmt":"2024-01-28T13:28:41","slug":"escultura-de-pared-en-relieve-de-dragon-chino-patrones-de-talla","status":"publish","type":"product","link":"https:\/\/sculptureshome.com\/es\/product\/chinese-dragon-relief-wall-sculpture-carving-patterns\/","title":{"rendered":"Escultura mural en relieve del drag\u00f3n chino patrones de talla"},"content":{"rendered":"<div class=\"attribute-list\">\n<div class=\"attribute-item\">\n<div class=\"left\" data-spm-anchor-id=\"a2700.details.0.i83.18e03a8bycEO57\">Capacidad de soluci\u00f3n de proyectos: dise\u00f1o gr\u00e1fico, dise\u00f1o de modelos 3D, soluci\u00f3n total para proyectos<\/div>\n<div class=\"right\">Solicitud: Parque<\/div>\n<div>Estilo de dise\u00f1o: Tradicional<\/div>\n<\/div>\n<div class=\"attribute-item\">\n<div class=\"left\" data-spm-anchor-id=\"a2700.details.0.i84.18e03a8bycEO57\">Tipo: decoraci\u00f3n mural<\/div>\n<\/div>\n<\/div>\n<div class=\"attribute-list\">\n<div class=\"attribute-item\">\n<div class=\"left\">Garant\u00eda: De por vida<\/div>\n<div class=\"right\">Lugar de origen: Guangdong, China<\/div>\n<div class=\"right\">Materia prima: Arcilla<\/div>\n<\/div>\n<div class=\"attribute-item\">\n<div class=\"right\">Color: Amarillo, Verde, Azul<\/div>\n<div>Superficie: Brillante y sin esmaltar<\/div>\n<\/div>\n<div class=\"attribute-item\">\n<div class=\"left\">Resistencia a las heladas: -45 \u00b0c<\/div>\n<div class=\"right\">T\u00e9cnica: Sinterizado<\/div>\n<div>Ventaja: Hecho a mano<\/div>\n<\/div>\n<div class=\"attribute-item\">\n<div class=\"left\">Absorci\u00f3n de agua: 6%<\/div>\n<\/div>\n<div class=\"attribute-item\">\n<div class=\"left\">Aplicaci\u00f3n: para pavimentaci\u00f3n y decoraci\u00f3n de paredes<\/div>\n<div class=\"right\"><\/div>\n<\/div>\n<\/div>","protected":false},"excerpt":{"rendered":"<p>Capacidad de soluci\u00f3n de proyectos: dise\u00f1o gr\u00e1fico, dise\u00f1o de modelos 3D, soluci\u00f3n total para proyectos Aplicaci\u00f3n: Dise\u00f1o de parques Estilo: Tradicional Tipo: decoraci\u00f3n de pared Garant\u00eda: De por vida Lugar de Origen: Guangdong, China Materia Prima: Arcilla Color: Amarillo, Verde, Azul Superficie: Brillante y sin esmaltar Resistencia a las heladas: -45 \u00b0c T\u00e9cnica: Sinterizado Ventaja: Handmake Absorci\u00f3n de agua: 6% Aplicaci\u00f3n: para pavimentaci\u00f3n y decoraci\u00f3n de paredes<\/p>","protected":false},"featured_media":664,"comment_status":"open","ping_status":"closed","template":"","meta":[],"product_brand":[],"product_cat":[27],"product_tag":[],"class_list":{"0":"post-663","1":"product","2":"type-product","3":"status-publish","4":"has-post-thumbnail","6":"product_cat-relief-sculpture","8":"first","9":"instock","10":"shipping-taxable","11":"product-type-simple"},"_links":{"self":[{"href":"https:\/\/sculptureshome.com\/es\/wp-json\/wp\/v2\/product\/663","targetHints":{"allow":["GET"]}}],"collection":[{"href":"https:\/\/sculptureshome.com\/es\/wp-json\/wp\/v2\/product"}],"about":[{"href":"https:\/\/sculptureshome.com\/es\/wp-json\/wp\/v2\/types\/product"}],"replies":[{"embeddable":true,"href":"https:\/\/sculptureshome.com\/es\/wp-json\/wp\/v2\/comments?post=663"}],"version-history":[{"count":0,"href":"https:\/\/sculptureshome.com\/es\/wp-json\/wp\/v2\/product\/663\/revisions"}],"wp:featuredmedia":[{"embeddable":true,"href":"https:\/\/sculptureshome.com\/es\/wp-json\/wp\/v2\/media\/664"}],"wp:attachment":[{"href":"https:\/\/sculptureshome.com\/es\/wp-json\/wp\/v2\/media?parent=663"}],"wp:term":[{"taxonomy":"product_brand","embeddable":true,"href":"https:\/\/sculptureshome.com\/es\/wp-json\/wp\/v2\/product_brand?post=663"},{"taxonomy":"product_cat","embeddable":true,"href":"https:\/\/sculptureshome.com\/es\/wp-json\/wp\/v2\/product_cat?post=663"},{"taxonomy":"product_tag","embeddable":true,"href":"https:\/\/sculptureshome.com\/es\/wp-json\/wp\/v2\/product_tag?post=663"}],"curies":[{"name":"wp","href":"https:\/\/api.w.org\/{rel}","templated":true}]}}