{"id":655,"date":"2024-01-28T13:22:05","date_gmt":"2024-01-28T13:22:05","guid":{"rendered":"https:\/\/sculptureshome.com\/?post_type=product&#038;p=655"},"modified":"2024-01-28T13:22:05","modified_gmt":"2024-01-28T13:22:05","slug":"figura-moderna-tallada-piedra-natural-marmol-pared-bajo-relieve-escultura","status":"publish","type":"product","link":"https:\/\/sculptureshome.com\/es\/product\/modern-figure-carved-natural-stone-marble-wall-bas-relief-sculpture\/","title":{"rendered":"Figura moderna tallada en piedra natural M\u00e1rmol Pared Bajo Relieve Escultura"},"content":{"rendered":"<div class=\"attribute-list\">\n<div class=\"attribute-item\">\n<div class=\"left\" data-spm-anchor-id=\"a2700.details.0.i87.1d32484brziLzT\">Capacidad de soluci\u00f3n de proyectos: dise\u00f1o gr\u00e1fico, dise\u00f1o de modelos 3D, soluci\u00f3n total para proyectos, consolidaci\u00f3n de categor\u00edas cruzadas<\/div>\n<div class=\"right\">Solicitud: Villa<\/div>\n<div>Estilo de dise\u00f1o: Moderno<\/div>\n<\/div>\n<\/div>\n<div class=\"attribute-list\">\n<div class=\"attribute-item\">\n<div class=\"left\">Lugar de origen: China<\/div>\n<\/div>\n<div class=\"attribute-item\">\n<div class=\"left\">Estilo: Western<\/div>\n<div class=\"right\">Material: Piedra natural<\/div>\n<div>Color: Blanco<\/div>\n<\/div>\n<div class=\"attribute-item\">\n<div class=\"left\">Uso: Decoraci\u00f3n<\/div>\n<div class=\"right\">Talla: Tama\u00f1o personalizado<\/div>\n<\/div>\n<div class=\"attribute-item\">\n<div class=\"left\">T\u00e9cnica: Tallado a mano<\/div>\n<\/div>\n<\/div>","protected":false},"excerpt":{"rendered":"<p>Capacidad de soluci\u00f3n de proyectos: dise\u00f1o gr\u00e1fico, dise\u00f1o de modelos 3D, soluci\u00f3n total para proyectos, aplicaci\u00f3n de consolidaci\u00f3n de categor\u00edas cruzadas: Villa Dise\u00f1o Estilo: Moderno Lugar de Origen: China Estilo: Occidental Material: Piedra Natural Color: Blanco Uso: Decoraci\u00f3n Tama\u00f1o: Tama\u00f1o personalizado T\u00e9cnica: Mano tallada<\/p>","protected":false},"featured_media":656,"comment_status":"open","ping_status":"closed","template":"","meta":[],"product_brand":[],"product_cat":[26],"product_tag":[],"class_list":{"0":"post-655","1":"product","2":"type-product","3":"status-publish","4":"has-post-thumbnail","6":"product_cat-landscape-sculpture","8":"first","9":"instock","10":"shipping-taxable","11":"product-type-simple"},"_links":{"self":[{"href":"https:\/\/sculptureshome.com\/es\/wp-json\/wp\/v2\/product\/655","targetHints":{"allow":["GET"]}}],"collection":[{"href":"https:\/\/sculptureshome.com\/es\/wp-json\/wp\/v2\/product"}],"about":[{"href":"https:\/\/sculptureshome.com\/es\/wp-json\/wp\/v2\/types\/product"}],"replies":[{"embeddable":true,"href":"https:\/\/sculptureshome.com\/es\/wp-json\/wp\/v2\/comments?post=655"}],"version-history":[{"count":0,"href":"https:\/\/sculptureshome.com\/es\/wp-json\/wp\/v2\/product\/655\/revisions"}],"wp:featuredmedia":[{"embeddable":true,"href":"https:\/\/sculptureshome.com\/es\/wp-json\/wp\/v2\/media\/656"}],"wp:attachment":[{"href":"https:\/\/sculptureshome.com\/es\/wp-json\/wp\/v2\/media?parent=655"}],"wp:term":[{"taxonomy":"product_brand","embeddable":true,"href":"https:\/\/sculptureshome.com\/es\/wp-json\/wp\/v2\/product_brand?post=655"},{"taxonomy":"product_cat","embeddable":true,"href":"https:\/\/sculptureshome.com\/es\/wp-json\/wp\/v2\/product_cat?post=655"},{"taxonomy":"product_tag","embeddable":true,"href":"https:\/\/sculptureshome.com\/es\/wp-json\/wp\/v2\/product_tag?post=655"}],"curies":[{"name":"wp","href":"https:\/\/api.w.org\/{rel}","templated":true}]}}