{"id":599,"date":"2024-01-28T09:27:52","date_gmt":"2024-01-28T09:27:52","guid":{"rendered":"https:\/\/sculptureshome.com\/?post_type=product&#038;p=599"},"modified":"2024-01-28T09:27:52","modified_gmt":"2024-01-28T09:27:52","slug":"escultura-viajera-de-bronce-fundido","status":"publish","type":"product","link":"https:\/\/sculptureshome.com\/es\/product\/cast-bronze-traveler-sculpture\/","title":{"rendered":"Escultura viajera de bronce fundido"},"content":{"rendered":"<div class=\"attribute-item\">\n<div class=\"left\">Lugar de origen\uff1aGuangdong, China.<\/div>\n<\/div>\n<div class=\"attribute-item\">\n<div class=\"left\">Material: Metal<\/div>\n<div class=\"right\">Impresi\u00f3n: Impresi\u00f3n tipogr\u00e1fica<\/div>\n<div>M\u00e9todo de impresi\u00f3n: 1 color, 2 colores, 4 colores, 5 colores, 6 colores<\/div>\n<\/div>\n<div class=\"attribute-item\">\n<div class=\"left\">T\u00e9cnica: Fundici\u00f3n<\/div>\n<div class=\"right\">Estilo: Arte popular<\/div>\n<\/div>\n<div class=\"attribute-item\">\n<div class=\"left\">Tema: escultura de ganesha en bronce<\/div>\n<\/div>\n<div class=\"attribute-item\">\n<div class=\"left\">Color: Color personalizado<\/div>\n<div class=\"right\">Uso: Decoraci\u00f3n paisaj\u00edstica<\/div>\n<div>Tallas: Tallas personalizadas<\/div>\n<\/div>\n<div class=\"attribute-item\">\n<div class=\"left\">Forma Formas personalizadas<\/div>\n<div class=\"right\">Proceso: Fundici\u00f3n+pulido+chapado<\/div>\n<\/div>\n<div class=\"attribute-item\">\n<div class=\"left\">Material: Bronce<\/div>\n<div class=\"right\"><\/div>\n<\/div>","protected":false},"excerpt":{"rendered":"<p>Lugar de Origen\uff1aGuangdong, China Material: Metal Impresi\u00f3n: Impresi\u00f3n tipogr\u00e1fica M\u00e9todo de impresi\u00f3n: 1 color, 2 colores, 4 colores, 5 colores, 6 colores T\u00e9cnica: Estilo de fundici\u00f3n: Arte popular Tema: escultura de ganesha de bronce Color: Color personalizado Uso: Decoraci\u00f3n del paisaje Tama\u00f1o: Customzied Tama\u00f1os Forma: Formas personalizadas Proceso: Die Casting + pulido + galvanoplastia Material: Bronzen<\/p>","protected":false},"featured_media":600,"comment_status":"open","ping_status":"closed","template":"","meta":[],"product_brand":[],"product_cat":[26],"product_tag":[],"class_list":{"0":"post-599","1":"product","2":"type-product","3":"status-publish","4":"has-post-thumbnail","6":"product_cat-landscape-sculpture","8":"first","9":"instock","10":"shipping-taxable","11":"product-type-simple"},"_links":{"self":[{"href":"https:\/\/sculptureshome.com\/es\/wp-json\/wp\/v2\/product\/599","targetHints":{"allow":["GET"]}}],"collection":[{"href":"https:\/\/sculptureshome.com\/es\/wp-json\/wp\/v2\/product"}],"about":[{"href":"https:\/\/sculptureshome.com\/es\/wp-json\/wp\/v2\/types\/product"}],"replies":[{"embeddable":true,"href":"https:\/\/sculptureshome.com\/es\/wp-json\/wp\/v2\/comments?post=599"}],"version-history":[{"count":0,"href":"https:\/\/sculptureshome.com\/es\/wp-json\/wp\/v2\/product\/599\/revisions"}],"wp:featuredmedia":[{"embeddable":true,"href":"https:\/\/sculptureshome.com\/es\/wp-json\/wp\/v2\/media\/600"}],"wp:attachment":[{"href":"https:\/\/sculptureshome.com\/es\/wp-json\/wp\/v2\/media?parent=599"}],"wp:term":[{"taxonomy":"product_brand","embeddable":true,"href":"https:\/\/sculptureshome.com\/es\/wp-json\/wp\/v2\/product_brand?post=599"},{"taxonomy":"product_cat","embeddable":true,"href":"https:\/\/sculptureshome.com\/es\/wp-json\/wp\/v2\/product_cat?post=599"},{"taxonomy":"product_tag","embeddable":true,"href":"https:\/\/sculptureshome.com\/es\/wp-json\/wp\/v2\/product_tag?post=599"}],"curies":[{"name":"wp","href":"https:\/\/api.w.org\/{rel}","templated":true}]}}