{"id":575,"date":"2024-01-28T08:54:35","date_gmt":"2024-01-28T08:54:35","guid":{"rendered":"https:\/\/sculptureshome.com\/?post_type=product&#038;p=575"},"modified":"2024-01-28T08:54:35","modified_gmt":"2024-01-28T08:54:35","slug":"arte-moderno-figura-escultura-resina-adornos","status":"publish","type":"product","link":"https:\/\/sculptureshome.com\/es\/product\/modern-art-figure-sculpture-resin-ornaments\/","title":{"rendered":"Arte Moderno Figura Escultura Adornos Resina"},"content":{"rendered":"<div class=\"attribute-item\">\n<div class=\"left\" data-spm-anchor-id=\"a2700.details.0.i84.542c7febNDpM2q\">Lugar de origen: Guangdong, China<\/div>\n<div class=\"right\">Material: Resina<\/div>\n<div>Estilo: Moderno<\/div>\n<\/div>\n<div class=\"attribute-item\">\n<div class=\"left\">Uso: Decoraci\u00f3n y Regalo<\/div>\n<\/div>\n<div class=\"attribute-item\">\n<div class=\"left\">Uso: Decoraci\u00f3n del hogar.Regalos<\/div>\n<\/div>\n<div class=\"attribute-item\">\n<div class=\"left\">Color: Blanco y negro a juego<\/div>\n<div class=\"right\">Tipo de producto: Escultura Decoraci\u00f3n<\/div>\n<div>Talla: Tama\u00f1o personalizado<\/div>\n<\/div>","protected":false},"excerpt":{"rendered":"<p>Lugar de origen: Guangdong, China Material: Resina Estilo: Moderno Uso: Decoraci\u00f3n y Regalo Uso: Decoraciones para el hogar.Regalos Color: Blanco y negro de color a juego Tipo de producto: Escultura Decoraci\u00f3n Tama\u00f1o: Tama\u00f1o personalizado<\/p>","protected":false},"featured_media":576,"comment_status":"open","ping_status":"closed","template":"","meta":[],"product_brand":[],"product_cat":[25],"product_tag":[],"class_list":{"0":"post-575","1":"product","2":"type-product","3":"status-publish","4":"has-post-thumbnail","6":"product_cat-decorative-sculpture","8":"first","9":"instock","10":"shipping-taxable","11":"product-type-simple"},"_links":{"self":[{"href":"https:\/\/sculptureshome.com\/es\/wp-json\/wp\/v2\/product\/575","targetHints":{"allow":["GET"]}}],"collection":[{"href":"https:\/\/sculptureshome.com\/es\/wp-json\/wp\/v2\/product"}],"about":[{"href":"https:\/\/sculptureshome.com\/es\/wp-json\/wp\/v2\/types\/product"}],"replies":[{"embeddable":true,"href":"https:\/\/sculptureshome.com\/es\/wp-json\/wp\/v2\/comments?post=575"}],"version-history":[{"count":0,"href":"https:\/\/sculptureshome.com\/es\/wp-json\/wp\/v2\/product\/575\/revisions"}],"wp:featuredmedia":[{"embeddable":true,"href":"https:\/\/sculptureshome.com\/es\/wp-json\/wp\/v2\/media\/576"}],"wp:attachment":[{"href":"https:\/\/sculptureshome.com\/es\/wp-json\/wp\/v2\/media?parent=575"}],"wp:term":[{"taxonomy":"product_brand","embeddable":true,"href":"https:\/\/sculptureshome.com\/es\/wp-json\/wp\/v2\/product_brand?post=575"},{"taxonomy":"product_cat","embeddable":true,"href":"https:\/\/sculptureshome.com\/es\/wp-json\/wp\/v2\/product_cat?post=575"},{"taxonomy":"product_tag","embeddable":true,"href":"https:\/\/sculptureshome.com\/es\/wp-json\/wp\/v2\/product_tag?post=575"}],"curies":[{"name":"wp","href":"https:\/\/api.w.org\/{rel}","templated":true}]}}