{"id":567,"date":"2024-01-28T08:50:33","date_gmt":"2024-01-28T08:50:33","guid":{"rendered":"https:\/\/sculptureshome.com\/?post_type=product&#038;p=567"},"modified":"2024-02-10T06:26:06","modified_gmt":"2024-02-10T06:26:06","slug":"ciervo-de-cobre-personalizado-para-la-decoracion-estatua-animal-gigante","status":"publish","type":"product","link":"https:\/\/sculptureshome.com\/es\/product\/custom-copper-deer-for-decor-giant-animal-statue\/","title":{"rendered":"Ciervo De Cobre Personalizado Para Decoraci\u00f3n Estatua Animal Gigante"},"content":{"rendered":"<div class=\"attribute-item\">\n<div class=\"left\" data-spm-anchor-id=\"a2700.details.0.i75.1f076726idQAzw\">Lugar de origen: Guangdong, China<\/div>\n<div class=\"right\">Material: Resina<\/div>\n<div>Estilo: Artificial<\/div>\n<\/div>\n<div class=\"attribute-item\">\n<div class=\"left\">Uso: Decoraci\u00f3n del hogar<\/div>\n<div class=\"right\">Reportaje regional: China<\/div>\n<\/div>\n<div class=\"attribute-item\">\n<div class=\"left\">Talla: Tama\u00f1o personalizado<\/div>\n<div class=\"right\">Color: Color personalizado<\/div>\n<\/div>\n<div class=\"attribute-item\">\n<div class=\"left\">Material: Fibra de vidrio<\/div>\n<div class=\"right\">Logotipo: Logotipo personalizado Aceptar<\/div>\n<div>Forma: Forma personalizada<\/div>\n<\/div>\n<div class=\"attribute-item\">\n<div class=\"left\">Funci\u00f3n: Decorativo<\/div>\n<div class=\"right\">\n&nbsp;<\/p>\n<\/div>\n<\/div>\n<div class=\"attribute-item\">\n<div class=\"left\"><\/div>\n<div class=\"right\">\n&nbsp;<\/p>\n<\/div>\n<\/div>\n<div class=\"attribute-item\">\n<div class=\"left\"><\/div>\n<div class=\"right\"><\/div>\n<\/div>","protected":false},"excerpt":{"rendered":"<p>Lugar de origen: Guangdong, China Material: Resina Estilo: Artificial Uso: Decoraci\u00f3n del hogar Caracter\u00edstica regional: China Tama\u00f1o: Tama\u00f1o personalizado Color: Color personalizado Material: Fibra de vidrio Logo: Logotipo personalizado Aceptar Forma: Forma personalizada Funci\u00f3n: Decorativo &nbsp; &nbsp;<\/p>","protected":false},"featured_media":568,"comment_status":"open","ping_status":"closed","template":"","meta":[],"product_brand":[],"product_cat":[30],"product_tag":[],"class_list":{"0":"post-567","1":"product","2":"type-product","3":"status-publish","4":"has-post-thumbnail","6":"product_cat-fiberglass-sculpture","8":"first","9":"instock","10":"shipping-taxable","11":"product-type-simple"},"_links":{"self":[{"href":"https:\/\/sculptureshome.com\/es\/wp-json\/wp\/v2\/product\/567","targetHints":{"allow":["GET"]}}],"collection":[{"href":"https:\/\/sculptureshome.com\/es\/wp-json\/wp\/v2\/product"}],"about":[{"href":"https:\/\/sculptureshome.com\/es\/wp-json\/wp\/v2\/types\/product"}],"replies":[{"embeddable":true,"href":"https:\/\/sculptureshome.com\/es\/wp-json\/wp\/v2\/comments?post=567"}],"version-history":[{"count":0,"href":"https:\/\/sculptureshome.com\/es\/wp-json\/wp\/v2\/product\/567\/revisions"}],"wp:featuredmedia":[{"embeddable":true,"href":"https:\/\/sculptureshome.com\/es\/wp-json\/wp\/v2\/media\/568"}],"wp:attachment":[{"href":"https:\/\/sculptureshome.com\/es\/wp-json\/wp\/v2\/media?parent=567"}],"wp:term":[{"taxonomy":"product_brand","embeddable":true,"href":"https:\/\/sculptureshome.com\/es\/wp-json\/wp\/v2\/product_brand?post=567"},{"taxonomy":"product_cat","embeddable":true,"href":"https:\/\/sculptureshome.com\/es\/wp-json\/wp\/v2\/product_cat?post=567"},{"taxonomy":"product_tag","embeddable":true,"href":"https:\/\/sculptureshome.com\/es\/wp-json\/wp\/v2\/product_tag?post=567"}],"curies":[{"name":"wp","href":"https:\/\/api.w.org\/{rel}","templated":true}]}}