{"id":547,"date":"2024-01-28T08:36:01","date_gmt":"2024-01-28T08:36:01","guid":{"rendered":"https:\/\/sculptureshome.com\/?post_type=product&#038;p=547"},"modified":"2024-01-28T08:36:01","modified_gmt":"2024-01-28T08:36:01","slug":"decoracion-del-hogar-escultura-moderna-de-resina","status":"publish","type":"product","link":"https:\/\/sculptureshome.com\/es\/product\/home-decor-modern-resin-sculpture\/","title":{"rendered":"Decoraci\u00f3n del hogar Escultura moderna de resina"},"content":{"rendered":"<div class=\"attribute-item\">\n<div class=\"left\">Lugar de origen: Guangdong, China<\/div>\n<div class=\"right\">Material: Resina<\/div>\n<div>Estilo: Artificial<\/div>\n<\/div>\n<div class=\"attribute-item\">\n<div class=\"left\">Uso: Decoraci\u00f3n del hogar<\/div>\n<div class=\"right\">Reportaje regional: Europa<\/div>\n<\/div>\n<div class=\"attribute-item\">\n<div class=\"left\">Material: Resina<\/div>\n<div class=\"right\">Estilo: Lujo<\/div>\n<div>Uso: Decoraci\u00f3n navide\u00f1a y regalo<\/div>\n<\/div>\n<div class=\"attribute-item\">\n<div class=\"left\">Talla: Tama\u00f1o personalizado<\/div>\n<div class=\"right\">Color: Color personalizado<\/div>\n<\/div>","protected":false},"excerpt":{"rendered":"<p>Lugar de origen: Guangdong, China Material: Resina Estilo: Artificial Uso: Decoraci\u00f3n del hogar Caracter\u00edstica regional: Europa Material: Resina Estilo: Lujo Uso: Decoraci\u00f3n de vacaciones y regalo Tama\u00f1o: Tama\u00f1o personalizado Color: Color personalizado<\/p>","protected":false},"featured_media":548,"comment_status":"open","ping_status":"closed","template":"","meta":[],"product_brand":[],"product_cat":[25],"product_tag":[],"class_list":{"0":"post-547","1":"product","2":"type-product","3":"status-publish","4":"has-post-thumbnail","6":"product_cat-decorative-sculpture","8":"first","9":"instock","10":"shipping-taxable","11":"product-type-simple"},"_links":{"self":[{"href":"https:\/\/sculptureshome.com\/es\/wp-json\/wp\/v2\/product\/547","targetHints":{"allow":["GET"]}}],"collection":[{"href":"https:\/\/sculptureshome.com\/es\/wp-json\/wp\/v2\/product"}],"about":[{"href":"https:\/\/sculptureshome.com\/es\/wp-json\/wp\/v2\/types\/product"}],"replies":[{"embeddable":true,"href":"https:\/\/sculptureshome.com\/es\/wp-json\/wp\/v2\/comments?post=547"}],"version-history":[{"count":0,"href":"https:\/\/sculptureshome.com\/es\/wp-json\/wp\/v2\/product\/547\/revisions"}],"wp:featuredmedia":[{"embeddable":true,"href":"https:\/\/sculptureshome.com\/es\/wp-json\/wp\/v2\/media\/548"}],"wp:attachment":[{"href":"https:\/\/sculptureshome.com\/es\/wp-json\/wp\/v2\/media?parent=547"}],"wp:term":[{"taxonomy":"product_brand","embeddable":true,"href":"https:\/\/sculptureshome.com\/es\/wp-json\/wp\/v2\/product_brand?post=547"},{"taxonomy":"product_cat","embeddable":true,"href":"https:\/\/sculptureshome.com\/es\/wp-json\/wp\/v2\/product_cat?post=547"},{"taxonomy":"product_tag","embeddable":true,"href":"https:\/\/sculptureshome.com\/es\/wp-json\/wp\/v2\/product_tag?post=547"}],"curies":[{"name":"wp","href":"https:\/\/api.w.org\/{rel}","templated":true}]}}