{"id":540,"date":"2024-01-28T08:31:41","date_gmt":"2024-01-28T08:31:41","guid":{"rendered":"https:\/\/sculptureshome.com\/?post_type=product&#038;p=540"},"modified":"2024-01-28T08:31:41","modified_gmt":"2024-01-28T08:31:41","slug":"esculturas-modernas-para-el-hogar-decoracion-de-la-casa","status":"publish","type":"product","link":"https:\/\/sculptureshome.com\/es\/product\/modern-home-sculptures-house-decor\/","title":{"rendered":"Esculturas modernas para el hogar Decoraci\u00f3n de la casa"},"content":{"rendered":"<div class=\"attribute-list\">\n<div class=\"attribute-item\">\n<div class=\"left\" data-spm-anchor-id=\"a2700.details.0.i87.767f76f1coIM2G\">Estilo de dise\u00f1o\uff1aArt Deco<\/div>\n<\/div>\n<\/div>\n<div class=\"attribute-list\">\n<div class=\"attribute-item\">\n<div class=\"left\">Lugar de origen\uff1aGuangdong, China.<\/div>\n<div class=\"right\">Ocasi\u00f3n: a diario<\/div>\n<\/div>\n<div class=\"attribute-item\">\n<div class=\"right\">Material: poliresina<\/div>\n<\/div>\n<div class=\"attribute-item\">\n<div class=\"right\">Uso: Decorativo<\/div>\n<div>Forma: Irregular<\/div>\n<\/div>\n<div class=\"attribute-item\">\n<div class=\"left\">Patr\u00f3n: Retrato<\/div>\n<div class=\"right\">Tema: Arte<\/div>\n<\/div>\n<div class=\"attribute-item\">\n<div class=\"left\">Funci\u00f3n: M\u00d3VIL, Decoraci\u00f3n del hogar<\/div>\n<div class=\"right\">Tipo: Decoraci\u00f3n del hogar,Decoraci\u00f3n escultura<\/div>\n<div>Material: poliresina<\/div>\n<\/div>\n<div class=\"attribute-item\">\n<div class=\"left\">Aplicaci\u00f3n: hogar, hotel, oficina<\/div>\n<\/div>\n<\/div>","protected":false},"excerpt":{"rendered":"<p>Estilo de dise\u00f1o\uff1aArt Deco Lugar de origen\uff1aGuangdong, China Ocasi\u00f3n: diario Material: poliresina Uso: Decorativo Forma: Irregular Patr\u00f3n: Retrato Tema: Arte Funci\u00f3n: MOVABLE, decoraci\u00f3n del hogar Tipo: decoraci\u00f3n del hogar, escultura Decoraci\u00f3n Material: polyresin Aplicaci\u00f3n: hogar, hotel, oficina<\/p>","protected":false},"featured_media":541,"comment_status":"open","ping_status":"closed","template":"","meta":[],"product_brand":[],"product_cat":[25],"product_tag":[],"class_list":{"0":"post-540","1":"product","2":"type-product","3":"status-publish","4":"has-post-thumbnail","6":"product_cat-decorative-sculpture","8":"first","9":"instock","10":"shipping-taxable","11":"product-type-simple"},"_links":{"self":[{"href":"https:\/\/sculptureshome.com\/es\/wp-json\/wp\/v2\/product\/540","targetHints":{"allow":["GET"]}}],"collection":[{"href":"https:\/\/sculptureshome.com\/es\/wp-json\/wp\/v2\/product"}],"about":[{"href":"https:\/\/sculptureshome.com\/es\/wp-json\/wp\/v2\/types\/product"}],"replies":[{"embeddable":true,"href":"https:\/\/sculptureshome.com\/es\/wp-json\/wp\/v2\/comments?post=540"}],"version-history":[{"count":0,"href":"https:\/\/sculptureshome.com\/es\/wp-json\/wp\/v2\/product\/540\/revisions"}],"wp:featuredmedia":[{"embeddable":true,"href":"https:\/\/sculptureshome.com\/es\/wp-json\/wp\/v2\/media\/541"}],"wp:attachment":[{"href":"https:\/\/sculptureshome.com\/es\/wp-json\/wp\/v2\/media?parent=540"}],"wp:term":[{"taxonomy":"product_brand","embeddable":true,"href":"https:\/\/sculptureshome.com\/es\/wp-json\/wp\/v2\/product_brand?post=540"},{"taxonomy":"product_cat","embeddable":true,"href":"https:\/\/sculptureshome.com\/es\/wp-json\/wp\/v2\/product_cat?post=540"},{"taxonomy":"product_tag","embeddable":true,"href":"https:\/\/sculptureshome.com\/es\/wp-json\/wp\/v2\/product_tag?post=540"}],"curies":[{"name":"wp","href":"https:\/\/api.w.org\/{rel}","templated":true}]}}