{"id":524,"date":"2024-01-28T08:21:36","date_gmt":"2024-01-28T08:21:36","guid":{"rendered":"https:\/\/sculptureshome.com\/?post_type=product&#038;p=524"},"modified":"2024-01-28T08:21:36","modified_gmt":"2024-01-28T08:21:36","slug":"escultura-para-la-decoracion-del-hogar","status":"publish","type":"product","link":"https:\/\/sculptureshome.com\/es\/product\/sculpture-for-home-decoration\/","title":{"rendered":"Escultura para la decoraci\u00f3n del hogar"},"content":{"rendered":"<div class=\"attribute-list\">\n<div class=\"attribute-item\">\n<div class=\"left\" data-spm-anchor-id=\"a2700.details.0.i75.63185a2cTIBkP2\">Estilo de dise\u00f1o: Art D\u00e9co<\/div>\n<\/div>\n<\/div>\n<div class=\"attribute-list\">\n<div class=\"attribute-item\">\n<div class=\"left\" data-spm-anchor-id=\"a2700.details.0.i73.63185a2cTIBkP2\">Lugar de origen: Guangdong, China<\/div>\n<\/div>\n<div class=\"attribute-item\">\n<div class=\"left\">Ocasi\u00f3n: Navidad<\/div>\n<\/div>\n<div class=\"attribute-item\">\n<div class=\"left\">Material: Hierro<\/div>\n<div class=\"right\">Uso: Decorativo<\/div>\n<div>Forma: Irregular<\/div>\n<\/div>\n<div class=\"attribute-item\">\n<div class=\"left\">Patr\u00f3n: Retrato<\/div>\n<div class=\"right\">T\u00e9cnicas: Artesan\u00eda en metal<\/div>\n<\/div>\n<div class=\"attribute-item\">\n<div class=\"left\">Logotipo: Customized Logo Acceptable<\/div>\n<div class=\"right\"><\/div>\n<\/div>\n<\/div>","protected":false},"excerpt":{"rendered":"<p>Estilo de dise\u00f1o: Art Deco Lugar de Origen: Guangdong, China Ocasi\u00f3n: Navidad Material: Hierro Uso: Decorativo Forma: Irregular Patr\u00f3n: Retrato T\u00e9cnicas: Metal Artesan\u00eda Logo: Logotipo personalizado aceptable<\/p>","protected":false},"featured_media":525,"comment_status":"open","ping_status":"closed","template":"","meta":[],"product_brand":[],"product_cat":[25],"product_tag":[],"class_list":{"0":"post-524","1":"product","2":"type-product","3":"status-publish","4":"has-post-thumbnail","6":"product_cat-decorative-sculpture","8":"first","9":"instock","10":"shipping-taxable","11":"product-type-simple"},"_links":{"self":[{"href":"https:\/\/sculptureshome.com\/es\/wp-json\/wp\/v2\/product\/524","targetHints":{"allow":["GET"]}}],"collection":[{"href":"https:\/\/sculptureshome.com\/es\/wp-json\/wp\/v2\/product"}],"about":[{"href":"https:\/\/sculptureshome.com\/es\/wp-json\/wp\/v2\/types\/product"}],"replies":[{"embeddable":true,"href":"https:\/\/sculptureshome.com\/es\/wp-json\/wp\/v2\/comments?post=524"}],"version-history":[{"count":0,"href":"https:\/\/sculptureshome.com\/es\/wp-json\/wp\/v2\/product\/524\/revisions"}],"wp:featuredmedia":[{"embeddable":true,"href":"https:\/\/sculptureshome.com\/es\/wp-json\/wp\/v2\/media\/525"}],"wp:attachment":[{"href":"https:\/\/sculptureshome.com\/es\/wp-json\/wp\/v2\/media?parent=524"}],"wp:term":[{"taxonomy":"product_brand","embeddable":true,"href":"https:\/\/sculptureshome.com\/es\/wp-json\/wp\/v2\/product_brand?post=524"},{"taxonomy":"product_cat","embeddable":true,"href":"https:\/\/sculptureshome.com\/es\/wp-json\/wp\/v2\/product_cat?post=524"},{"taxonomy":"product_tag","embeddable":true,"href":"https:\/\/sculptureshome.com\/es\/wp-json\/wp\/v2\/product_tag?post=524"}],"curies":[{"name":"wp","href":"https:\/\/api.w.org\/{rel}","templated":true}]}}