{"id":499,"date":"2024-01-28T08:00:29","date_gmt":"2024-01-28T08:00:29","guid":{"rendered":"https:\/\/sculptureshome.com\/?post_type=product&#038;p=499"},"modified":"2024-01-28T08:00:29","modified_gmt":"2024-01-28T08:00:29","slug":"simulacion-pelicula-superheroes-estatuas-tamano-humano","status":"publish","type":"product","link":"https:\/\/sculptureshome.com\/es\/product\/simulation-super-hero-movie-human-size-statues\/","title":{"rendered":"Simulaci\u00f3n Pel\u00edcula Superh\u00e9roe Estatuas Tama\u00f1o Humano"},"content":{"rendered":"<div class=\"attribute-item\">\n<div class=\"left\" data-spm-anchor-id=\"a2700.details.0.i88.5bde6894SH1xG5\">Lugar de origen: Guangdong, China<\/div>\n<div class=\"right\">Material: Resina<\/div>\n<div>Estilo: Artificial<\/div>\n<\/div>\n<div class=\"attribute-item\">\n<div class=\"left\">Uso Arte y Coleccionismo<\/div>\n<div class=\"right\">Reportaje regional: China<\/div>\n<\/div>\n<div class=\"attribute-item\">\n<div class=\"left\">Material: Silicona y fibra de vidrio<\/div>\n<\/div>\n<div class=\"attribute-item\">\n<div class=\"left\">Tama\u00f1o: Personalizable<\/div>\n<div class=\"right\">Ropa: A medida<\/div>\n<\/div>\n<div class=\"attribute-item\">\n<div class=\"left\">Vida \u00fatil: Al menos 20 a\u00f1os<\/div>\n<div class=\"right\">\n&nbsp;<\/p>\n<\/div>\n<\/div>\n<div class=\"attribute-item\">\n<div class=\"left\"><\/div>\n<div class=\"right\">\n&nbsp;<\/p>\n<\/div>\n<\/div>\n<div class=\"attribute-item\">\n<div class=\"left\"><\/div>\n<div class=\"right\">\n&nbsp;<\/p>\n<\/div>\n<\/div>\n<div class=\"attribute-item\">\n<div class=\"left\">Temperatura<\/div>\n<div class=\"right\">La temperatura ambiente est\u00e1 bien&nbsp;<\/p>\n<\/div>\n<\/div>\n<div class=\"attribute-item\">\n<div class=\"left\">Mantenimiento<\/div>\n<div class=\"right\">Asistencia de mantenimiento de larga duraci\u00f3n<\/div>\n<\/div>","protected":false},"excerpt":{"rendered":"<p>Lugar de origen: Guangdong, China Material: Resina Estilo: Artificial Uso: Arte &amp; Coleccionable Caracter\u00edstica Regional: China Material: Silicona y fibra de vidrio Tama\u00f1o: Se puede personalizar Ropa: Hecho a medida Vida \u00fatil: Al menos 20 a\u00f1os Temperatura La temperatura ambiente est\u00e1 bien Mantenimiento Soporte de mantenimiento de larga duraci\u00f3n<\/p>","protected":false},"featured_media":501,"comment_status":"open","ping_status":"closed","template":"","meta":[],"product_brand":[],"product_cat":[24],"product_tag":[],"class_list":{"0":"post-499","1":"product","2":"type-product","3":"status-publish","4":"has-post-thumbnail","6":"product_cat-human-statue","8":"first","9":"instock","10":"shipping-taxable","11":"product-type-simple"},"_links":{"self":[{"href":"https:\/\/sculptureshome.com\/es\/wp-json\/wp\/v2\/product\/499","targetHints":{"allow":["GET"]}}],"collection":[{"href":"https:\/\/sculptureshome.com\/es\/wp-json\/wp\/v2\/product"}],"about":[{"href":"https:\/\/sculptureshome.com\/es\/wp-json\/wp\/v2\/types\/product"}],"replies":[{"embeddable":true,"href":"https:\/\/sculptureshome.com\/es\/wp-json\/wp\/v2\/comments?post=499"}],"version-history":[{"count":0,"href":"https:\/\/sculptureshome.com\/es\/wp-json\/wp\/v2\/product\/499\/revisions"}],"wp:featuredmedia":[{"embeddable":true,"href":"https:\/\/sculptureshome.com\/es\/wp-json\/wp\/v2\/media\/501"}],"wp:attachment":[{"href":"https:\/\/sculptureshome.com\/es\/wp-json\/wp\/v2\/media?parent=499"}],"wp:term":[{"taxonomy":"product_brand","embeddable":true,"href":"https:\/\/sculptureshome.com\/es\/wp-json\/wp\/v2\/product_brand?post=499"},{"taxonomy":"product_cat","embeddable":true,"href":"https:\/\/sculptureshome.com\/es\/wp-json\/wp\/v2\/product_cat?post=499"},{"taxonomy":"product_tag","embeddable":true,"href":"https:\/\/sculptureshome.com\/es\/wp-json\/wp\/v2\/product_tag?post=499"}],"curies":[{"name":"wp","href":"https:\/\/api.w.org\/{rel}","templated":true}]}}