{"id":492,"date":"2024-01-28T07:55:51","date_gmt":"2024-01-28T07:55:51","guid":{"rendered":"https:\/\/sculptureshome.com\/?post_type=product&#038;p=492"},"modified":"2024-03-08T13:08:58","modified_gmt":"2024-03-08T13:08:58","slug":"cascanueces-de-colores-soldado-de-fibra-de-vidrio-estatua-de-tamano-natural","status":"publish","type":"product","link":"https:\/\/sculptureshome.com\/es\/product\/colorful-nutcracker-soldier-fiberglass-life-size-statue\/","title":{"rendered":"Cascanueces de colores soldado de fibra de vidrio de tama\u00f1o natural estatua"},"content":{"rendered":"<div class=\"attribute-item\">\n<div class=\"left\" data-spm-anchor-id=\"a2700.details.0.i87.750765b5aVgCYi\">Lugar de origen: Zhejiang, China.<\/div>\n<div class=\"right\">Material: Resina<\/div>\n<div>Estilo: Arte popular Arte p\u00fablico<\/div>\n<\/div>\n<div class=\"attribute-item\">\n<div class=\"left\">Uso: Decoraci\u00f3n navide\u00f1a y regalo<\/div>\n<\/div>\n<div class=\"attribute-item\">\n<div class=\"left\">Material: Fibra de vidrio, etc.<\/div>\n<\/div>\n<div class=\"attribute-item\">\n<div class=\"left\">Ventajas: Producci\u00f3n profesional<\/div>\n<div class=\"right\">Forma, tama\u00f1o: admite personalizaci\u00f3n<\/div>\n<div>Color: cualquier color<\/div>\n<\/div>","protected":false},"excerpt":{"rendered":"<p>Lugar de Origen\uff1aZhejiang, China Material: Resina Estilo: Arte popular Arte fino Arte p\u00fablico Uso: Decoraci\u00f3n de vacaciones y regalo Material: Fibra de vidrio, etc Ventaja: Producci\u00f3n profesional Forma, tama\u00f1o: personalizaci\u00f3n de apoyo Color: cualquier color<\/p>","protected":false},"featured_media":493,"comment_status":"open","ping_status":"closed","template":"","meta":[],"product_brand":[],"product_cat":[30,24],"product_tag":[],"class_list":{"0":"post-492","1":"product","2":"type-product","3":"status-publish","4":"has-post-thumbnail","6":"product_cat-fiberglass-sculpture","7":"product_cat-human-statue","9":"first","10":"instock","11":"shipping-taxable","12":"product-type-simple"},"_links":{"self":[{"href":"https:\/\/sculptureshome.com\/es\/wp-json\/wp\/v2\/product\/492","targetHints":{"allow":["GET"]}}],"collection":[{"href":"https:\/\/sculptureshome.com\/es\/wp-json\/wp\/v2\/product"}],"about":[{"href":"https:\/\/sculptureshome.com\/es\/wp-json\/wp\/v2\/types\/product"}],"replies":[{"embeddable":true,"href":"https:\/\/sculptureshome.com\/es\/wp-json\/wp\/v2\/comments?post=492"}],"version-history":[{"count":0,"href":"https:\/\/sculptureshome.com\/es\/wp-json\/wp\/v2\/product\/492\/revisions"}],"wp:featuredmedia":[{"embeddable":true,"href":"https:\/\/sculptureshome.com\/es\/wp-json\/wp\/v2\/media\/493"}],"wp:attachment":[{"href":"https:\/\/sculptureshome.com\/es\/wp-json\/wp\/v2\/media?parent=492"}],"wp:term":[{"taxonomy":"product_brand","embeddable":true,"href":"https:\/\/sculptureshome.com\/es\/wp-json\/wp\/v2\/product_brand?post=492"},{"taxonomy":"product_cat","embeddable":true,"href":"https:\/\/sculptureshome.com\/es\/wp-json\/wp\/v2\/product_cat?post=492"},{"taxonomy":"product_tag","embeddable":true,"href":"https:\/\/sculptureshome.com\/es\/wp-json\/wp\/v2\/product_tag?post=492"}],"curies":[{"name":"wp","href":"https:\/\/api.w.org\/{rel}","templated":true}]}}