{"id":484,"date":"2024-01-28T07:47:09","date_gmt":"2024-01-28T07:47:09","guid":{"rendered":"https:\/\/sculptureshome.com\/?post_type=product&#038;p=484"},"modified":"2024-01-28T07:47:09","modified_gmt":"2024-01-28T07:47:09","slug":"personaje-hecho-a-medida-estatuilla-masculina-estatua-humana-souvenir","status":"publish","type":"product","link":"https:\/\/sculptureshome.com\/es\/product\/custom-made-character-male-figurine-human-statue-souvenir\/","title":{"rendered":"custom made Personaje estatuilla masculina estatua humana souvenir"},"content":{"rendered":"<div class=\"attribute-item\">\n<div class=\"left\" data-spm-anchor-id=\"a2700.details.0.i86.356b738bK0d3VS\">Lugar de Origen\uff1aGuangdong,China.<\/div>\n<\/div>\n<div class=\"attribute-item\">\n<div class=\"left\">Material: Resina<\/div>\n<div class=\"right\">Estilo: Realista<\/div>\n<div>Uso: Souvenir<\/div>\n<\/div>\n<div class=\"attribute-item\">\n<div class=\"left\">Uso: Decoraci\u00f3n Interior<\/div>\n<div class=\"right\">Nombre del producto: Escultura Figurita de resina<\/div>\n<\/div>\n<div class=\"attribute-item\">\n<div class=\"left\">Funci\u00f3n: Decorativo<\/div>\n<div>Logotipo: Logotipo personalizado<\/div>\n<div class=\"right\">Forma: Forma personalizada<\/div>\n<\/div>\n<div class=\"attribute-item\">\n<div class=\"left\">Dise\u00f1o: OEM ODM<\/div>\n<div class=\"right\">\n&nbsp;<\/p>\n<\/div>\n<\/div>\n<div class=\"attribute-item\">\n<div class=\"left\"><\/div>\n<div class=\"right\" data-spm-anchor-id=\"a2700.details.0.i87.356b738bK0d3VS\">\n&nbsp;<\/p>\n<\/div>\n<\/div>\n<div class=\"attribute-item\">\n<div class=\"left\"><\/div>\n<div class=\"right\" data-spm-anchor-id=\"a2700.details.0.i88.356b738bK0d3VS\"><\/div>\n<\/div>","protected":false},"excerpt":{"rendered":"<p>Lugar de Origen\uff1aGuangdong,China Material: Resina Estilo: Realista Uso: Souvenir Uso: Decoraci\u00f3n interior Nombre de producto: Figurilla de la resina de la escultura Funci\u00f3n: Decorativo Logo: Logotipo personalizado Forma: Personalizado Forma Dise\u00f1o: OEM ODM &nbsp; &nbsp;<\/p>","protected":false},"featured_media":485,"comment_status":"open","ping_status":"closed","template":"","meta":[],"product_brand":[],"product_cat":[24],"product_tag":[],"class_list":{"0":"post-484","1":"product","2":"type-product","3":"status-publish","4":"has-post-thumbnail","6":"product_cat-human-statue","8":"first","9":"instock","10":"shipping-taxable","11":"product-type-simple"},"_links":{"self":[{"href":"https:\/\/sculptureshome.com\/es\/wp-json\/wp\/v2\/product\/484","targetHints":{"allow":["GET"]}}],"collection":[{"href":"https:\/\/sculptureshome.com\/es\/wp-json\/wp\/v2\/product"}],"about":[{"href":"https:\/\/sculptureshome.com\/es\/wp-json\/wp\/v2\/types\/product"}],"replies":[{"embeddable":true,"href":"https:\/\/sculptureshome.com\/es\/wp-json\/wp\/v2\/comments?post=484"}],"version-history":[{"count":0,"href":"https:\/\/sculptureshome.com\/es\/wp-json\/wp\/v2\/product\/484\/revisions"}],"wp:featuredmedia":[{"embeddable":true,"href":"https:\/\/sculptureshome.com\/es\/wp-json\/wp\/v2\/media\/485"}],"wp:attachment":[{"href":"https:\/\/sculptureshome.com\/es\/wp-json\/wp\/v2\/media?parent=484"}],"wp:term":[{"taxonomy":"product_brand","embeddable":true,"href":"https:\/\/sculptureshome.com\/es\/wp-json\/wp\/v2\/product_brand?post=484"},{"taxonomy":"product_cat","embeddable":true,"href":"https:\/\/sculptureshome.com\/es\/wp-json\/wp\/v2\/product_cat?post=484"},{"taxonomy":"product_tag","embeddable":true,"href":"https:\/\/sculptureshome.com\/es\/wp-json\/wp\/v2\/product_tag?post=484"}],"curies":[{"name":"wp","href":"https:\/\/api.w.org\/{rel}","templated":true}]}}