{"id":432,"date":"2024-01-27T16:20:16","date_gmt":"2024-01-27T16:20:16","guid":{"rendered":"https:\/\/sculptureshome.com\/?post_type=product&#038;p=432"},"modified":"2024-03-08T13:09:57","modified_gmt":"2024-03-08T13:09:57","slug":"escultura-animal-abstracta-de-resina-de-vidrio-tamano-natural","status":"publish","type":"product","link":"https:\/\/sculptureshome.com\/es\/product\/life-size-resine-fiberglass-abstract-animal-sculpture\/","title":{"rendered":"Escultura animal abstracta de resina de vidrio de tama\u00f1o natural"},"content":{"rendered":"<div class=\"attribute-item\">\n<div class=\"left\">Material: Resina<\/div>\n<div class=\"right\">Estilo: Arte popular<\/div>\n<div>Uso: Decoraci\u00f3n del hogar<\/div>\n<\/div>\n<div class=\"attribute-item\">\n<div class=\"left\">Reportaje regional: Europa<\/div>\n<\/div>\n<div class=\"attribute-item\">\n<div class=\"left\">Nombre breve: cheetah statue r\u00e9sine<\/div>\n<div class=\"right\">Material: Resina, Acero inoxidable, Poliresina<\/div>\n<div class=\"right\">Tama\u00f1o: Personalizado seg\u00fan sus necesidades<\/div>\n<div>Color: Plata, Negro, Rojo, Azul, Oro, Rosa, Morado<\/div>\n<\/div>\n<div class=\"attribute-item\">\n<div class=\"right\">Artesan\u00eda: Cromado<\/div>\n<div class=\"right\">Servicio:Fabricaci\u00f3n y dise\u00f1o de modelos 3D<\/div>\n<\/div>\n<div class=\"attribute-item\">\n<div class=\"left\"><\/div>\n<div class=\"right\">\n&nbsp;<\/p>\n<\/div>\n<\/div>\n<div class=\"attribute-item\">\n<div class=\"left\"><\/div>\n<div class=\"right\">\n&nbsp;<\/p>\n<\/div>\n<\/div>\n<div class=\"attribute-item\">\n<div class=\"left\"><\/div>\n<div class=\"right\">\n&nbsp;<\/p>\n<\/div>\n<\/div>\n<div class=\"attribute-item\">\n<div class=\"left\"><\/div>\n<div class=\"right\" data-spm-anchor-id=\"a2700.details.0.i86.7cbd1ca6508fZ5\"><\/div>\n<\/div>","protected":false},"excerpt":{"rendered":"<p>Material: Resina Estilo: Arte popular Uso: Decoraci\u00f3n del hogar Caracter\u00edstica regional: Europa Breve Nombre: guepardo estatua r\u00e9sine Material: Resina, acero inoxidable, Polyresin Tama\u00f1o: Personalizado seg\u00fan sus necesidades Color: Plata, Negro, Rojo, Azul, Oro, Rosa, P\u00farpura Artesan\u00eda: Cromado Servicio: 3d modelo de hacer y dise\u00f1ar &nbsp; &nbsp; &nbsp;<\/p>","protected":false},"featured_media":433,"comment_status":"open","ping_status":"closed","template":"","meta":[],"product_brand":[],"product_cat":[22,30],"product_tag":[],"class_list":{"0":"post-432","1":"product","2":"type-product","3":"status-publish","4":"has-post-thumbnail","6":"product_cat-animal-sculpture","7":"product_cat-fiberglass-sculpture","9":"first","10":"instock","11":"shipping-taxable","12":"product-type-simple"},"_links":{"self":[{"href":"https:\/\/sculptureshome.com\/es\/wp-json\/wp\/v2\/product\/432","targetHints":{"allow":["GET"]}}],"collection":[{"href":"https:\/\/sculptureshome.com\/es\/wp-json\/wp\/v2\/product"}],"about":[{"href":"https:\/\/sculptureshome.com\/es\/wp-json\/wp\/v2\/types\/product"}],"replies":[{"embeddable":true,"href":"https:\/\/sculptureshome.com\/es\/wp-json\/wp\/v2\/comments?post=432"}],"version-history":[{"count":0,"href":"https:\/\/sculptureshome.com\/es\/wp-json\/wp\/v2\/product\/432\/revisions"}],"wp:featuredmedia":[{"embeddable":true,"href":"https:\/\/sculptureshome.com\/es\/wp-json\/wp\/v2\/media\/433"}],"wp:attachment":[{"href":"https:\/\/sculptureshome.com\/es\/wp-json\/wp\/v2\/media?parent=432"}],"wp:term":[{"taxonomy":"product_brand","embeddable":true,"href":"https:\/\/sculptureshome.com\/es\/wp-json\/wp\/v2\/product_brand?post=432"},{"taxonomy":"product_cat","embeddable":true,"href":"https:\/\/sculptureshome.com\/es\/wp-json\/wp\/v2\/product_cat?post=432"},{"taxonomy":"product_tag","embeddable":true,"href":"https:\/\/sculptureshome.com\/es\/wp-json\/wp\/v2\/product_tag?post=432"}],"curies":[{"name":"wp","href":"https:\/\/api.w.org\/{rel}","templated":true}]}}