{"id":400,"date":"2024-01-27T15:38:39","date_gmt":"2024-01-27T15:38:39","guid":{"rendered":"https:\/\/sculptureshome.com\/?post_type=product&#038;p=400"},"modified":"2024-01-27T15:38:39","modified_gmt":"2024-01-27T15:38:39","slug":"estatua-animal-de-jardin","status":"publish","type":"product","link":"https:\/\/sculptureshome.com\/es\/product\/garden-animal-statue\/","title":{"rendered":"Estatua de animal de jard\u00edn"},"content":{"rendered":"<div class=\"attribute-item\">\n<div class=\"left\" data-spm-anchor-id=\"a2700.details.0.i87.732a7b25AMsucH\">Tipo: Adornos<\/div>\n<div data-spm-anchor-id=\"a2700.details.0.i87.732a7b25AMsucH\">Material: Metal<\/div>\n<div data-spm-anchor-id=\"a2700.details.0.i87.732a7b25AMsucH\">Di\u00e1metro: 20 mm<\/div>\n<\/div>\n<div class=\"attribute-item\">\n<div class=\"left\">Funci\u00f3n: Regalo de decoraci\u00f3n de jard\u00edn<\/div>\n<div class=\"right\">Tama\u00f1o: 39*40*86cm<\/div>\n<\/div>","protected":false},"excerpt":{"rendered":"<p>Tipo: Adornos Material: Metal Diametro: 20mm Funcion: Decoraci\u00f3n de jard\u00edn Regalo Tama\u00f1o: 39*40*86cm<\/p>","protected":false},"featured_media":401,"comment_status":"open","ping_status":"closed","template":"","meta":[],"product_brand":[],"product_cat":[22],"product_tag":[],"class_list":{"0":"post-400","1":"product","2":"type-product","3":"status-publish","4":"has-post-thumbnail","6":"product_cat-animal-sculpture","8":"first","9":"instock","10":"shipping-taxable","11":"product-type-simple"},"_links":{"self":[{"href":"https:\/\/sculptureshome.com\/es\/wp-json\/wp\/v2\/product\/400","targetHints":{"allow":["GET"]}}],"collection":[{"href":"https:\/\/sculptureshome.com\/es\/wp-json\/wp\/v2\/product"}],"about":[{"href":"https:\/\/sculptureshome.com\/es\/wp-json\/wp\/v2\/types\/product"}],"replies":[{"embeddable":true,"href":"https:\/\/sculptureshome.com\/es\/wp-json\/wp\/v2\/comments?post=400"}],"version-history":[{"count":0,"href":"https:\/\/sculptureshome.com\/es\/wp-json\/wp\/v2\/product\/400\/revisions"}],"wp:featuredmedia":[{"embeddable":true,"href":"https:\/\/sculptureshome.com\/es\/wp-json\/wp\/v2\/media\/401"}],"wp:attachment":[{"href":"https:\/\/sculptureshome.com\/es\/wp-json\/wp\/v2\/media?parent=400"}],"wp:term":[{"taxonomy":"product_brand","embeddable":true,"href":"https:\/\/sculptureshome.com\/es\/wp-json\/wp\/v2\/product_brand?post=400"},{"taxonomy":"product_cat","embeddable":true,"href":"https:\/\/sculptureshome.com\/es\/wp-json\/wp\/v2\/product_cat?post=400"},{"taxonomy":"product_tag","embeddable":true,"href":"https:\/\/sculptureshome.com\/es\/wp-json\/wp\/v2\/product_tag?post=400"}],"curies":[{"name":"wp","href":"https:\/\/api.w.org\/{rel}","templated":true}]}}