{"id":393,"date":"2024-01-27T15:33:22","date_gmt":"2024-01-27T15:33:22","guid":{"rendered":"https:\/\/sculptureshome.com\/?post_type=product&#038;p=393"},"modified":"2024-01-27T15:33:22","modified_gmt":"2024-01-27T15:33:22","slug":"bulldog-frances-estatua-mayordomo-con-bandejas-dobles","status":"publish","type":"product","link":"https:\/\/sculptureshome.com\/es\/product\/french-bulldog-butler-statue-with-double-trays\/","title":{"rendered":"Estatua de mayordomo bulldog franc\u00e9s con bandejas dobles"},"content":{"rendered":"<div class=\"attribute-list\">\n<div class=\"attribute-item\">\n<div class=\"left\" data-spm-anchor-id=\"a2700.wholesale.0.i94.1c3f6aecdTKuQZ\">Estilo de dise\u00f1o\uff1aArt Deco<\/div>\n<\/div>\n<\/div>\n<div class=\"attribute-list\">\n<div class=\"attribute-item\">\n<div class=\"left\">Lugar de origen: Guangdong, China<\/div>\n<\/div>\n<div class=\"attribute-item\">\n<div class=\"left\">Ocasi\u00f3n: Acci\u00f3n de Gracias<\/div>\n<div class=\"right\">Material: Resina<\/div>\n<div>Uso: Decorativo<\/div>\n<\/div>\n<div class=\"attribute-item\">\n<div class=\"left\">Forma: Circular<\/div>\n<div class=\"right\">Patr\u00f3n: Esc\u00e9nico<\/div>\n<div>Formato: Artesan\u00eda en metal<\/div>\n<\/div>\n<div class=\"attribute-item\">\n<div class=\"left\">\n<div class=\"left\">T\u00e9cnica: Chapado en oro<\/div>\n<\/div>\n<\/div>\n<\/div>","protected":false},"excerpt":{"rendered":"<p>Estilo de Dise\u00f1o\uff1aArt Deco Lugar de Origen: Guangdong, China Ocasi\u00f3n: Acci\u00f3n de Gracias Material: Resina Uso: Decorativo Forma: Circular Patr\u00f3n: Formato Esc\u00e9nico: Metal Artesan\u00eda T\u00e9cnicas: Dorado<\/p>","protected":false},"featured_media":394,"comment_status":"open","ping_status":"closed","template":"","meta":[],"product_brand":[],"product_cat":[22],"product_tag":[],"class_list":{"0":"post-393","1":"product","2":"type-product","3":"status-publish","4":"has-post-thumbnail","6":"product_cat-animal-sculpture","8":"first","9":"instock","10":"shipping-taxable","11":"product-type-simple"},"_links":{"self":[{"href":"https:\/\/sculptureshome.com\/es\/wp-json\/wp\/v2\/product\/393","targetHints":{"allow":["GET"]}}],"collection":[{"href":"https:\/\/sculptureshome.com\/es\/wp-json\/wp\/v2\/product"}],"about":[{"href":"https:\/\/sculptureshome.com\/es\/wp-json\/wp\/v2\/types\/product"}],"replies":[{"embeddable":true,"href":"https:\/\/sculptureshome.com\/es\/wp-json\/wp\/v2\/comments?post=393"}],"version-history":[{"count":0,"href":"https:\/\/sculptureshome.com\/es\/wp-json\/wp\/v2\/product\/393\/revisions"}],"wp:featuredmedia":[{"embeddable":true,"href":"https:\/\/sculptureshome.com\/es\/wp-json\/wp\/v2\/media\/394"}],"wp:attachment":[{"href":"https:\/\/sculptureshome.com\/es\/wp-json\/wp\/v2\/media?parent=393"}],"wp:term":[{"taxonomy":"product_brand","embeddable":true,"href":"https:\/\/sculptureshome.com\/es\/wp-json\/wp\/v2\/product_brand?post=393"},{"taxonomy":"product_cat","embeddable":true,"href":"https:\/\/sculptureshome.com\/es\/wp-json\/wp\/v2\/product_cat?post=393"},{"taxonomy":"product_tag","embeddable":true,"href":"https:\/\/sculptureshome.com\/es\/wp-json\/wp\/v2\/product_tag?post=393"}],"curies":[{"name":"wp","href":"https:\/\/api.w.org\/{rel}","templated":true}]}}