{"id":368,"date":"2024-01-26T12:49:32","date_gmt":"2024-01-26T12:49:32","guid":{"rendered":"https:\/\/sculptureshome.com\/?post_type=product&#038;p=368"},"modified":"2024-01-26T12:49:52","modified_gmt":"2024-01-26T12:49:52","slug":"marco-de-fotos-de-pizarra-de-piedra-con-impresion-por-sublimacion-en-blanco","status":"publish","type":"product","link":"https:\/\/sculptureshome.com\/es\/product\/blank-sublimation-print-rock-stone-slate-picture-frame\/","title":{"rendered":"Sublimaci\u00f3n en blanco Imprimir piedra de roca pizarra marco de fotos"},"content":{"rendered":"<div class=\"attribute-item\">\n<div class=\"left\" data-spm-anchor-id=\"a2700.details.0.i80.789e40b3a4D2Me\">Lugar de origen: Guangdong,China<\/div>\n<\/div>\n<div class=\"attribute-item\">\n<div class=\"left\">Material: Piedra<\/div>\n<div class=\"right\">Tipo: M\u00e1rmol<\/div>\n<div>T\u00e9cnica: Tallado<\/div>\n<\/div>\n<div class=\"attribute-item\"><\/div>\n<div class=\"attribute-item\">\n<div class=\"right\">Estilo: Religioso<\/div>\n<\/div>\n<div class=\"attribute-item\">\n<div class=\"left\">Uso: Decoraci\u00f3n del hogar<\/div>\n<div class=\"right\">Tama\u00f1o: Personalizar tallas<\/div>\n<div>Uso: Decoraci\u00f3n del hogar<\/div>\n<\/div>\n<div class=\"attribute-item\">\n<div class=\"left\">\n<div class=\"attribute-item\">\n<div class=\"left\">Color: Color personalizado<\/div>\n<div class=\"right\">Forma: Rect\u00e1ngulo<\/div>\n<div>Solicitud: Ministerio del Interior<\/div>\n<\/div>\n<div class=\"attribute-item\">\n<div class=\"left\"><\/div>\n<div class=\"right\" data-spm-anchor-id=\"a2700.details.0.i83.789e40b3a4D2Me\"><\/div>\n<\/div>\n<div class=\"attribute-item\">\n<div class=\"left\"><\/div>\n<div class=\"right\" data-spm-anchor-id=\"a2700.details.0.i84.789e40b3a4D2Me\"><\/div>\n<\/div>\n<div class=\"attribute-item\">\n<div class=\"left\"><\/div>\n<div class=\"right\" data-spm-anchor-id=\"a2700.details.0.i85.789e40b3a4D2Me\"><\/div>\n<\/div>\n<\/div>\n<\/div>","protected":false},"excerpt":{"rendered":"<p>Lugar de origen: Guangdong,China Material: Piedra Tipo: M\u00e1rmol T\u00e9cnica: Tallado Estilo: Religioso Uso: Decoraci\u00f3n del hogar Tama\u00f1o: Personalizar tama\u00f1os Uso: Decoraci\u00f3n del hogar Color: Color personalizado Forma: Rect\u00e1ngulo Aplicaci\u00f3n: Casa Oficina<\/p>","protected":false},"featured_media":369,"comment_status":"open","ping_status":"closed","template":"","meta":[],"product_brand":[],"product_cat":[25],"product_tag":[],"class_list":{"0":"post-368","1":"product","2":"type-product","3":"status-publish","4":"has-post-thumbnail","6":"product_cat-decorative-sculpture","8":"first","9":"instock","10":"shipping-taxable","11":"product-type-simple"},"_links":{"self":[{"href":"https:\/\/sculptureshome.com\/es\/wp-json\/wp\/v2\/product\/368","targetHints":{"allow":["GET"]}}],"collection":[{"href":"https:\/\/sculptureshome.com\/es\/wp-json\/wp\/v2\/product"}],"about":[{"href":"https:\/\/sculptureshome.com\/es\/wp-json\/wp\/v2\/types\/product"}],"replies":[{"embeddable":true,"href":"https:\/\/sculptureshome.com\/es\/wp-json\/wp\/v2\/comments?post=368"}],"version-history":[{"count":0,"href":"https:\/\/sculptureshome.com\/es\/wp-json\/wp\/v2\/product\/368\/revisions"}],"wp:featuredmedia":[{"embeddable":true,"href":"https:\/\/sculptureshome.com\/es\/wp-json\/wp\/v2\/media\/369"}],"wp:attachment":[{"href":"https:\/\/sculptureshome.com\/es\/wp-json\/wp\/v2\/media?parent=368"}],"wp:term":[{"taxonomy":"product_brand","embeddable":true,"href":"https:\/\/sculptureshome.com\/es\/wp-json\/wp\/v2\/product_brand?post=368"},{"taxonomy":"product_cat","embeddable":true,"href":"https:\/\/sculptureshome.com\/es\/wp-json\/wp\/v2\/product_cat?post=368"},{"taxonomy":"product_tag","embeddable":true,"href":"https:\/\/sculptureshome.com\/es\/wp-json\/wp\/v2\/product_tag?post=368"}],"curies":[{"name":"wp","href":"https:\/\/api.w.org\/{rel}","templated":true}]}}