{"id":360,"date":"2024-01-26T12:42:18","date_gmt":"2024-01-26T12:42:18","guid":{"rendered":"https:\/\/sculptureshome.com\/?post_type=product&#038;p=360"},"modified":"2024-01-26T12:42:18","modified_gmt":"2024-01-26T12:42:18","slug":"poster-abstracto-moderno-lienzo-pared-negro-dorado","status":"publish","type":"product","link":"https:\/\/sculptureshome.com\/es\/product\/abstract-modern-canvas-poster-golden-black-wall\/","title":{"rendered":"Abstracto Moderno Lienzo P\u00f3ster Pared Negro Dorado"},"content":{"rendered":"<div class=\"attribute-list\">\n<div class=\"attribute-item\">\n<div class=\"left\">Estilo de dise\u00f1o: Minimalista, Granja, Arte Decorativo, Moderno, Morden Lujo<\/div>\n<\/div>\n<\/div>\n<div class=\"attribute-list\">\n<div class=\"attribute-item\">\n<div class=\"left\">Lugar de origen: Guangdong, China<\/div>\n<\/div>\n<div class=\"attribute-item\">\n<div class=\"left\">Color de la montura: Dorado<\/div>\n<\/div>\n<div class=\"attribute-item\">\n<div class=\"left\">Material: lona<\/div>\n<div class=\"right\">Uso: Decorativo<\/div>\n<div>Forma: Rect\u00e1ngulo<\/div>\n<\/div>\n<div class=\"attribute-item\">\n<div class=\"left\">Patr\u00f3n: Horizontal<\/div>\n<div class=\"right\">Acabado del marco: Sin revestimiento<\/div>\n<div>Formato: Primavera<\/div>\n<\/div>\n<div class=\"attribute-item\">\n<div class=\"left\">T\u00e9cnica: PANEL<\/div>\n<\/div>\n<\/div>","protected":false},"excerpt":{"rendered":"<p>Estilo de Dise\u00f1o: Minimalista, Granja, Arte Decorativo, Moderno, Morden Lujo Lugar de Origen: Guangdong, China Color del marco: Oro Material: lienzo Uso: Decorativo Forma: Rect\u00e1ngulo Patr\u00f3n: Marco horizontal Acabado: No recubierto Formato: Primavera T\u00e9cnicas: PANEL<\/p>","protected":false},"featured_media":361,"comment_status":"open","ping_status":"closed","template":"","meta":[],"product_brand":[],"product_cat":[25],"product_tag":[],"class_list":{"0":"post-360","1":"product","2":"type-product","3":"status-publish","4":"has-post-thumbnail","6":"product_cat-decorative-sculpture","8":"first","9":"instock","10":"shipping-taxable","11":"product-type-simple"},"_links":{"self":[{"href":"https:\/\/sculptureshome.com\/es\/wp-json\/wp\/v2\/product\/360","targetHints":{"allow":["GET"]}}],"collection":[{"href":"https:\/\/sculptureshome.com\/es\/wp-json\/wp\/v2\/product"}],"about":[{"href":"https:\/\/sculptureshome.com\/es\/wp-json\/wp\/v2\/types\/product"}],"replies":[{"embeddable":true,"href":"https:\/\/sculptureshome.com\/es\/wp-json\/wp\/v2\/comments?post=360"}],"version-history":[{"count":0,"href":"https:\/\/sculptureshome.com\/es\/wp-json\/wp\/v2\/product\/360\/revisions"}],"wp:featuredmedia":[{"embeddable":true,"href":"https:\/\/sculptureshome.com\/es\/wp-json\/wp\/v2\/media\/361"}],"wp:attachment":[{"href":"https:\/\/sculptureshome.com\/es\/wp-json\/wp\/v2\/media?parent=360"}],"wp:term":[{"taxonomy":"product_brand","embeddable":true,"href":"https:\/\/sculptureshome.com\/es\/wp-json\/wp\/v2\/product_brand?post=360"},{"taxonomy":"product_cat","embeddable":true,"href":"https:\/\/sculptureshome.com\/es\/wp-json\/wp\/v2\/product_cat?post=360"},{"taxonomy":"product_tag","embeddable":true,"href":"https:\/\/sculptureshome.com\/es\/wp-json\/wp\/v2\/product_tag?post=360"}],"curies":[{"name":"wp","href":"https:\/\/api.w.org\/{rel}","templated":true}]}}