{"id":345,"date":"2024-01-26T12:27:53","date_gmt":"2024-01-26T12:27:53","guid":{"rendered":"https:\/\/sculptureshome.com\/?post_type=product&#038;p=345"},"modified":"2024-01-26T12:27:53","modified_gmt":"2024-01-26T12:27:53","slug":"exterior-abstracto-metal-acero-inoxidable-escultura-moderna-exterior","status":"publish","type":"product","link":"https:\/\/sculptureshome.com\/es\/product\/outdoor-abstract-metal-stainless-steel-modern-sculpture-exterior\/","title":{"rendered":"Escultura exterior abstracta de metal y acero inoxidable"},"content":{"rendered":"<div class=\"attribute-item\">\n<div class=\"left\">Lugar de origen: Guangdong, China<\/p>\n<p>Material: Metal<\/p><\/div>\n<div class=\"right\">\n<p>Impresi\u00f3n: pulido<\/p>\n<\/div>\n<\/div>\n<div class=\"attribute-item\">\n<div class=\"left\">M\u00e9todo de impresi\u00f3n: 4 colores<\/div>\n<div class=\"right\">\n<p>T\u00e9cnica\uff1aSoldadura<\/p>\n<\/div>\n<\/div>\n<div class=\"attribute-item\">\n<div class=\"left\">Estilo\uff1aEsculturas de jard\u00edn de acero inoxidable<\/div>\n<div class=\"right\">\n<p>Uso\uff1aCiudad\/plaza\/decoraci\u00f3n urbana<\/p>\n<p>Tema: Graden\/Escultura al aire libre<\/p>\n<\/div>\n<\/div>\n<div class=\"attribute-item\">\n<div class=\"right\" data-spm-anchor-id=\"a2700.details.0.i63.52471835ixfiRm\"><\/div>\n<\/div>","protected":false},"excerpt":{"rendered":"<p>Lugar de origen: Guangdong, China Material: Metal Impresi\u00f3n: pulido M\u00e9todo de impresi\u00f3n: 4 color Technique\uff1aWelding Style\uff1aStainless Steel Garden Sculptures Use\uff1aCity\/Square\/urban Decoration Theme: Graden\/Escultura al aire libre<\/p>","protected":false},"featured_media":346,"comment_status":"open","ping_status":"closed","template":"","meta":[],"product_brand":[],"product_cat":[21],"product_tag":[],"class_list":{"0":"post-345","1":"product","2":"type-product","3":"status-publish","4":"has-post-thumbnail","6":"product_cat-modern-sculpture","8":"first","9":"instock","10":"shipping-taxable","11":"product-type-simple"},"_links":{"self":[{"href":"https:\/\/sculptureshome.com\/es\/wp-json\/wp\/v2\/product\/345","targetHints":{"allow":["GET"]}}],"collection":[{"href":"https:\/\/sculptureshome.com\/es\/wp-json\/wp\/v2\/product"}],"about":[{"href":"https:\/\/sculptureshome.com\/es\/wp-json\/wp\/v2\/types\/product"}],"replies":[{"embeddable":true,"href":"https:\/\/sculptureshome.com\/es\/wp-json\/wp\/v2\/comments?post=345"}],"version-history":[{"count":0,"href":"https:\/\/sculptureshome.com\/es\/wp-json\/wp\/v2\/product\/345\/revisions"}],"wp:featuredmedia":[{"embeddable":true,"href":"https:\/\/sculptureshome.com\/es\/wp-json\/wp\/v2\/media\/346"}],"wp:attachment":[{"href":"https:\/\/sculptureshome.com\/es\/wp-json\/wp\/v2\/media?parent=345"}],"wp:term":[{"taxonomy":"product_brand","embeddable":true,"href":"https:\/\/sculptureshome.com\/es\/wp-json\/wp\/v2\/product_brand?post=345"},{"taxonomy":"product_cat","embeddable":true,"href":"https:\/\/sculptureshome.com\/es\/wp-json\/wp\/v2\/product_cat?post=345"},{"taxonomy":"product_tag","embeddable":true,"href":"https:\/\/sculptureshome.com\/es\/wp-json\/wp\/v2\/product_tag?post=345"}],"curies":[{"name":"wp","href":"https:\/\/api.w.org\/{rel}","templated":true}]}}