{"id":306,"date":"2024-01-26T10:20:25","date_gmt":"2024-01-26T10:20:25","guid":{"rendered":"https:\/\/sculptureshome.com\/?post_type=product&#038;p=306"},"modified":"2024-01-26T10:20:25","modified_gmt":"2024-01-26T10:20:25","slug":"fabricante-personalizado-gran-escultura-de-metal-buey-negro-dinamico-para-vestibulo-de-hotel","status":"publish","type":"product","link":"https:\/\/sculptureshome.com\/es\/product\/manufacturer-personalized-large-black-dynamic-ox-metal-sculpture-for-hotel-lobby\/","title":{"rendered":"Escultura met\u00e1lica grande personalizada del buey din\u00e1mico negro del fabricante para el pasillo del hotel"},"content":{"rendered":"<div class=\"attribute-list\">\n<div class=\"attribute-item\">\n<div class=\"left\" data-spm-anchor-id=\"a2700.details.0.i85.47dd1bbcnNqHmz\">Tipo: Hierro<\/div>\n<\/div>\n<div class=\"attribute-item\">\n<div class=\"left\">Tipo de producto: ESCULTURA<\/div>\n<\/div>\n<\/div>\n<div class=\"attribute-list\">\n<div class=\"attribute-item\">\n<div class=\"left\">Lugar de origen: Guangdong, China<\/div>\n<div class=\"right\">Material: Metal<\/div>\n<div>T\u00e9cnica: Chapado<\/div>\n<\/div>\n<div class=\"attribute-item\">\n<div class=\"left\">Estilo: Imitaci\u00f3n Antigua<\/div>\n<div class=\"right\">Uso: Decoraci\u00f3n del hogar<\/div>\n<div>Tema: Abstracto<\/div>\n<\/div>\n<div class=\"attribute-item\">\n<div class=\"left\"><\/div>\n<div class=\"right\">\n&nbsp;<\/p>\n<\/div>\n<\/div>\n<div class=\"attribute-item\">\n<div class=\"left\"><\/div>\n<\/div>\n<\/div>","protected":false},"excerpt":{"rendered":"<p>Tipo: Hierro Tipo de Producto: ESCULTURA Lugar de Origen: Guangdong, China Material: Metal T\u00e9cnica: Chapado Estilo: Imitaci\u00f3n antigua Uso: Decoraci\u00f3n del hogar Tema: Abstracto &nbsp;<\/p>","protected":false},"featured_media":307,"comment_status":"open","ping_status":"closed","template":"","meta":[],"product_brand":[],"product_cat":[21],"product_tag":[],"class_list":{"0":"post-306","1":"product","2":"type-product","3":"status-publish","4":"has-post-thumbnail","6":"product_cat-modern-sculpture","8":"first","9":"instock","10":"shipping-taxable","11":"product-type-simple"},"_links":{"self":[{"href":"https:\/\/sculptureshome.com\/es\/wp-json\/wp\/v2\/product\/306","targetHints":{"allow":["GET"]}}],"collection":[{"href":"https:\/\/sculptureshome.com\/es\/wp-json\/wp\/v2\/product"}],"about":[{"href":"https:\/\/sculptureshome.com\/es\/wp-json\/wp\/v2\/types\/product"}],"replies":[{"embeddable":true,"href":"https:\/\/sculptureshome.com\/es\/wp-json\/wp\/v2\/comments?post=306"}],"version-history":[{"count":0,"href":"https:\/\/sculptureshome.com\/es\/wp-json\/wp\/v2\/product\/306\/revisions"}],"wp:featuredmedia":[{"embeddable":true,"href":"https:\/\/sculptureshome.com\/es\/wp-json\/wp\/v2\/media\/307"}],"wp:attachment":[{"href":"https:\/\/sculptureshome.com\/es\/wp-json\/wp\/v2\/media?parent=306"}],"wp:term":[{"taxonomy":"product_brand","embeddable":true,"href":"https:\/\/sculptureshome.com\/es\/wp-json\/wp\/v2\/product_brand?post=306"},{"taxonomy":"product_cat","embeddable":true,"href":"https:\/\/sculptureshome.com\/es\/wp-json\/wp\/v2\/product_cat?post=306"},{"taxonomy":"product_tag","embeddable":true,"href":"https:\/\/sculptureshome.com\/es\/wp-json\/wp\/v2\/product_tag?post=306"}],"curies":[{"name":"wp","href":"https:\/\/api.w.org\/{rel}","templated":true}]}}