{"id":2319,"date":"2025-07-24T14:17:35","date_gmt":"2025-07-24T14:17:35","guid":{"rendered":"https:\/\/sculptureshome.com\/?post_type=product&#038;p=2319"},"modified":"2025-08-31T05:57:21","modified_gmt":"2025-08-31T05:57:21","slug":"creativo-sofa-de-forma-irregular-muebles-personalizados-impresos-en-3d","status":"publish","type":"product","link":"https:\/\/sculptureshome.com\/es\/product\/creative-irregular-shaped-sofa-custom-3d-printed-furniture\/","title":{"rendered":"Sof\u00e1 creativo de forma irregular | Muebles personalizados impresos en 3D"},"content":{"rendered":"<p data-start=\"55\" data-end=\"246\">Los sof\u00e1s creativos de formas irregulares son ideales para tiendas de moda y vanguardistas, ya que ofrecen a los clientes una experiencia de compra \u00fanica a la vez que muestran la personalidad y el sentido del estilo de la marca.<\/p>\n<p data-start=\"248\" data-end=\"409\">En empresas creativas o centros de startups, estos sof\u00e1s pueden utilizarse en espacios de oficina para ofrecer a los empleados zonas de descanso poco convencionales que inspiren nuevas ideas.<\/p>\n<p data-start=\"411\" data-end=\"547\" data-is-last-node=\"\" data-is-only-node=\"\">Cuando se exponen en salas de dise\u00f1o de interiores, sirven como llamativas muestras que ponen de relieve la innovaci\u00f3n y el talento art\u00edstico en el dise\u00f1o.<\/p>","protected":false},"excerpt":{"rendered":"<p data-start=\"0\" data-end=\"271\">A <strong data-start=\"2\" data-end=\"36\">sof\u00e1 creativo de formas irregulares<\/strong> es un mueble de dise\u00f1o exclusivo que destaca por su forma, materiales o estilo poco convencionales, a diferencia de los sof\u00e1s tradicionales. Suele utilizarse en entornos especiales para conseguir un efecto visual o funcional espec\u00edfico.<\/p>\n<p data-start=\"273\" data-end=\"419\" data-is-last-node=\"\" data-is-only-node=\"\">Estos sof\u00e1s pueden aportar personalidad y singularidad a lugares como cafeter\u00edas, atrayendo a los clientes para que se queden y ayudando a crear un ambiente acogedor y atractivo.<\/p>","protected":false},"featured_media":2320,"comment_status":"open","ping_status":"closed","template":"","meta":[],"product_brand":[],"product_cat":[29],"product_tag":[],"class_list":{"0":"post-2319","1":"product","2":"type-product","3":"status-publish","4":"has-post-thumbnail","6":"product_cat-3d-printing-furniture","8":"first","9":"instock","10":"shipping-taxable","11":"product-type-simple"},"_links":{"self":[{"href":"https:\/\/sculptureshome.com\/es\/wp-json\/wp\/v2\/product\/2319","targetHints":{"allow":["GET"]}}],"collection":[{"href":"https:\/\/sculptureshome.com\/es\/wp-json\/wp\/v2\/product"}],"about":[{"href":"https:\/\/sculptureshome.com\/es\/wp-json\/wp\/v2\/types\/product"}],"replies":[{"embeddable":true,"href":"https:\/\/sculptureshome.com\/es\/wp-json\/wp\/v2\/comments?post=2319"}],"version-history":[{"count":0,"href":"https:\/\/sculptureshome.com\/es\/wp-json\/wp\/v2\/product\/2319\/revisions"}],"wp:featuredmedia":[{"embeddable":true,"href":"https:\/\/sculptureshome.com\/es\/wp-json\/wp\/v2\/media\/2320"}],"wp:attachment":[{"href":"https:\/\/sculptureshome.com\/es\/wp-json\/wp\/v2\/media?parent=2319"}],"wp:term":[{"taxonomy":"product_brand","embeddable":true,"href":"https:\/\/sculptureshome.com\/es\/wp-json\/wp\/v2\/product_brand?post=2319"},{"taxonomy":"product_cat","embeddable":true,"href":"https:\/\/sculptureshome.com\/es\/wp-json\/wp\/v2\/product_cat?post=2319"},{"taxonomy":"product_tag","embeddable":true,"href":"https:\/\/sculptureshome.com\/es\/wp-json\/wp\/v2\/product_tag?post=2319"}],"curies":[{"name":"wp","href":"https:\/\/api.w.org\/{rel}","templated":true}]}}