{"id":2297,"date":"2025-07-24T13:44:48","date_gmt":"2025-07-24T13:44:48","guid":{"rendered":"https:\/\/sculptureshome.com\/?post_type=product&#038;p=2297"},"modified":"2025-07-24T13:44:48","modified_gmt":"2025-07-24T13:44:48","slug":"muebles-personalizados-impresos-en-3d-de-estilo-moderno-irregular-cat-tree-and-cat-house","status":"publish","type":"product","link":"https:\/\/sculptureshome.com\/es\/product\/modern-style-irregular-cat-tree-and-cat-house-custom-3d-printed-furniture\/","title":{"rendered":"Casa y \u00e1rbol para gatos irregulares de estilo moderno | Muebles personalizados impresos en 3D"},"content":{"rendered":"","protected":false},"excerpt":{"rendered":"<p data-start=\"55\" data-end=\"346\">En el mundo de los due\u00f1os de gatos, crear un peque\u00f1o refugio acogedor y \u00fanico para sus felinos es una prioridad absoluta. Hoy nos adentramos en el caprichoso mundo de los \u00e1rboles y casitas para gatos de estilo moderno y formas irregulares, \"palacios\" elegantes y funcionales que convierten a cualquier gato en un aut\u00e9ntico creador de tendencias.<\/p>\n<p data-start=\"348\" data-end=\"651\" data-is-last-node=\"\" data-is-only-node=\"\">Estos \u00e1rboles y casas para gatos modernos y de dise\u00f1o exclusivo son la combinaci\u00f3n perfecta de moda y funcionalidad. Son un hogar de ensue\u00f1o para los gatos y un elemento de dise\u00f1o llamativo en cualquier espacio. Si quieres darle a tu gato un santuario \u00fanico, \u00bfpor qu\u00e9 no eliges uno de estos elegantes y pr\u00e1cticos \u00e1rboles para gatos?<\/p>","protected":false},"featured_media":2298,"comment_status":"open","ping_status":"closed","template":"","meta":[],"product_brand":[],"product_cat":[29],"product_tag":[],"class_list":{"0":"post-2297","1":"product","2":"type-product","3":"status-publish","4":"has-post-thumbnail","6":"product_cat-3d-printing-furniture","8":"first","9":"instock","10":"shipping-taxable","11":"product-type-simple"},"_links":{"self":[{"href":"https:\/\/sculptureshome.com\/es\/wp-json\/wp\/v2\/product\/2297","targetHints":{"allow":["GET"]}}],"collection":[{"href":"https:\/\/sculptureshome.com\/es\/wp-json\/wp\/v2\/product"}],"about":[{"href":"https:\/\/sculptureshome.com\/es\/wp-json\/wp\/v2\/types\/product"}],"replies":[{"embeddable":true,"href":"https:\/\/sculptureshome.com\/es\/wp-json\/wp\/v2\/comments?post=2297"}],"version-history":[{"count":0,"href":"https:\/\/sculptureshome.com\/es\/wp-json\/wp\/v2\/product\/2297\/revisions"}],"wp:featuredmedia":[{"embeddable":true,"href":"https:\/\/sculptureshome.com\/es\/wp-json\/wp\/v2\/media\/2298"}],"wp:attachment":[{"href":"https:\/\/sculptureshome.com\/es\/wp-json\/wp\/v2\/media?parent=2297"}],"wp:term":[{"taxonomy":"product_brand","embeddable":true,"href":"https:\/\/sculptureshome.com\/es\/wp-json\/wp\/v2\/product_brand?post=2297"},{"taxonomy":"product_cat","embeddable":true,"href":"https:\/\/sculptureshome.com\/es\/wp-json\/wp\/v2\/product_cat?post=2297"},{"taxonomy":"product_tag","embeddable":true,"href":"https:\/\/sculptureshome.com\/es\/wp-json\/wp\/v2\/product_tag?post=2297"}],"curies":[{"name":"wp","href":"https:\/\/api.w.org\/{rel}","templated":true}]}}