{"id":1936,"date":"2025-05-04T12:13:43","date_gmt":"2025-05-04T12:13:43","guid":{"rendered":"https:\/\/sculptureshome.com\/product\/h70-9in-half-body-horse-sculpture-fiberglass-floor-lamp-villa-hotel-lobby-interior-decoration-standard-lamp-craft-ornament-light\/"},"modified":"2025-05-04T12:36:04","modified_gmt":"2025-05-04T12:36:04","slug":"h70-9in-medio-cuerpo-caballo-escultura-fibra-de-vidrio-lampara-de-pie-villa","status":"publish","type":"product","link":"https:\/\/sculptureshome.com\/es\/product\/h70-9in-half-body-horse-sculpture-fiberglass-floor-lamp-villa\/","title":{"rendered":"H70.9in Medio Cuerpo Caballo Escultura Fibra de Vidrio L\u00e1mpara de Pie"},"content":{"rendered":"<p>&nbsp;<\/p>\n<ul>\n<li><strong>Aplicaci\u00f3n : <\/strong> Hotel<\/li>\n<li><strong>Temperatura de colorCCT : <\/strong> 3500K Blanco c\u00e1lido<\/li>\n<li><strong>Material del cuerpo de la l\u00e1mpara : <\/strong> Fibra de vidrio<\/li>\n<li><strong>Tipo de base : <\/strong> E27<\/li>\n<li><strong>Tensi\u00f3n de entradaV : <\/strong> CA 85-265V<\/li>\n<li><strong>Eficacia luminosa de la l\u00e1mpara : <\/strong> 100<\/li>\n<li><strong>Flujo luminoso de la l\u00e1mparalm : <\/strong> 1100<\/li>\n<li><strong>Garant\u00edaA\u00f1o : <\/strong> 3 a\u00f1os<\/li>\n<li><strong>Temperatura de trabajo\u2103 : <\/strong> -40 \u2013 80<\/li>\n<li><strong>Renderizado de color IndexRa : <\/strong> 90<\/li>\n<li><strong>Caracter\u00edstica : <\/strong> f\u00e1cil instalaci\u00f3n<\/li>\n<li><strong>Fuente de luz : <\/strong> LED<\/li>\n<li><strong>Soporte Dimmer : <\/strong> NO<\/li>\n<li><strong>Material : <\/strong> Fibra de vidrio<\/li>\n<li><strong>Modo de control : <\/strong> Control de interruptores<\/li>\n<li><strong>BRICOLAJE : <\/strong> No<\/li>\n<li><strong>Servicio de soluciones de iluminaci\u00f3n : <\/strong> Ventas de grupos de proyectos, Dise\u00f1o de iluminaci\u00f3n y circuitos, Medici\u00f3n in situ, Dise\u00f1o DIALux evo, Dibujo y dise\u00f1o de iluminaci\u00f3n, Dise\u00f1o LitePro DLX, Dise\u00f1o auto CAD, Dise\u00f1o Agi32, Dise\u00f1o de iluminaci\u00f3n de proyectos, Instalaci\u00f3n de proyectos<\/li>\n<li><strong>Estilo de dise\u00f1o : <\/strong> Moderno<\/li>\n<li><strong>Horas de vida : <\/strong> 50000<\/li>\n<li><strong>PCs\/ Ctn : <\/strong> 1<\/li>\n<li><strong>Dimensi\u00f3n del embalaje : <\/strong> 166*84*50<\/li>\n<li><strong>Dimensi\u00f3n del producto : <\/strong> D650*H1800<\/li>\n<li><strong>Peso del producto\uff08kg\uff09 : <\/strong> 25<\/li>\n<li><strong>Material de la sombra : <\/strong> Fabic<\/li>\n<li><strong>Muestra gratuita : <\/strong> NO<\/li>\n<li><strong>Color de la sombra : <\/strong> Negro<\/li>\n<li><strong>Forma de la sombra : <\/strong> RONDA<\/li>\n<li><strong>Nombre del producto : <\/strong> L\u00e1mparas de pie Sculpture<\/li>\n<li><strong>Estilo : <\/strong> Post Moderno<\/li>\n<li><strong>Palabras clave : <\/strong> Luces de pie para caballos<\/li>\n<li><strong>Color : <\/strong> Negro, Blanco, Oro<\/li>\n<li><strong>Certificaci\u00f3n : <\/strong> CC\/CE<\/li>\n<li><strong>Tensi\u00f3n : <\/strong> CA 80-265V<\/li>\n<li><strong>MOQ : <\/strong> 1 unidad<\/li>\n<li><strong>Embalaje : <\/strong> Embalaje con marco de madera<\/li>\n<li><strong>OEM\/ODM : <\/strong> Servicio personalizado<\/li>\n<\/ul>","protected":false},"excerpt":{"rendered":"<p>&nbsp; Application : Hotel Color TemperatureCCT : 3500K Warm White Lamp Body Material : Fiberglass Base Type : E27 Input VoltageV : AC 85-265V Lamp Luminous Efficiencylm\/w : 100 Lamp Luminous Fluxlm : 1100 WarrantyYear : 3-Year Working Temperature\u2103 : -40 &#8211; 80 Color Rendering IndexRa : 90 Feature : easy installation Light Source : [&hellip;]<\/p>\n","protected":false},"featured_media":1960,"comment_status":"open","ping_status":"closed","template":"","meta":[],"product_brand":[],"product_cat":[20,25,30],"product_tag":[],"class_list":{"0":"post-1936","1":"product","2":"type-product","3":"status-publish","4":"has-post-thumbnail","6":"product_cat-art-sculpture","7":"product_cat-decorative-sculpture","8":"product_cat-fiberglass-sculpture","10":"first","11":"instock","12":"shipping-taxable","13":"product-type-simple"},"_links":{"self":[{"href":"https:\/\/sculptureshome.com\/es\/wp-json\/wp\/v2\/product\/1936","targetHints":{"allow":["GET"]}}],"collection":[{"href":"https:\/\/sculptureshome.com\/es\/wp-json\/wp\/v2\/product"}],"about":[{"href":"https:\/\/sculptureshome.com\/es\/wp-json\/wp\/v2\/types\/product"}],"replies":[{"embeddable":true,"href":"https:\/\/sculptureshome.com\/es\/wp-json\/wp\/v2\/comments?post=1936"}],"version-history":[{"count":0,"href":"https:\/\/sculptureshome.com\/es\/wp-json\/wp\/v2\/product\/1936\/revisions"}],"wp:featuredmedia":[{"embeddable":true,"href":"https:\/\/sculptureshome.com\/es\/wp-json\/wp\/v2\/media\/1960"}],"wp:attachment":[{"href":"https:\/\/sculptureshome.com\/es\/wp-json\/wp\/v2\/media?parent=1936"}],"wp:term":[{"taxonomy":"product_brand","embeddable":true,"href":"https:\/\/sculptureshome.com\/es\/wp-json\/wp\/v2\/product_brand?post=1936"},{"taxonomy":"product_cat","embeddable":true,"href":"https:\/\/sculptureshome.com\/es\/wp-json\/wp\/v2\/product_cat?post=1936"},{"taxonomy":"product_tag","embeddable":true,"href":"https:\/\/sculptureshome.com\/es\/wp-json\/wp\/v2\/product_tag?post=1936"}],"curies":[{"name":"wp","href":"https:\/\/api.w.org\/{rel}","templated":true}]}}