{"id":1928,"date":"2025-05-04T12:12:38","date_gmt":"2025-05-04T12:12:38","guid":{"rendered":"https:\/\/sculptureshome.com\/product\/life-size-3d-resin-astronaut-statue-creative-pop-art-indoor-home-decoration-christmas-fiberglass-sculpture-animal-model-home\/"},"modified":"2025-05-04T12:42:59","modified_gmt":"2025-05-04T12:42:59","slug":"arte-pop-creativo-decoracion-de-interior-de-navidad-escultura-de-fibra-de-vidrio-modelo-animal-casa","status":"publish","type":"product","link":"https:\/\/sculptureshome.com\/es\/product\/creative-pop-art-indoor-home-decoration-christmas-fiberglass-sculpture-animal-model-home\/","title":{"rendered":"Decoraci\u00f3n del hogar Escultura navide\u00f1a de fibra de vidrio"},"content":{"rendered":"<ul>\n<li><strong>Material : <\/strong> Resina, fibra de vidrio<\/li>\n<li><strong>Estilo : <\/strong> Personaje de TV y cine, Artificial<\/li>\n<li><strong>Lugar de origen : <\/strong> Anhui, China<\/li>\n<li><strong>Ocasi\u00f3n : <\/strong> Navidad<\/li>\n<li><strong>Color : <\/strong> Color personalizado<\/li>\n<li><strong>Embalaje : <\/strong> Cajas de madera resistentes<\/li>\n<li><strong>Dise\u00f1o : <\/strong> Se aceptan dise\u00f1os personalizados<\/li>\n<li><strong>Uso : <\/strong> Arte y coleccionismo<\/li>\n<li><strong>Reportaje regional : <\/strong> Europa<\/li>\n<\/ul>","protected":false},"excerpt":{"rendered":"<p>Material : Resina, Fibra de Vidrio Estilo : TV &amp; Movie Character, Artificial Lugar de Origen : Anhui, China Ocasi\u00f3n : Navidad Color : Color personalizado Embalaje : Fuerte cajas de madera Dise\u00f1o : Dise\u00f1os Personalizados Uso Aceptable : Arte y Coleccionismo Caracter\u00edstica Regional : Europa<\/p>","protected":false},"featured_media":1927,"comment_status":"open","ping_status":"closed","template":"","meta":[],"product_brand":[],"product_cat":[20,30],"product_tag":[],"class_list":{"0":"post-1928","1":"product","2":"type-product","3":"status-publish","4":"has-post-thumbnail","6":"product_cat-art-sculpture","7":"product_cat-fiberglass-sculpture","9":"first","10":"instock","11":"shipping-taxable","12":"product-type-simple"},"_links":{"self":[{"href":"https:\/\/sculptureshome.com\/es\/wp-json\/wp\/v2\/product\/1928","targetHints":{"allow":["GET"]}}],"collection":[{"href":"https:\/\/sculptureshome.com\/es\/wp-json\/wp\/v2\/product"}],"about":[{"href":"https:\/\/sculptureshome.com\/es\/wp-json\/wp\/v2\/types\/product"}],"replies":[{"embeddable":true,"href":"https:\/\/sculptureshome.com\/es\/wp-json\/wp\/v2\/comments?post=1928"}],"version-history":[{"count":0,"href":"https:\/\/sculptureshome.com\/es\/wp-json\/wp\/v2\/product\/1928\/revisions"}],"wp:featuredmedia":[{"embeddable":true,"href":"https:\/\/sculptureshome.com\/es\/wp-json\/wp\/v2\/media\/1927"}],"wp:attachment":[{"href":"https:\/\/sculptureshome.com\/es\/wp-json\/wp\/v2\/media?parent=1928"}],"wp:term":[{"taxonomy":"product_brand","embeddable":true,"href":"https:\/\/sculptureshome.com\/es\/wp-json\/wp\/v2\/product_brand?post=1928"},{"taxonomy":"product_cat","embeddable":true,"href":"https:\/\/sculptureshome.com\/es\/wp-json\/wp\/v2\/product_cat?post=1928"},{"taxonomy":"product_tag","embeddable":true,"href":"https:\/\/sculptureshome.com\/es\/wp-json\/wp\/v2\/product_tag?post=1928"}],"curies":[{"name":"wp","href":"https:\/\/api.w.org\/{rel}","templated":true}]}}