{"id":1893,"date":"2025-05-04T11:38:26","date_gmt":"2025-05-04T11:38:26","guid":{"rendered":"https:\/\/sculptureshome.com\/product\/david-statue-resin-sculptures-statues\/"},"modified":"2025-05-04T11:54:30","modified_gmt":"2025-05-04T11:54:30","slug":"david-estatua-resina-esculturas-estatuas","status":"publish","type":"product","link":"https:\/\/sculptureshome.com\/es\/product\/david-statue-resin-sculptures-statues\/","title":{"rendered":"David Estatua Resina Esculturas Estatuas"},"content":{"rendered":"<ul>\n<li><strong>Material : <\/strong> Resina<\/li>\n<li><strong>Tipo de producto : <\/strong> Figurita<\/li>\n<li><strong>Estilo : <\/strong> Amor, arte popular<\/li>\n<li><strong>N\u00famero de modelo : <\/strong> BYX-2220<\/li>\n<li><strong>Nombre del producto : <\/strong> David Estatua Resina Esculturas Estatuas<\/li>\n<li><strong>Tama\u00f1o : <\/strong> 16,3 x 6,8 x 15,7 pulgadas<\/li>\n<li><strong>MOQ : <\/strong> 200 unidades<\/li>\n<li><strong>Tiempo de muestreo : <\/strong> 7-10 d\u00edas<\/li>\n<li><strong>Plazo de entrega : <\/strong> 30-35 d\u00edas<\/li>\n<li><strong>Uso : <\/strong> Decoraci\u00f3n de jard\u00edn,regalo,Decoraci\u00f3n del hogar<\/li>\n<li><strong>Color : <\/strong> Color personalizado<\/li>\n<li><strong>OEM\/ODM : <\/strong> S\u00ed, ofrecemos OEM<\/li>\n<li><strong>Logotipo : <\/strong> Acepta logotipos personalizados<\/li>\n<li><strong>Dise\u00f1o : <\/strong> Se aceptan dise\u00f1os personalizados<\/li>\n<li><strong>Uso : <\/strong> Arte y coleccionismo<\/li>\n<li><strong>Reportaje regional : <\/strong> Europa<\/li>\n<\/ul>","protected":false},"excerpt":{"rendered":"<p>Material : Resin Product Type : Figurine Style : Love, Folk Art Model Number : BYX-2220 Product name : David Statue Resin Sculptures Statues Size : 16.3 x 6.8 x 15.7 inches MOQ : 200pcs Sample time : 7-10days Delivery time : 30-35days Usage : Garden decoration,gift,Home decoration Color : Customized Color OEM\/ODM : Yes.We [&hellip;]<\/p>\n","protected":false},"featured_media":1895,"comment_status":"open","ping_status":"closed","template":"","meta":[],"product_brand":[],"product_cat":[20,28],"product_tag":[],"class_list":{"0":"post-1893","1":"product","2":"type-product","3":"status-publish","4":"has-post-thumbnail","6":"product_cat-art-sculpture","7":"product_cat-resin-sculpture","9":"first","10":"instock","11":"shipping-taxable","12":"product-type-simple"},"_links":{"self":[{"href":"https:\/\/sculptureshome.com\/es\/wp-json\/wp\/v2\/product\/1893","targetHints":{"allow":["GET"]}}],"collection":[{"href":"https:\/\/sculptureshome.com\/es\/wp-json\/wp\/v2\/product"}],"about":[{"href":"https:\/\/sculptureshome.com\/es\/wp-json\/wp\/v2\/types\/product"}],"replies":[{"embeddable":true,"href":"https:\/\/sculptureshome.com\/es\/wp-json\/wp\/v2\/comments?post=1893"}],"version-history":[{"count":0,"href":"https:\/\/sculptureshome.com\/es\/wp-json\/wp\/v2\/product\/1893\/revisions"}],"wp:featuredmedia":[{"embeddable":true,"href":"https:\/\/sculptureshome.com\/es\/wp-json\/wp\/v2\/media\/1895"}],"wp:attachment":[{"href":"https:\/\/sculptureshome.com\/es\/wp-json\/wp\/v2\/media?parent=1893"}],"wp:term":[{"taxonomy":"product_brand","embeddable":true,"href":"https:\/\/sculptureshome.com\/es\/wp-json\/wp\/v2\/product_brand?post=1893"},{"taxonomy":"product_cat","embeddable":true,"href":"https:\/\/sculptureshome.com\/es\/wp-json\/wp\/v2\/product_cat?post=1893"},{"taxonomy":"product_tag","embeddable":true,"href":"https:\/\/sculptureshome.com\/es\/wp-json\/wp\/v2\/product_tag?post=1893"}],"curies":[{"name":"wp","href":"https:\/\/api.w.org\/{rel}","templated":true}]}}