{"id":1885,"date":"2025-05-04T11:24:51","date_gmt":"2025-05-04T11:24:51","guid":{"rendered":"https:\/\/sculptureshome.com\/product\/30cm-life-size-kaw-statue-good-quality-pvc-resin-cartoon-kaws-ornament\/"},"modified":"2025-05-04T11:59:12","modified_gmt":"2025-05-04T11:59:12","slug":"30cm-tamano-natural-kaw-estatua-buena-calidad-pvc-resina-dibujos-animados-kaws-ornamento","status":"publish","type":"product","link":"https:\/\/sculptureshome.com\/es\/product\/30cm-life-size-kaw-statue-good-quality-pvc-resin-cartoon-kaws-ornament\/","title":{"rendered":"30CM Tama\u00f1o natural Kaw Estatua Buena Calidad PVC Resina Dibujos animados KAWS Ornamento"},"content":{"rendered":"<ul>\n<li><strong>caracteres : <\/strong> Bearbrick<\/li>\n<li><strong>Por Animaci\u00f3n Fuente : <\/strong> Otros<\/li>\n<li><strong>Atributo de la mercanc\u00eda : <\/strong> Accesorios<\/li>\n<li><strong>Licenciatura : <\/strong> Productos acabados<\/li>\n<li><strong>Paquete original : <\/strong> S\u00ed<\/li>\n<li><strong>Tema : <\/strong> Otros<\/li>\n<li><strong>Estado : <\/strong> Art\u00edculos en stock<\/li>\n<li><strong>G\u00e9nero : <\/strong> Unisex<\/li>\n<li><strong>Edades : <\/strong> 2 a 4 a\u00f1os, 5 a 7 a\u00f1os, 8 a 13 a\u00f1os, 14 a\u00f1os y m\u00e1s<\/li>\n<li><strong>Estilo : <\/strong> MODELO DE JUGUETE<\/li>\n<li><strong>Material : <\/strong> Resina, PVC<\/li>\n<li><strong>Funci\u00f3n : <\/strong> Adornos decorativos, Juguetes con figuras de resina<\/li>\n<li><strong>Caracter\u00edsticas : <\/strong> Accesorios de anime<\/li>\n<li><strong>Nombre del producto : <\/strong> Juguete de dibujos animados<\/li>\n<li><strong>MOQ : <\/strong> 1 unidad<\/li>\n<li><strong>Paquete : <\/strong> Caja de color<\/li>\n<li><strong>OEM&amp;ODM : <\/strong> Disponible OEM ODM<\/li>\n<li><strong>Plazo de entrega : <\/strong> 3-7 d\u00edas<\/li>\n<li><strong>Dise\u00f1o : <\/strong> Dise\u00f1os anime<\/li>\n<li><strong>Plazo de pago : <\/strong> Paypal.Western Union.MoneyGram.T.T<\/li>\n<li><strong>M\u00e9todo de env\u00edo : <\/strong> DHL UPS FEDEX SEA<\/li>\n<\/ul>","protected":false},"excerpt":{"rendered":"<p>characters : Bearbrick By Animation Source : Other Commodity Attribute : Accessories Completion Degree : Finished Goods Original Package : Yes Theme : Other Condition : In-Stock Items Gender : Unisex Age Range : 2 to 4 Years, 5 to 7 years, 8 to 13 Years, 14 Years &amp; up Style : MODEL TOY Material [&hellip;]<\/p>\n","protected":false},"featured_media":1884,"comment_status":"open","ping_status":"closed","template":"","meta":[],"product_brand":[],"product_cat":[28],"product_tag":[],"class_list":{"0":"post-1885","1":"product","2":"type-product","3":"status-publish","4":"has-post-thumbnail","6":"product_cat-resin-sculpture","8":"first","9":"instock","10":"shipping-taxable","11":"product-type-simple"},"_links":{"self":[{"href":"https:\/\/sculptureshome.com\/es\/wp-json\/wp\/v2\/product\/1885","targetHints":{"allow":["GET"]}}],"collection":[{"href":"https:\/\/sculptureshome.com\/es\/wp-json\/wp\/v2\/product"}],"about":[{"href":"https:\/\/sculptureshome.com\/es\/wp-json\/wp\/v2\/types\/product"}],"replies":[{"embeddable":true,"href":"https:\/\/sculptureshome.com\/es\/wp-json\/wp\/v2\/comments?post=1885"}],"version-history":[{"count":0,"href":"https:\/\/sculptureshome.com\/es\/wp-json\/wp\/v2\/product\/1885\/revisions"}],"wp:featuredmedia":[{"embeddable":true,"href":"https:\/\/sculptureshome.com\/es\/wp-json\/wp\/v2\/media\/1884"}],"wp:attachment":[{"href":"https:\/\/sculptureshome.com\/es\/wp-json\/wp\/v2\/media?parent=1885"}],"wp:term":[{"taxonomy":"product_brand","embeddable":true,"href":"https:\/\/sculptureshome.com\/es\/wp-json\/wp\/v2\/product_brand?post=1885"},{"taxonomy":"product_cat","embeddable":true,"href":"https:\/\/sculptureshome.com\/es\/wp-json\/wp\/v2\/product_cat?post=1885"},{"taxonomy":"product_tag","embeddable":true,"href":"https:\/\/sculptureshome.com\/es\/wp-json\/wp\/v2\/product_tag?post=1885"}],"curies":[{"name":"wp","href":"https:\/\/api.w.org\/{rel}","templated":true}]}}