{"id":1879,"date":"2025-05-04T11:22:33","date_gmt":"2025-05-04T11:22:33","guid":{"rendered":"https:\/\/sculptureshome.com\/product\/alien-ufo-resin-gnome-sculpture-fantasy-garden-decor-indoor-outdoor-figurine-for-yard-or-patio-display\/"},"modified":"2025-05-04T12:03:14","modified_gmt":"2025-05-04T12:03:14","slug":"alien-ufo-resina-gnomo-escultura-fantasia-jardin-decoracion-interior-exterior-figurita-para-patio-o-patio-pantalla","status":"publish","type":"product","link":"https:\/\/sculptureshome.com\/es\/product\/alien-ufo-resin-gnome-sculpture-fantasy-garden-decor-indoor-outdoor-figurine-for-yard-or-patio-display\/","title":{"rendered":"OVNI extraterrestre Escultura de resina Gnomo Decoraci\u00f3n de jard\u00edn de fantas\u00eda Figurita de interior al aire libre para el patio o la pantalla"},"content":{"rendered":"<ul>\n<li><strong>Material : <\/strong> Resina<\/li>\n<li><strong>Caracter\u00edstica : <\/strong> Ecol\u00f3gico<\/li>\n<li><strong>T\u00e9cnica : <\/strong> Pintado a mano<\/li>\n<li><strong>Forma : <\/strong> No<\/li>\n<li><strong>Patr\u00f3n : <\/strong> No<\/li>\n<li><strong>Tipo de producto : <\/strong> Figurita<\/li>\n<li><strong>Estilo : <\/strong> Animales<\/li>\n<li><strong>Aplicaci\u00f3n : <\/strong> Halloween, Decoraci\u00f3n y regalos de boda, Arte y coleccionismo, Decoraci\u00f3n y regalos navide\u00f1os, decoraci\u00f3n del hogar<\/li>\n<li><strong>Lugar de origen : <\/strong> Guangdong, China<\/li>\n<\/ul>","protected":false},"excerpt":{"rendered":"<p>Material : Resina Caracter\u00edstica : Ecol\u00f3gico T\u00e9cnica : Pintado a mano Forma : No Patr\u00f3n : No Tipo de producto : Figurilla Estilo : Animal Aplicaci\u00f3n : Halloween, Decoraci\u00f3n y Regalo de Boda, Arte y Coleccionismo, Decoraci\u00f3n y Regalo de Vacaciones, decoraci\u00f3n del hogar Lugar de Origen : Guangdong, China<\/p>","protected":false},"featured_media":1910,"comment_status":"open","ping_status":"closed","template":"","meta":[],"product_brand":[],"product_cat":[28],"product_tag":[],"class_list":{"0":"post-1879","1":"product","2":"type-product","3":"status-publish","4":"has-post-thumbnail","6":"product_cat-resin-sculpture","8":"first","9":"instock","10":"shipping-taxable","11":"product-type-simple"},"_links":{"self":[{"href":"https:\/\/sculptureshome.com\/es\/wp-json\/wp\/v2\/product\/1879","targetHints":{"allow":["GET"]}}],"collection":[{"href":"https:\/\/sculptureshome.com\/es\/wp-json\/wp\/v2\/product"}],"about":[{"href":"https:\/\/sculptureshome.com\/es\/wp-json\/wp\/v2\/types\/product"}],"replies":[{"embeddable":true,"href":"https:\/\/sculptureshome.com\/es\/wp-json\/wp\/v2\/comments?post=1879"}],"version-history":[{"count":0,"href":"https:\/\/sculptureshome.com\/es\/wp-json\/wp\/v2\/product\/1879\/revisions"}],"wp:featuredmedia":[{"embeddable":true,"href":"https:\/\/sculptureshome.com\/es\/wp-json\/wp\/v2\/media\/1910"}],"wp:attachment":[{"href":"https:\/\/sculptureshome.com\/es\/wp-json\/wp\/v2\/media?parent=1879"}],"wp:term":[{"taxonomy":"product_brand","embeddable":true,"href":"https:\/\/sculptureshome.com\/es\/wp-json\/wp\/v2\/product_brand?post=1879"},{"taxonomy":"product_cat","embeddable":true,"href":"https:\/\/sculptureshome.com\/es\/wp-json\/wp\/v2\/product_cat?post=1879"},{"taxonomy":"product_tag","embeddable":true,"href":"https:\/\/sculptureshome.com\/es\/wp-json\/wp\/v2\/product_tag?post=1879"}],"curies":[{"name":"wp","href":"https:\/\/api.w.org\/{rel}","templated":true}]}}