{"id":1877,"date":"2025-05-04T11:21:22","date_gmt":"2025-05-04T11:21:22","guid":{"rendered":"https:\/\/sculptureshome.com\/product\/mini-resin-lovers-statue-figurine-kissing-posture-model-craft-sculpture\/"},"modified":"2025-05-04T12:07:05","modified_gmt":"2025-05-04T12:07:05","slug":"mini-resina-amantes-estatua-estatuilla-besos-postura-modelo-artesania-escultura","status":"publish","type":"product","link":"https:\/\/sculptureshome.com\/es\/product\/mini-resin-lovers-statue-figurine-kissing-posture-model-craft-sculpture\/","title":{"rendered":"Mini Resina Amantes Estatua Figurilla Beso Postura Modelo Artesan\u00eda Escultura"},"content":{"rendered":"<p>&nbsp;<\/p>\n<ul>\n<li><strong>material : <\/strong> Resina<\/li>\n<li><strong>uso : <\/strong> Regalos de empresa<\/li>\n<li><strong>forma : <\/strong> FIGURA<\/li>\n<li><strong>patr\u00f3n : <\/strong> Adornos de personajes<\/li>\n<li><strong>ocasi\u00f3n : <\/strong> Aniversario, D\u00eda de los Inocentes, Vuelta al cole, Bautizo, Bar Mitzvah, Cumplea\u00f1os, A\u00f1o Nuevo Chino<\/li>\n<li><strong>t\u00e9cnicas : <\/strong> Artesan\u00eda de resina<\/li>\n<li><strong>especificaci\u00f3n : <\/strong> 1PC<\/li>\n<li><strong>estilo de dise\u00f1o : <\/strong> Minifiguras abstractas<\/li>\n<li><strong>Caracter\u00edstica : <\/strong> Ecol\u00f3gico, duradero, hecho a mano, art\u00edstico<\/li>\n<li><strong>Proceso : <\/strong> Artesan\u00eda de resina<\/li>\n<li><strong>Instalaci\u00f3n : <\/strong> Hogar, modelo de sala de estar<\/li>\n<li><strong>Habitaci\u00f3n recomendada : <\/strong> General<\/li>\n<li><strong>Uso : <\/strong> Decoraci\u00f3n del hogar.Regalos<\/li>\n<li><strong>Palabra clave : <\/strong> Accesorios para el hogar Piezas de decoraci\u00f3n<\/li>\n<li><strong>Material : <\/strong> Resina<\/li>\n<li><strong>Color : <\/strong> Oro<\/li>\n<li><strong>Tipo : <\/strong> Adorno artesanal<\/li>\n<li><strong>Tama\u00f1o : <\/strong> 7,6*3,1*13,4 cm<\/li>\n<li><strong>Dise\u00f1o : <\/strong> Aceptar dise\u00f1os personalizados<\/li>\n<li><strong>Aplicaci\u00f3n : <\/strong> Hotel Boda Restaurante Inicio<\/li>\n<li><strong>Estilo : <\/strong> Minifiguras abstractas<\/li>\n<li><strong>MOQ : <\/strong> 10 unidades<\/li>\n<\/ul>","protected":false},"excerpt":{"rendered":"<p>&nbsp; material : Resin usage : Business gifts shape : FIGURE pattern : Character ornaments occasion : Anniversary, April Fool&#8217;s Day, Back to School, Baptism, Bar Mitzvah, Birthday, Chinese New Year technics : Resin handicrafts specification : 1PC design style : Mini abstract figures Feature : Eco-Friendly, Durable, handmade, Artistic Process : Resin handicrafts Installation [&hellip;]<\/p>\n","protected":false},"featured_media":1918,"comment_status":"open","ping_status":"closed","template":"","meta":[],"product_brand":[],"product_cat":[20,21,28],"product_tag":[],"class_list":{"0":"post-1877","1":"product","2":"type-product","3":"status-publish","4":"has-post-thumbnail","6":"product_cat-art-sculpture","7":"product_cat-modern-sculpture","8":"product_cat-resin-sculpture","10":"first","11":"outofstock","12":"shipping-taxable","13":"product-type-simple"},"_links":{"self":[{"href":"https:\/\/sculptureshome.com\/es\/wp-json\/wp\/v2\/product\/1877","targetHints":{"allow":["GET"]}}],"collection":[{"href":"https:\/\/sculptureshome.com\/es\/wp-json\/wp\/v2\/product"}],"about":[{"href":"https:\/\/sculptureshome.com\/es\/wp-json\/wp\/v2\/types\/product"}],"replies":[{"embeddable":true,"href":"https:\/\/sculptureshome.com\/es\/wp-json\/wp\/v2\/comments?post=1877"}],"version-history":[{"count":0,"href":"https:\/\/sculptureshome.com\/es\/wp-json\/wp\/v2\/product\/1877\/revisions"}],"wp:featuredmedia":[{"embeddable":true,"href":"https:\/\/sculptureshome.com\/es\/wp-json\/wp\/v2\/media\/1918"}],"wp:attachment":[{"href":"https:\/\/sculptureshome.com\/es\/wp-json\/wp\/v2\/media?parent=1877"}],"wp:term":[{"taxonomy":"product_brand","embeddable":true,"href":"https:\/\/sculptureshome.com\/es\/wp-json\/wp\/v2\/product_brand?post=1877"},{"taxonomy":"product_cat","embeddable":true,"href":"https:\/\/sculptureshome.com\/es\/wp-json\/wp\/v2\/product_cat?post=1877"},{"taxonomy":"product_tag","embeddable":true,"href":"https:\/\/sculptureshome.com\/es\/wp-json\/wp\/v2\/product_tag?post=1877"}],"curies":[{"name":"wp","href":"https:\/\/api.w.org\/{rel}","templated":true}]}}