{"id":1791,"date":"2025-05-03T06:12:25","date_gmt":"2025-05-03T06:12:25","guid":{"rendered":"https:\/\/sculptureshome.com\/product\/customized-sphere-handcraft-stainless-steel-large-metal-abstract-art-garden-sculpture-statue\/"},"modified":"2025-05-03T06:51:48","modified_gmt":"2025-05-03T06:51:48","slug":"artesania-de-acero-inoxidable-de-metal-grande-abstracto-arte-escultura-de-jardin-estatua","status":"publish","type":"product","link":"https:\/\/sculptureshome.com\/es\/product\/handcraft-stainless-steel-large-metal-abstract-art-garden-sculpture-statue\/","title":{"rendered":"Esfera personalizada hecha a mano de acero inoxidable Arte abstracto Escultura de jard\u00edn"},"content":{"rendered":"<ul>\n<li><strong>tipo : <\/strong> Otros Paisajismo y Decoraci\u00f3n<\/li>\n<li><strong>material : <\/strong> acero inoxidable<\/li>\n<li><strong>Material : <\/strong> Acero corten<\/li>\n<li><strong>Uso : <\/strong> Jard\u00edn exterior<\/li>\n<li><strong>Color : <\/strong> Negro<\/li>\n<li><strong>Tama\u00f1o : <\/strong> Tama\u00f1o personalizado<\/li>\n<li><strong>Tipo : <\/strong> esfera para hoguera<\/li>\n<li><strong>Funci\u00f3n : <\/strong> Regalo de decoraci\u00f3n de jard\u00edn<\/li>\n<li><strong>Paquete : <\/strong> Caja de madera<\/li>\n<li><strong>Estructura : <\/strong> personalizado seg\u00fan dibujo<\/li>\n<li><strong>Logotipo : <\/strong> disponible<\/li>\n<li><strong>espesor : <\/strong> 3mm-5mm<\/li>\n<\/ul>","protected":false},"excerpt":{"rendered":"<p>tipo : Otros Paisajismo y Decking material : acero inoxidable Material : Acero Corten Uso : Jard\u00edn al aire libre Color : Negro Tama\u00f1o : Tama\u00f1o personalizado Tipo : esfera de fuego Funci\u00f3n : Decoraci\u00f3n de jardines Regalo Paquete : Caja de madera Estructura : personalizado basado en el dibujo Logo : disponible espesor : 3mm-5mm<\/p>","protected":false},"featured_media":1800,"comment_status":"open","ping_status":"closed","template":"","meta":[],"product_brand":[],"product_cat":[49,25],"product_tag":[],"class_list":{"0":"post-1791","1":"product","2":"type-product","3":"status-publish","4":"has-post-thumbnail","6":"product_cat-custom-stainless-steel-sculpture-factory","7":"product_cat-decorative-sculpture","9":"first","10":"instock","11":"shipping-taxable","12":"product-type-simple"},"_links":{"self":[{"href":"https:\/\/sculptureshome.com\/es\/wp-json\/wp\/v2\/product\/1791","targetHints":{"allow":["GET"]}}],"collection":[{"href":"https:\/\/sculptureshome.com\/es\/wp-json\/wp\/v2\/product"}],"about":[{"href":"https:\/\/sculptureshome.com\/es\/wp-json\/wp\/v2\/types\/product"}],"replies":[{"embeddable":true,"href":"https:\/\/sculptureshome.com\/es\/wp-json\/wp\/v2\/comments?post=1791"}],"version-history":[{"count":0,"href":"https:\/\/sculptureshome.com\/es\/wp-json\/wp\/v2\/product\/1791\/revisions"}],"wp:featuredmedia":[{"embeddable":true,"href":"https:\/\/sculptureshome.com\/es\/wp-json\/wp\/v2\/media\/1800"}],"wp:attachment":[{"href":"https:\/\/sculptureshome.com\/es\/wp-json\/wp\/v2\/media?parent=1791"}],"wp:term":[{"taxonomy":"product_brand","embeddable":true,"href":"https:\/\/sculptureshome.com\/es\/wp-json\/wp\/v2\/product_brand?post=1791"},{"taxonomy":"product_cat","embeddable":true,"href":"https:\/\/sculptureshome.com\/es\/wp-json\/wp\/v2\/product_cat?post=1791"},{"taxonomy":"product_tag","embeddable":true,"href":"https:\/\/sculptureshome.com\/es\/wp-json\/wp\/v2\/product_tag?post=1791"}],"curies":[{"name":"wp","href":"https:\/\/api.w.org\/{rel}","templated":true}]}}