{"id":1751,"date":"2025-05-03T05:54:23","date_gmt":"2025-05-03T05:54:23","guid":{"rendered":"https:\/\/sculptureshome.com\/product\/custom-backlit-signs-stainless-steel-business-shop-3d-letter-signage-led-sign-board-logo-outdoor-store-front-led-channel-sign\/"},"modified":"2025-05-03T07:44:03","modified_gmt":"2025-05-03T07:44:03","slug":"rotulos-retroiluminados-personalizados-acero-inoxidable-negocio-tienda-letra-3d-rotulacion","status":"publish","type":"product","link":"https:\/\/sculptureshome.com\/es\/product\/custom-backlit-signs-stainless-steel-business-shop-3d-letter-signage\/","title":{"rendered":"Custom Backlit signos de acero inoxidable de negocios de la tienda 3D Carta de se\u00f1alizaci\u00f3n Led Sign Board Logo"},"content":{"rendered":"<ul>\n<li><strong>tipo : <\/strong> led R\u00f3tulos luminosos<\/li>\n<li><strong>n\u00famero de modelo : <\/strong> Cartel electr\u00f3nico met\u00e1lico<\/li>\n<li><strong>fuente de luz : <\/strong> Tiras LED, M\u00f3dulos LED, Bombillas LED, Ne\u00f3n LED, Tubo LED, L\u00e1mpara, Luz de ne\u00f3n<\/li>\n<li><strong>fuente de alimentaci\u00f3n : <\/strong> Enchufe, adaptador, CC, CA, transformador<\/li>\n<li><strong>tensi\u00f3n de entrada : <\/strong> 110<\/li>\n<li><strong>temperatura de trabajo : <\/strong> 20<\/li>\n<li><strong>vida \u00fatil : <\/strong> 50000<\/li>\n<li><strong>Garant\u00eda : <\/strong> 2 a\u00f1os<\/li>\n<li><strong>Forma de instalaci\u00f3n : <\/strong> Montaje en pared<\/li>\n<li><strong>uso : <\/strong> Exterior, decoraci\u00f3n, Publicidad, Direcci\u00f3n, interior, Aviso y recordatorio, Iluminaci\u00f3n<\/li>\n<li><strong>lugares de aplicaci\u00f3n : <\/strong> Edificios, Tiendas, Bodas, Escuelas, Bares, Estaciones de Autobuses, Hospitales, Centros Comerciales, Empresas, Parques, Hogares, Oficinas, Hoteles, Eventos y Fiestas<\/li>\n<li><strong>Funci\u00f3n de visualizaci\u00f3n : <\/strong> retroiluminado, Personalizado<\/li>\n<li><strong>Forma : <\/strong> 3D, Personalizado, Rect\u00e1ngulo, REDONDO, N\u00daMERO, cortado a medida, 26 Letras, cortado a letra, s\u00edmbolo, cortado a cuadrado, Forma personalizada<\/li>\n<li><strong>Nombre del producto : <\/strong> Letras de canal retroiluminadas<\/li>\n<li><strong>Material : <\/strong> Acero inoxidable<\/li>\n<li><strong>Instalaci\u00f3n : <\/strong> Tornillo Pernos Fijaci\u00f3n<\/li>\n<li><strong>Dise\u00f1o : <\/strong> Dise\u00f1os a medida<\/li>\n<li><strong>Tama\u00f1o : <\/strong> Tama\u00f1o personalizado<\/li>\n<li><strong>Certificado : <\/strong> CE RoHs<\/li>\n<li><strong>Color claro : <\/strong> Color personalizado<\/li>\n<li><strong>Embalaje : <\/strong> Paquete personalizado<\/li>\n<\/ul>","protected":false},"excerpt":{"rendered":"<p>type : led Illuminated signs model number : Metal electronic sign light source : LED Strips, LED Modules, LED Bulbs, LED Neon, LED Tube, Lamp, Neon Light power source : Plug, Adaptor, DC, AC, Transformer input voltage : 110 working temperature : 20 working lifetime : 50000 Warranty : 2 Years Installation Way : Wall-mounted [&hellip;]<\/p>\n","protected":false},"featured_media":1750,"comment_status":"open","ping_status":"closed","template":"","meta":[],"product_brand":[],"product_cat":[25,49],"product_tag":[],"class_list":{"0":"post-1751","1":"product","2":"type-product","3":"status-publish","4":"has-post-thumbnail","6":"product_cat-decorative-sculpture","7":"product_cat-custom-stainless-steel-sculpture-factory","9":"first","10":"instock","11":"shipping-taxable","12":"product-type-simple"},"_links":{"self":[{"href":"https:\/\/sculptureshome.com\/es\/wp-json\/wp\/v2\/product\/1751","targetHints":{"allow":["GET"]}}],"collection":[{"href":"https:\/\/sculptureshome.com\/es\/wp-json\/wp\/v2\/product"}],"about":[{"href":"https:\/\/sculptureshome.com\/es\/wp-json\/wp\/v2\/types\/product"}],"replies":[{"embeddable":true,"href":"https:\/\/sculptureshome.com\/es\/wp-json\/wp\/v2\/comments?post=1751"}],"version-history":[{"count":0,"href":"https:\/\/sculptureshome.com\/es\/wp-json\/wp\/v2\/product\/1751\/revisions"}],"wp:featuredmedia":[{"embeddable":true,"href":"https:\/\/sculptureshome.com\/es\/wp-json\/wp\/v2\/media\/1750"}],"wp:attachment":[{"href":"https:\/\/sculptureshome.com\/es\/wp-json\/wp\/v2\/media?parent=1751"}],"wp:term":[{"taxonomy":"product_brand","embeddable":true,"href":"https:\/\/sculptureshome.com\/es\/wp-json\/wp\/v2\/product_brand?post=1751"},{"taxonomy":"product_cat","embeddable":true,"href":"https:\/\/sculptureshome.com\/es\/wp-json\/wp\/v2\/product_cat?post=1751"},{"taxonomy":"product_tag","embeddable":true,"href":"https:\/\/sculptureshome.com\/es\/wp-json\/wp\/v2\/product_tag?post=1751"}],"curies":[{"name":"wp","href":"https:\/\/api.w.org\/{rel}","templated":true}]}}