{"id":1742,"date":"2025-05-03T05:53:22","date_gmt":"2025-05-03T05:53:22","guid":{"rendered":"https:\/\/sculptureshome.com\/product\/modern-art-crafts-stainless-steel-sculpture-ornaments-office-hotel-home-desktop-abstract-space-astronaut-decorations-gift-box\/"},"modified":"2025-05-03T07:51:19","modified_gmt":"2025-05-03T07:51:19","slug":"arte-moderno-artesania-escultura-de-acero-inoxidable","status":"publish","type":"product","link":"https:\/\/sculptureshome.com\/es\/product\/modern-art-crafts-stainless-steel-sculpture\/","title":{"rendered":"Escultura de acero inoxidable Modern Art Crafts"},"content":{"rendered":"<ul>\n<li><strong>Material : <\/strong> metal, acero inoxidable<\/li>\n<li><strong>Forma : <\/strong> Irregular<\/li>\n<li><strong>Revestimiento : <\/strong> Galvanoplastia<\/li>\n<li><strong>Impresi\u00f3n : <\/strong> otros<\/li>\n<li><strong>Tipo de producto : <\/strong> Figurita<\/li>\n<li><strong>T\u00e9cnica : <\/strong> Soldadura<\/li>\n<li><strong>Estilo : <\/strong> Cruz<\/li>\n<li><strong>Aplicaci\u00f3n : <\/strong> Arte y Coleccionismo, Decoraci\u00f3n y Regalo de Boda, Decoraci\u00f3n y Regalo de Fiestas, Souvenir, Decoraci\u00f3n del hogar, Regalo de Empresa<\/li>\n<li><strong>N\u00famero de modelo : <\/strong> Adornos de la serie Astronauta<\/li>\n<li><strong>Nombre del producto : <\/strong> Art\u00edculos para el hogar Decorativos<\/li>\n<li><strong>Tama\u00f1o : <\/strong> Se aceptan tallas especiales<\/li>\n<li><strong>Paquete : <\/strong> Embalaje en caja de regalo<\/li>\n<\/ul>","protected":false},"excerpt":{"rendered":"<p>Material : metal, Stainless Steel Shape : Irregular Plating : Electroplating Printing : other Product Type : Figurine Technique : Welding Style : Cross Application : Art &amp; Collectible, Wedding Decoration &amp; Gift, Holiday Decoration &amp; Gift, Souvenir, home decoration, Business Gift Model Number : Astronaut series decorations Product name : Home Assesories Decorative Size [&hellip;]<\/p>\n","protected":false},"featured_media":1741,"comment_status":"open","ping_status":"closed","template":"","meta":[],"product_brand":[],"product_cat":[25,49],"product_tag":[],"class_list":{"0":"post-1742","1":"product","2":"type-product","3":"status-publish","4":"has-post-thumbnail","6":"product_cat-decorative-sculpture","7":"product_cat-custom-stainless-steel-sculpture-factory","9":"first","10":"instock","11":"shipping-taxable","12":"product-type-simple"},"_links":{"self":[{"href":"https:\/\/sculptureshome.com\/es\/wp-json\/wp\/v2\/product\/1742","targetHints":{"allow":["GET"]}}],"collection":[{"href":"https:\/\/sculptureshome.com\/es\/wp-json\/wp\/v2\/product"}],"about":[{"href":"https:\/\/sculptureshome.com\/es\/wp-json\/wp\/v2\/types\/product"}],"replies":[{"embeddable":true,"href":"https:\/\/sculptureshome.com\/es\/wp-json\/wp\/v2\/comments?post=1742"}],"version-history":[{"count":0,"href":"https:\/\/sculptureshome.com\/es\/wp-json\/wp\/v2\/product\/1742\/revisions"}],"wp:featuredmedia":[{"embeddable":true,"href":"https:\/\/sculptureshome.com\/es\/wp-json\/wp\/v2\/media\/1741"}],"wp:attachment":[{"href":"https:\/\/sculptureshome.com\/es\/wp-json\/wp\/v2\/media?parent=1742"}],"wp:term":[{"taxonomy":"product_brand","embeddable":true,"href":"https:\/\/sculptureshome.com\/es\/wp-json\/wp\/v2\/product_brand?post=1742"},{"taxonomy":"product_cat","embeddable":true,"href":"https:\/\/sculptureshome.com\/es\/wp-json\/wp\/v2\/product_cat?post=1742"},{"taxonomy":"product_tag","embeddable":true,"href":"https:\/\/sculptureshome.com\/es\/wp-json\/wp\/v2\/product_tag?post=1742"}],"curies":[{"name":"wp","href":"https:\/\/api.w.org\/{rel}","templated":true}]}}