{"id":1738,"date":"2025-05-03T05:52:56","date_gmt":"2025-05-03T05:52:56","guid":{"rendered":"https:\/\/sculptureshome.com\/product\/abstract-metal-garden-park-outdoor-stainless-steel-water-drop-art-sculpture\/"},"modified":"2025-05-03T07:51:54","modified_gmt":"2025-05-03T07:51:54","slug":"abstracto-de-metal-jardin-parque-al-aire-libre-de-acero-inoxidable-gota-de-agua-escultura-de-arte","status":"publish","type":"product","link":"https:\/\/sculptureshome.com\/es\/product\/abstract-metal-garden-park-outdoor-stainless-steel-water-drop-art-sculpture\/","title":{"rendered":"Escultura abstracta met\u00e1lica de acero inoxidable de gota de agua para jardines y parques al aire libre"},"content":{"rendered":"<ul>\n<li><strong>Temperatura de colorCCT : <\/strong> 4100K Blanco Neutro<\/li>\n<li><strong>Eficacia luminosa de la l\u00e1mpara : <\/strong> 80<\/li>\n<li><strong>Renderizado de color IndexRa : <\/strong> 80<\/li>\n<li><strong>Soporte Dimmer : <\/strong> NO<\/li>\n<li><strong>Horas de vida : <\/strong> 20000<\/li>\n<li><strong>Lugar de origen : <\/strong> China<\/li>\n<li><strong>Temperatura de trabajo\u2103 : <\/strong> 25<\/li>\n<li><strong>Tensi\u00f3n de entradaV : <\/strong> AC 220V \u00b1 10%<\/li>\n<li><strong>Clasificaci\u00f3n IP : <\/strong> IP65<\/li>\n<li><strong>Material : <\/strong> Otros<\/li>\n<li><strong>Nombre de vacaciones : <\/strong> Otros<\/li>\n<li><strong>Color : <\/strong> Otros<\/li>\n<li><strong>Servicio de soluciones de iluminaci\u00f3n : <\/strong> Instalaci\u00f3n de proyectos, dise\u00f1o CAD autom\u00e1tico, dise\u00f1o de iluminaci\u00f3n y circuitos<\/li>\n<li><strong>Garant\u00edaA\u00f1o : <\/strong> 2 a\u00f1os<\/li>\n<\/ul>","protected":false},"excerpt":{"rendered":"<p>Color TemperatureCCT : 4100K Neutral White Lamp Luminous Efficiencylm\/w : 80 Color Rendering IndexRa : 80 Support Dimmer : NO Lifespan hours : 20000 Place of Origin : China Working Temperature\u2103 : 25 Input VoltageV : AC 220V \u00b1 10% IP Rating : IP65 Material : Other Holiday Name : Other Color : Other Lighting [&hellip;]<\/p>\n","protected":false},"featured_media":1737,"comment_status":"open","ping_status":"closed","template":"","meta":[],"product_brand":[],"product_cat":[25],"product_tag":[],"class_list":{"0":"post-1738","1":"product","2":"type-product","3":"status-publish","4":"has-post-thumbnail","6":"product_cat-decorative-sculpture","8":"first","9":"instock","10":"shipping-taxable","11":"product-type-simple"},"_links":{"self":[{"href":"https:\/\/sculptureshome.com\/es\/wp-json\/wp\/v2\/product\/1738","targetHints":{"allow":["GET"]}}],"collection":[{"href":"https:\/\/sculptureshome.com\/es\/wp-json\/wp\/v2\/product"}],"about":[{"href":"https:\/\/sculptureshome.com\/es\/wp-json\/wp\/v2\/types\/product"}],"replies":[{"embeddable":true,"href":"https:\/\/sculptureshome.com\/es\/wp-json\/wp\/v2\/comments?post=1738"}],"version-history":[{"count":0,"href":"https:\/\/sculptureshome.com\/es\/wp-json\/wp\/v2\/product\/1738\/revisions"}],"wp:featuredmedia":[{"embeddable":true,"href":"https:\/\/sculptureshome.com\/es\/wp-json\/wp\/v2\/media\/1737"}],"wp:attachment":[{"href":"https:\/\/sculptureshome.com\/es\/wp-json\/wp\/v2\/media?parent=1738"}],"wp:term":[{"taxonomy":"product_brand","embeddable":true,"href":"https:\/\/sculptureshome.com\/es\/wp-json\/wp\/v2\/product_brand?post=1738"},{"taxonomy":"product_cat","embeddable":true,"href":"https:\/\/sculptureshome.com\/es\/wp-json\/wp\/v2\/product_cat?post=1738"},{"taxonomy":"product_tag","embeddable":true,"href":"https:\/\/sculptureshome.com\/es\/wp-json\/wp\/v2\/product_tag?post=1738"}],"curies":[{"name":"wp","href":"https:\/\/api.w.org\/{rel}","templated":true}]}}