{"id":1723,"date":"2025-05-03T05:46:52","date_gmt":"2025-05-03T05:46:52","guid":{"rendered":"https:\/\/sculptureshome.com\/product\/custom-outdoor-large-metal-abstract-hollow-art-led-stainless-steel-statue-sculpture-for-sale\/"},"modified":"2025-05-03T07:52:45","modified_gmt":"2025-05-03T07:52:45","slug":"personalizado-al-aire-libre-grande-de-metal-abstracto-arte-hueco-llevo-estatua-de-acero-inoxidable","status":"publish","type":"product","link":"https:\/\/sculptureshome.com\/es\/product\/custom-outdoor-large-metal-abstract-hollow-art-led-stainless-steel-statue\/","title":{"rendered":"Personalizado al aire libre grande de metal abstracto hueco Arte LED estatua de acero inoxidable"},"content":{"rendered":"<ul>\n<li><strong>Material : <\/strong> Acero inoxidable, Acero inoxidable<\/li>\n<li><strong>Forma : <\/strong> Personalizado<\/li>\n<li><strong>Revestimiento : <\/strong> otros<\/li>\n<li><strong>Impresi\u00f3n : <\/strong> Otros<\/li>\n<li><strong>Tipo de producto : <\/strong> ESCULTURA<\/li>\n<li><strong>T\u00e9cnica : <\/strong> Fundici\u00f3n<\/li>\n<li><strong>Estilo : <\/strong> Otros, Americano<\/li>\n<li><strong>Aplicaci\u00f3n : <\/strong> Decoraci\u00f3n y regalo de vacaciones, ORACI\u00d3N, Souvenir, Publicidad, Arte y Coleccionismo, Decoraci\u00f3n y regalo de bodas, Regalo de empresa, Decoraci\u00f3n del hogar, Otros<\/li>\n<li><strong>Lugar de origen : <\/strong> Hebei<\/li>\n<li><strong>Marca : <\/strong> BF<\/li>\n<li><strong>N\u00famero de modelo : <\/strong> BF25021201<\/li>\n<li><strong>Tama\u00f1o : <\/strong> Tama\u00f1o personalizado<\/li>\n<li><strong>Color : <\/strong> Color personalizado<\/li>\n<li><strong>Uso : <\/strong> Decoraci\u00f3n exterior<\/li>\n<li><strong>Embalaje : <\/strong> Estantes de madera y espuma<\/li>\n<li><strong>MOQ : <\/strong> 1 pieza<\/li>\n<li><strong>Calidad : <\/strong> Alto nivel<\/li>\n<li><strong>Servicio : <\/strong> Respuesta en 24 horas<\/li>\n<li><strong>Logotipo : <\/strong> Logotipo personalizado<\/li>\n<\/ul>","protected":false},"excerpt":{"rendered":"<p>Material : Stainless Steel, Stainless Steel Shape : Customized Plating : other Printing : Other Product Type : SCULPTURE Technique : Casting Style : Other, American Application : Holiday Decoration &amp; Gift, PRAYER, Souvenir, Advertising, Art &amp; Collectible, Wedding Decoration &amp; Gift, Business Gift, home decoration, Other Place of Origin : Hebei Brand Name : [&hellip;]<\/p>\n","protected":false},"featured_media":1722,"comment_status":"open","ping_status":"closed","template":"","meta":[],"product_brand":[],"product_cat":[25],"product_tag":[],"class_list":{"0":"post-1723","1":"product","2":"type-product","3":"status-publish","4":"has-post-thumbnail","6":"product_cat-decorative-sculpture","8":"first","9":"instock","10":"shipping-taxable","11":"product-type-simple"},"_links":{"self":[{"href":"https:\/\/sculptureshome.com\/es\/wp-json\/wp\/v2\/product\/1723","targetHints":{"allow":["GET"]}}],"collection":[{"href":"https:\/\/sculptureshome.com\/es\/wp-json\/wp\/v2\/product"}],"about":[{"href":"https:\/\/sculptureshome.com\/es\/wp-json\/wp\/v2\/types\/product"}],"replies":[{"embeddable":true,"href":"https:\/\/sculptureshome.com\/es\/wp-json\/wp\/v2\/comments?post=1723"}],"version-history":[{"count":0,"href":"https:\/\/sculptureshome.com\/es\/wp-json\/wp\/v2\/product\/1723\/revisions"}],"wp:featuredmedia":[{"embeddable":true,"href":"https:\/\/sculptureshome.com\/es\/wp-json\/wp\/v2\/media\/1722"}],"wp:attachment":[{"href":"https:\/\/sculptureshome.com\/es\/wp-json\/wp\/v2\/media?parent=1723"}],"wp:term":[{"taxonomy":"product_brand","embeddable":true,"href":"https:\/\/sculptureshome.com\/es\/wp-json\/wp\/v2\/product_brand?post=1723"},{"taxonomy":"product_cat","embeddable":true,"href":"https:\/\/sculptureshome.com\/es\/wp-json\/wp\/v2\/product_cat?post=1723"},{"taxonomy":"product_tag","embeddable":true,"href":"https:\/\/sculptureshome.com\/es\/wp-json\/wp\/v2\/product_tag?post=1723"}],"curies":[{"name":"wp","href":"https:\/\/api.w.org\/{rel}","templated":true}]}}