{"id":167,"date":"2024-01-15T08:40:05","date_gmt":"2024-01-15T08:40:05","guid":{"rendered":"https:\/\/sculptureshome.com\/?post_type=product&#038;p=167"},"modified":"2024-02-10T06:27:53","modified_gmt":"2024-02-10T06:27:53","slug":"escultura-alas-de-bronce-dorado-estilo-exterior-personalizada","status":"publish","type":"product","link":"https:\/\/sculptureshome.com\/es\/product\/customized-outdoor-style-gold-bronze-wings-sculpture\/","title":{"rendered":"Escultura de alas de bronce dorado estilo exterior personalizada"},"content":{"rendered":"<div class=\"attribute-list\">\n<div class=\"attribute-item\">\n<div class=\"left\">Tipo: Bronce<\/div>\n<\/div>\n<div class=\"attribute-item\">\n<div class=\"right\"><\/div>\n<\/div>\n<\/div>\n<h4>Otros atributos<\/h4>\n<div class=\"attribute-list\">\n<div class=\"attribute-item\">\n<div class=\"left\">Lugar de origen: Guangdong, China<\/div>\n<\/div>\n<div class=\"attribute-item\">\n<div class=\"left\">Material: Metal<\/div>\n<div>Impresi\u00f3n: otros<\/div>\n<div class=\"right\">M\u00e9todo de impresi\u00f3n: otro<\/div>\n<div>T\u00e9cnica: Fundici\u00f3n<\/div>\n<\/div>\n<div class=\"attribute-item\">\n<div class=\"left\">Estilo: Natural<\/div>\n<div class=\"right\">Uso: Decoraci\u00f3n del hogar<\/div>\n<div>Tema: Arte<\/div>\n<\/div>\n<div class=\"attribute-item\">\n<div class=\"left\">Reportaje regional: Europa<\/div>\n<\/div>\n<div class=\"attribute-item\">\n<div class=\"left\">Material: Bronce<\/div>\n<div class=\"right\">Tama\u00f1o: H 120cm o personalizado<\/div>\n<div>Embalaje: Caja de madera con espuma blanda en el interior<\/div>\n<div>Dise\u00f1o: Por nuestro equipo (el dise\u00f1o del cliente es bienvenido)<\/div>\n<\/div>\n<div class=\"attribute-item\"><\/div>\n<div class=\"attribute-item\">\n<div class=\"right\" data-spm-anchor-id=\"a2700.details.0.i88.4f5b2b1eujXQ0g\"><\/div>\n<\/div>\n<\/div>","protected":false},"excerpt":{"rendered":"<p>Tipo: Bronce Otros atributos Lugar de Origen: Guangdong, China Material: Metal Impresi\u00f3n: otro M\u00e9todo de impresi\u00f3n: otro T\u00e9cnica: Fundici\u00f3n Estilo: Natural Uso: Decoraci\u00f3n del hogar Tema: Arte Caracter\u00edstica Regional: Europa Material: Bronce Tama\u00f1o: H 120cm o personalizado Embalaje: Caja de madera con espuma suave en el interior Dise\u00f1o: Por nuestro equipo (dise\u00f1o del cliente es bienvenida)<\/p>","protected":false},"featured_media":168,"comment_status":"open","ping_status":"closed","template":"","meta":[],"product_brand":[],"product_cat":[20,26],"product_tag":[],"class_list":{"0":"post-167","1":"product","2":"type-product","3":"status-publish","4":"has-post-thumbnail","6":"product_cat-art-sculpture","7":"product_cat-landscape-sculpture","9":"first","10":"instock","11":"shipping-taxable","12":"product-type-simple"},"_links":{"self":[{"href":"https:\/\/sculptureshome.com\/es\/wp-json\/wp\/v2\/product\/167","targetHints":{"allow":["GET"]}}],"collection":[{"href":"https:\/\/sculptureshome.com\/es\/wp-json\/wp\/v2\/product"}],"about":[{"href":"https:\/\/sculptureshome.com\/es\/wp-json\/wp\/v2\/types\/product"}],"replies":[{"embeddable":true,"href":"https:\/\/sculptureshome.com\/es\/wp-json\/wp\/v2\/comments?post=167"}],"version-history":[{"count":0,"href":"https:\/\/sculptureshome.com\/es\/wp-json\/wp\/v2\/product\/167\/revisions"}],"wp:featuredmedia":[{"embeddable":true,"href":"https:\/\/sculptureshome.com\/es\/wp-json\/wp\/v2\/media\/168"}],"wp:attachment":[{"href":"https:\/\/sculptureshome.com\/es\/wp-json\/wp\/v2\/media?parent=167"}],"wp:term":[{"taxonomy":"product_brand","embeddable":true,"href":"https:\/\/sculptureshome.com\/es\/wp-json\/wp\/v2\/product_brand?post=167"},{"taxonomy":"product_cat","embeddable":true,"href":"https:\/\/sculptureshome.com\/es\/wp-json\/wp\/v2\/product_cat?post=167"},{"taxonomy":"product_tag","embeddable":true,"href":"https:\/\/sculptureshome.com\/es\/wp-json\/wp\/v2\/product_tag?post=167"}],"curies":[{"name":"wp","href":"https:\/\/api.w.org\/{rel}","templated":true}]}}