{"id":149,"date":"2024-01-15T07:11:31","date_gmt":"2024-01-15T07:11:31","guid":{"rendered":"https:\/\/sculptureshome.com\/?post_type=product&#038;p=149"},"modified":"2024-01-15T07:12:33","modified_gmt":"2024-01-15T07:12:33","slug":"escultura-de-metal-artesanal-caballo-al-galope","status":"publish","type":"product","link":"https:\/\/sculptureshome.com\/es\/product\/metal-craft-sculpture-galloping-horse\/","title":{"rendered":"Escultura de metal artesanal caballo al galope"},"content":{"rendered":"<h4>Atributos espec\u00edficos del sector<\/h4>\n<div class=\"attribute-list\">\n<div class=\"attribute-item\">\n<div class=\"left\">Tipo: Lat\u00f3n<\/div>\n<\/div>\n<div class=\"attribute-item\">\n<div class=\"left\">Tipo de producto: modelo<\/div>\n<\/div>\n<\/div>\n<h4>Otros atributos<\/h4>\n<div class=\"attribute-list\">\n<div class=\"attribute-item\">\n<div class=\"left\">Lugar de origen: Guangdong, China<\/div>\n<\/div>\n<div class=\"attribute-item\">\n<div class=\"left\">Material: Metal<\/div>\n<div class=\"right\">Impresi\u00f3n:Impresi\u00f3n en relieve<\/div>\n<div>M\u00e9todo de impresi\u00f3n: 1 color<\/div>\n<\/div>\n<div class=\"attribute-item\">\n<div class=\"left\">T\u00e9cnica: Pintado<\/div>\n<div class=\"left\">Estilo: Feng Shui<\/div>\n<\/div>\n<div class=\"attribute-item\">\n<div class=\"right\">Uso Arte y Coleccionismo<\/div>\n<div>Tema: Animales<\/div>\n<\/div>\n<div class=\"attribute-item\">\n<div class=\"left\">Marca: sculptureshome<\/div>\n<\/div>\n<div class=\"attribute-item\">\n<div class=\"left\">Nombre del producto: Creative Ornament Metal Art Craft<\/div>\n<div class=\"right\">Color: Color personalizado<br \/>\nLogotipo Logotipo del cliente<\/div>\n<\/div>\n<div class=\"attribute-item\">\n<div class=\"left\">Material: Lat\u00f3n<\/div>\n<div class=\"right\">Uso: Decoraci\u00f3n del hogar\n<\/div>\n<\/div>\n<div class=\"attribute-item\">\n<div class=\"right\"><\/div>\n<\/div>\n<\/div>","protected":false},"excerpt":{"rendered":"<p>Atributos espec\u00edficos de la industria Tipo: Lat\u00f3n Tipo de producto: modelo Otros atributos Lugar de origen: Guangdong, China Material: Metal Impresi\u00f3n:Impresi\u00f3n en relieve M\u00e9todo de impresi\u00f3n: 1 color T\u00e9cnica: Pintado Estilo: Feng Shui Uso: Arte y coleccionable Tema: Animal Marca: sculptureshome Nombre del producto: Creative Ornament Metal Art Craft Color: Custom Color Logo: Logotipo del cliente Material: Lat\u00f3n Uso: Decoraci\u00f3n del hogar<\/p>","protected":false},"featured_media":151,"comment_status":"open","ping_status":"closed","template":"","meta":[],"product_brand":[],"product_cat":[22,20],"product_tag":[],"class_list":{"0":"post-149","1":"product","2":"type-product","3":"status-publish","4":"has-post-thumbnail","6":"product_cat-animal-sculpture","7":"product_cat-art-sculpture","9":"first","10":"instock","11":"shipping-taxable","12":"product-type-simple"},"_links":{"self":[{"href":"https:\/\/sculptureshome.com\/es\/wp-json\/wp\/v2\/product\/149","targetHints":{"allow":["GET"]}}],"collection":[{"href":"https:\/\/sculptureshome.com\/es\/wp-json\/wp\/v2\/product"}],"about":[{"href":"https:\/\/sculptureshome.com\/es\/wp-json\/wp\/v2\/types\/product"}],"replies":[{"embeddable":true,"href":"https:\/\/sculptureshome.com\/es\/wp-json\/wp\/v2\/comments?post=149"}],"version-history":[{"count":0,"href":"https:\/\/sculptureshome.com\/es\/wp-json\/wp\/v2\/product\/149\/revisions"}],"wp:featuredmedia":[{"embeddable":true,"href":"https:\/\/sculptureshome.com\/es\/wp-json\/wp\/v2\/media\/151"}],"wp:attachment":[{"href":"https:\/\/sculptureshome.com\/es\/wp-json\/wp\/v2\/media?parent=149"}],"wp:term":[{"taxonomy":"product_brand","embeddable":true,"href":"https:\/\/sculptureshome.com\/es\/wp-json\/wp\/v2\/product_brand?post=149"},{"taxonomy":"product_cat","embeddable":true,"href":"https:\/\/sculptureshome.com\/es\/wp-json\/wp\/v2\/product_cat?post=149"},{"taxonomy":"product_tag","embeddable":true,"href":"https:\/\/sculptureshome.com\/es\/wp-json\/wp\/v2\/product_tag?post=149"}],"curies":[{"name":"wp","href":"https:\/\/api.w.org\/{rel}","templated":true}]}}