{"id":146,"date":"2024-01-15T07:04:17","date_gmt":"2024-01-15T07:04:17","guid":{"rendered":"https:\/\/sculptureshome.com\/?post_type=product&#038;p=146"},"modified":"2024-01-15T07:04:17","modified_gmt":"2024-01-15T07:04:17","slug":"amantes-del-arte-figura-escultura-negro-minimalista-resina-artesania-decoracion-del-hogar","status":"publish","type":"product","link":"https:\/\/sculptureshome.com\/es\/product\/art-lovers-figure-sculpture-black-minimalist-resin-craft-home-decor\/","title":{"rendered":"Arte Amantes Figura Escultura Negro Minimalista Resina Artesan\u00eda Decoraci\u00f3n del Hogar"},"content":{"rendered":"<h4>Atributos espec\u00edficos del sector<\/h4>\n<div class=\"attribute-list\">\n<div class=\"attribute-item\">\n<div class=\"left\">Estilo de dise\u00f1o<\/div>\n<div class=\"right\">Moderno<\/div>\n<\/div>\n<\/div>\n<h4>Otros atributos<\/h4>\n<div class=\"attribute-list\">\n<div class=\"attribute-item\">\n<div class=\"left\">Lugar de origen: Guangdong, China<\/div>\n<\/div>\n<div class=\"attribute-item\">\n<div class=\"left\">Tipo: Otros art\u00edculos de decoraci\u00f3n<\/div>\n<\/div>\n<div class=\"attribute-item\">\n<div class=\"left\">Marca\uff1asculptureshome<\/div>\n<div class=\"right\">Material: Poliresina, Resina<\/div>\n<\/div>\n<div class=\"attribute-item\">\n<div class=\"left\">Tipo:Decoraci\u00f3n del hogar, Decoraci\u00f3n escultura<\/div>\n<div>Aplicaci\u00f3n: Hogar,Hotel,Oficina<\/div>\n<\/div>\n<div class=\"attribute-item\">\n<div class=\"right\">\n&nbsp;<\/p>\n<\/div>\n<\/div>\n<div class=\"attribute-item\">\n<div class=\"left\"><\/div>\n<div class=\"right\"><\/div>\n<\/div>\n<\/div>","protected":false},"excerpt":{"rendered":"<p>Atributos espec\u00edficos de la industria Estilo de dise\u00f1o Moderno Otros atributos Lugar de origen: Guangdong, China Tipo: Otros Decoraci\u00f3n del hogar Marca\uff1asculptureshome Material: Polyresin, Resina Tipo: Decoraci\u00f3n del hogar, escultura Decoraci\u00f3n Aplicaci\u00f3n: Hogar,Hotel,Oficina &nbsp;<\/p>","protected":false},"featured_media":147,"comment_status":"open","ping_status":"closed","template":"","meta":[],"product_brand":[],"product_cat":[20],"product_tag":[],"class_list":{"0":"post-146","1":"product","2":"type-product","3":"status-publish","4":"has-post-thumbnail","6":"product_cat-art-sculpture","8":"first","9":"instock","10":"shipping-taxable","11":"product-type-simple"},"_links":{"self":[{"href":"https:\/\/sculptureshome.com\/es\/wp-json\/wp\/v2\/product\/146","targetHints":{"allow":["GET"]}}],"collection":[{"href":"https:\/\/sculptureshome.com\/es\/wp-json\/wp\/v2\/product"}],"about":[{"href":"https:\/\/sculptureshome.com\/es\/wp-json\/wp\/v2\/types\/product"}],"replies":[{"embeddable":true,"href":"https:\/\/sculptureshome.com\/es\/wp-json\/wp\/v2\/comments?post=146"}],"version-history":[{"count":0,"href":"https:\/\/sculptureshome.com\/es\/wp-json\/wp\/v2\/product\/146\/revisions"}],"wp:featuredmedia":[{"embeddable":true,"href":"https:\/\/sculptureshome.com\/es\/wp-json\/wp\/v2\/media\/147"}],"wp:attachment":[{"href":"https:\/\/sculptureshome.com\/es\/wp-json\/wp\/v2\/media?parent=146"}],"wp:term":[{"taxonomy":"product_brand","embeddable":true,"href":"https:\/\/sculptureshome.com\/es\/wp-json\/wp\/v2\/product_brand?post=146"},{"taxonomy":"product_cat","embeddable":true,"href":"https:\/\/sculptureshome.com\/es\/wp-json\/wp\/v2\/product_cat?post=146"},{"taxonomy":"product_tag","embeddable":true,"href":"https:\/\/sculptureshome.com\/es\/wp-json\/wp\/v2\/product_tag?post=146"}],"curies":[{"name":"wp","href":"https:\/\/api.w.org\/{rel}","templated":true}]}}