{"id":1395,"date":"2024-05-10T01:06:50","date_gmt":"2024-05-10T01:06:50","guid":{"rendered":"https:\/\/sculptureshome.com\/product\/modern-interior-living-room-wall-decoration-stone-relief-angel-statues-hand-carved-marble-angel-wall-sculpture\/"},"modified":"2024-05-10T01:36:31","modified_gmt":"2024-05-10T01:36:31","slug":"moderno-interior-sala-de-estar-decoracion-de-la-pared-de-piedra-en-relieve-estatuas-de-angeles-de-marmol-tallado-a-mano-escultura-de-pared-angel","status":"publish","type":"product","link":"https:\/\/sculptureshome.com\/es\/product\/modern-interior-living-room-wall-decoration-stone-relief-angel-statues-hand-carved-marble-angel-wall-sculpture\/","title":{"rendered":"Interior Moderno Sal\u00f3n Decoraci\u00f3n Pared Piedra Relieve"},"content":{"rendered":"<ul>\n<li><strong>Garant\u00eda : <\/strong> M\u00e1s de 5 a\u00f1os<\/li>\n<li><strong>Servicio postventa : <\/strong> Asistencia t\u00e9cnica en l\u00ednea, piezas de repuesto gratuitas<\/li>\n<li><strong>Capacidad de soluci\u00f3n de proyectos : <\/strong> dise\u00f1o gr\u00e1fico, dise\u00f1o de modelos 3D, soluci\u00f3n total para proyectos<\/li>\n<li><strong>Aplicaci\u00f3n : <\/strong> Hotel, Casa Resturant Hotel Bar Villa<\/li>\n<li><strong>Estilo de dise\u00f1o : <\/strong> Moderno<\/li>\n<li><strong>Nombre de marca : Sculptureshome<\/strong><\/li>\n<li><strong>N\u00famero de modelo : <\/strong> CN20-81204<\/li>\n<li><strong>Nombre del producto : <\/strong> escultura mural en relieve de m\u00e1rmol<\/li>\n<li><strong>Material : <\/strong> Granito\/M\u00e1rmol\/Piedra<\/li>\n<li><strong>Color : <\/strong> blanco\/beige\/negro<\/li>\n<li><strong>Uso : <\/strong> Exterior\/familiar\/jard\u00edn\/parque...<\/li>\n<li><strong>Tama\u00f1o : <\/strong> Tama\u00f1o personalizado<\/li>\n<li><strong>Estilo : <\/strong> Europea<\/li>\n<li><strong>Embalaje : <\/strong> Caja de madera resistente<\/li>\n<li><strong>t\u00e9cnica : <\/strong> tallado a mano<\/li>\n<li><strong>MOQ : <\/strong> 1 pieza<\/li>\n<\/ul>","protected":false},"excerpt":{"rendered":"<p>Warranty : More than 5 years After-sale Service : Online technical support, Free spare parts Project Solution Capability : graphic design, 3D model design, total solution for projects Application : Hotel, Home Resturant Hotel Bar Villa Design Style : Modern Brand Name : Sculptureshome Model Number : CN20-81204 Product Name : marble wall relief sculpture [&hellip;]<\/p>\n","protected":false},"featured_media":1394,"comment_status":"open","ping_status":"closed","template":"","meta":[],"product_brand":[],"product_cat":[43],"product_tag":[44,45,47],"class_list":{"0":"post-1395","1":"product","2":"type-product","3":"status-publish","4":"has-post-thumbnail","6":"product_cat-custom-stone-sculpture-maker","7":"product_tag-stone","8":"product_tag-stone-carvings-and-sculptures","9":"product_tag-stone-reliefs","11":"first","12":"instock","13":"shipping-taxable","14":"product-type-simple"},"_links":{"self":[{"href":"https:\/\/sculptureshome.com\/es\/wp-json\/wp\/v2\/product\/1395","targetHints":{"allow":["GET"]}}],"collection":[{"href":"https:\/\/sculptureshome.com\/es\/wp-json\/wp\/v2\/product"}],"about":[{"href":"https:\/\/sculptureshome.com\/es\/wp-json\/wp\/v2\/types\/product"}],"replies":[{"embeddable":true,"href":"https:\/\/sculptureshome.com\/es\/wp-json\/wp\/v2\/comments?post=1395"}],"version-history":[{"count":0,"href":"https:\/\/sculptureshome.com\/es\/wp-json\/wp\/v2\/product\/1395\/revisions"}],"wp:featuredmedia":[{"embeddable":true,"href":"https:\/\/sculptureshome.com\/es\/wp-json\/wp\/v2\/media\/1394"}],"wp:attachment":[{"href":"https:\/\/sculptureshome.com\/es\/wp-json\/wp\/v2\/media?parent=1395"}],"wp:term":[{"taxonomy":"product_brand","embeddable":true,"href":"https:\/\/sculptureshome.com\/es\/wp-json\/wp\/v2\/product_brand?post=1395"},{"taxonomy":"product_cat","embeddable":true,"href":"https:\/\/sculptureshome.com\/es\/wp-json\/wp\/v2\/product_cat?post=1395"},{"taxonomy":"product_tag","embeddable":true,"href":"https:\/\/sculptureshome.com\/es\/wp-json\/wp\/v2\/product_tag?post=1395"}],"curies":[{"name":"wp","href":"https:\/\/api.w.org\/{rel}","templated":true}]}}